{"id":17626,"date":"2022-06-21T15:56:55","date_gmt":"2022-06-21T15:56:55","guid":{"rendered":"https:\/\/gobiernoygestionpublica.edu.pe\/iggp1\/?page_id=17626"},"modified":"2026-03-12T15:52:03","modified_gmt":"2026-03-12T15:52:03","slug":"plan-ggp","status":"publish","type":"page","link":"https:\/\/gobiernoygestionpublica.edu.pe\/iggp1\/plan-ggp\/","title":{"rendered":"Plan de estudio"},"content":{"rendered":"\t\t<div data-elementor-type=\"wp-page\" data-elementor-id=\"17626\" class=\"elementor elementor-17626\">\n\t\t\t\t\t\t<div class=\"elementor-inner\">\n\t\t\t\t<div class=\"elementor-section-wrap\">\n\t\t\t\t\t\t\t\t\t<section class=\"elementor-section elementor-top-section elementor-element elementor-element-5955f1a slider elementor-section-boxed elementor-section-height-default elementor-section-height-default\" data-id=\"5955f1a\" data-element_type=\"section\" data-settings=\"{&quot;background_background&quot;:&quot;classic&quot;}\">\n\t\t\t\t\t\t<div class=\"elementor-container elementor-column-gap-no\">\n\t\t\t\t\t\t\t<div class=\"elementor-row\">\n\t\t\t\t\t<div class=\"elementor-column elementor-col-100 elementor-top-column elementor-element elementor-element-8063f7e\" data-id=\"8063f7e\" data-element_type=\"column\">\n\t\t\t<div class=\"elementor-column-wrap elementor-element-populated\">\n\t\t\t\t\t\t\t<div class=\"elementor-widget-wrap\">\n\t\t\t\t\t\t<div class=\"elementor-element elementor-element-4012453 elementor-cta--skin-cover elementor-widget elementor-widget-call-to-action\" data-id=\"4012453\" data-element_type=\"widget\" data-widget_type=\"call-to-action.default\">\n\t\t\t\t<div class=\"elementor-widget-container\">\n\t\t\t\t\t<div class=\"elementor-cta\">\n\t\t\t\t\t<div class=\"elementor-cta__bg-wrapper\">\n\t\t\t\t<div class=\"elementor-cta__bg elementor-bg\" style=\"background-image: url(https:\/\/gobiernoygestionpublica.edu.pe\/iggp1\/wp-content\/uploads\/2022\/06\/fondo_o_1.jpg);\"><\/div>\n\t\t\t\t<div class=\"elementor-cta__bg-overlay\"><\/div>\n\t\t\t<\/div>\n\t\t\t\t\t\t\t\t<\/div>\n\t\t\t\t<\/div>\n\t\t\t\t<\/div>\n\t\t\t\t<section class=\"elementor-section elementor-inner-section elementor-element elementor-element-5184992 elementor-reverse-mobile elementor-section-height-min-height elementor-section-boxed elementor-section-height-default\" data-id=\"5184992\" data-element_type=\"section\">\n\t\t\t\t\t\t<div class=\"elementor-container elementor-column-gap-default\">\n\t\t\t\t\t\t\t<div class=\"elementor-row\">\n\t\t\t\t\t<div class=\"elementor-column elementor-col-50 elementor-inner-column elementor-element elementor-element-3a69d05\" data-id=\"3a69d05\" data-element_type=\"column\">\n\t\t\t<div class=\"elementor-column-wrap\">\n\t\t\t\t\t\t\t<div class=\"elementor-widget-wrap\">\n\t\t\t\t\t\t\t\t<\/div>\n\t\t\t\t\t<\/div>\n\t\t<\/div>\n\t\t\t\t<div class=\"elementor-column elementor-col-50 elementor-inner-column elementor-element elementor-element-0a9aaac\" data-id=\"0a9aaac\" data-element_type=\"column\" data-settings=\"{&quot;background_background&quot;:&quot;classic&quot;}\">\n\t\t\t<div class=\"elementor-column-wrap elementor-element-populated\">\n\t\t\t\t\t\t\t<div class=\"elementor-widget-wrap\">\n\t\t\t\t\t\t<div class=\"elementor-element elementor-element-40d5dee elementor-widget elementor-widget-heading\" data-id=\"40d5dee\" data-element_type=\"widget\" data-widget_type=\"heading.default\">\n\t\t\t\t<div class=\"elementor-widget-container\">\n\t\t\t<h2 class=\"elementor-heading-title elementor-size-default\">Conoce m\u00e1s sobre la maestr\u00eda<\/h2>\t\t<\/div>\n\t\t\t\t<\/div>\n\t\t\t\t\t\t<\/div>\n\t\t\t\t\t<\/div>\n\t\t<\/div>\n\t\t\t\t\t\t\t\t<\/div>\n\t\t\t\t\t<\/div>\n\t\t<\/section>\n\t\t\t\t\t\t<\/div>\n\t\t\t\t\t<\/div>\n\t\t<\/div>\n\t\t\t\t\t\t\t\t<\/div>\n\t\t\t\t\t<\/div>\n\t\t<\/section>\n\t\t\t\t<section class=\"elementor-section elementor-top-section elementor-element elementor-element-24d589ea elementor-section-boxed elementor-section-height-default elementor-section-height-default\" data-id=\"24d589ea\" data-element_type=\"section\">\n\t\t\t\t\t\t<div class=\"elementor-container elementor-column-gap-no\">\n\t\t\t\t\t\t\t<div class=\"elementor-row\">\n\t\t\t\t\t<div class=\"elementor-column elementor-col-100 elementor-top-column elementor-element elementor-element-4d1aaf6\" data-id=\"4d1aaf6\" data-element_type=\"column\">\n\t\t\t<div class=\"elementor-column-wrap elementor-element-populated\">\n\t\t\t\t\t\t\t<div class=\"elementor-widget-wrap\">\n\t\t\t\t\t\t<div class=\"elementor-element elementor-element-11f93c56 elementor-widget elementor-widget-template\" data-id=\"11f93c56\" data-element_type=\"widget\" data-widget_type=\"template.default\">\n\t\t\t\t<div class=\"elementor-widget-container\">\n\t\t\t\t\t<div class=\"elementor-template\">\n\t\t\t\t\t<div data-elementor-type=\"section\" data-elementor-id=\"643\" class=\"elementor elementor-643\">\n\t\t\t\t\t<div class=\"elementor-section-wrap\">\n\t\t\t\t\t\t\t\t<section class=\"elementor-section elementor-top-section elementor-element elementor-element-5e73f9ce elementor-section-boxed elementor-section-height-default elementor-section-height-default\" data-id=\"5e73f9ce\" data-element_type=\"section\">\n\t\t\t\t\t\t<div class=\"elementor-container elementor-column-gap-default\">\n\t\t\t\t\t\t\t<div class=\"elementor-row\">\n\t\t\t\t\t<div class=\"elementor-column elementor-col-100 elementor-top-column elementor-element elementor-element-1438bcca\" data-id=\"1438bcca\" data-element_type=\"column\">\n\t\t\t<div class=\"elementor-column-wrap elementor-element-populated\">\n\t\t\t\t\t\t\t<div class=\"elementor-widget-wrap\">\n\t\t\t\t\t\t<div class=\"elementor-element elementor-element-a651400 elementor-widget elementor-widget-breadcrumbs\" data-id=\"a651400\" data-element_type=\"widget\" data-widget_type=\"breadcrumbs.default\">\n\t\t\t\t<div class=\"elementor-widget-container\">\n\t\t\t<p id=\"breadcrumbs\"><span><span><a href=\"https:\/\/gobiernoygestionpublica.edu.pe\/iggp1\/\">Inicio<\/a><\/span><\/p>\t\t<\/div>\n\t\t\t\t<\/div>\n\t\t\t\t\t\t<\/div>\n\t\t\t\t\t<\/div>\n\t\t<\/div>\n\t\t\t\t\t\t\t\t<\/div>\n\t\t\t\t\t<\/div>\n\t\t<\/section>\n\t\t\t\t\t\t\t<\/div>\n\t\t\t\t<\/div>\n\t\t\t\t<\/div>\n\t\t\t\t<\/div>\n\t\t\t\t<\/div>\n\t\t\t\t\t\t<\/div>\n\t\t\t\t\t<\/div>\n\t\t<\/div>\n\t\t\t\t\t\t\t\t<\/div>\n\t\t\t\t\t<\/div>\n\t\t<\/section>\n\t\t\t\t<section class=\"elementor-section elementor-top-section elementor-element elementor-element-2f4a864a elementor-hidden-desktop elementor-hidden-tablet elementor-section-boxed elementor-section-height-default elementor-section-height-default\" data-id=\"2f4a864a\" data-element_type=\"section\">\n\t\t\t\t\t\t<div class=\"elementor-container elementor-column-gap-default\">\n\t\t\t\t\t\t\t<div class=\"elementor-row\">\n\t\t\t\t\t<div class=\"elementor-column elementor-col-100 elementor-top-column elementor-element elementor-element-71a99689\" data-id=\"71a99689\" data-element_type=\"column\">\n\t\t\t<div class=\"elementor-column-wrap elementor-element-populated\">\n\t\t\t\t\t\t\t<div class=\"elementor-widget-wrap\">\n\t\t\t\t\t\t\t\t<\/div>\n\t\t\t\t\t<\/div>\n\t\t<\/div>\n\t\t\t\t\t\t\t\t<\/div>\n\t\t\t\t\t<\/div>\n\t\t<\/section>\n\t\t\t\t<section class=\"elementor-section elementor-top-section elementor-element elementor-element-68e3bdf7 elementor-section-boxed elementor-section-height-default elementor-section-height-default\" data-id=\"68e3bdf7\" data-element_type=\"section\">\n\t\t\t\t\t\t<div class=\"elementor-container elementor-column-gap-default\">\n\t\t\t\t\t\t\t<div class=\"elementor-row\">\n\t\t\t\t\t<div class=\"elementor-column elementor-col-100 elementor-top-column elementor-element elementor-element-7fb9bb56\" data-id=\"7fb9bb56\" data-element_type=\"column\">\n\t\t\t<div class=\"elementor-column-wrap elementor-element-populated\">\n\t\t\t\t\t\t\t<div class=\"elementor-widget-wrap\">\n\t\t\t\t\t\t<div class=\"elementor-element elementor-element-1cdfcd25 elementor-widget elementor-widget-heading\" data-id=\"1cdfcd25\" data-element_type=\"widget\" data-widget_type=\"heading.default\">\n\t\t\t\t<div class=\"elementor-widget-container\">\n\t\t\t<div class=\"elementor-heading-title elementor-size-default\">Maestr\u00eda en Gobierno y Gesti\u00f3n P\u00fablica - Modalidad a Distancia<\/div>\t\t<\/div>\n\t\t\t\t<\/div>\n\t\t\t\t\t\t<\/div>\n\t\t\t\t\t<\/div>\n\t\t<\/div>\n\t\t\t\t\t\t\t\t<\/div>\n\t\t\t\t\t<\/div>\n\t\t<\/section>\n\t\t\t\t<section class=\"elementor-section elementor-top-section elementor-element elementor-element-47acc66 elementor-section-boxed elementor-section-height-default elementor-section-height-default\" data-id=\"47acc66\" data-element_type=\"section\">\n\t\t\t\t\t\t<div class=\"elementor-container elementor-column-gap-default\">\n\t\t\t\t\t\t\t<div class=\"elementor-row\">\n\t\t\t\t\t<div class=\"elementor-column elementor-col-100 elementor-top-column elementor-element elementor-element-0ce9a91\" data-id=\"0ce9a91\" data-element_type=\"column\">\n\t\t\t<div class=\"elementor-column-wrap elementor-element-populated\">\n\t\t\t\t\t\t\t<div class=\"elementor-widget-wrap\">\n\t\t\t\t\t\t<section class=\"elementor-section elementor-inner-section elementor-element elementor-element-584aec2 elementor-section-boxed elementor-section-height-default elementor-section-height-default\" data-id=\"584aec2\" data-element_type=\"section\">\n\t\t\t\t\t\t<div class=\"elementor-container elementor-column-gap-default\">\n\t\t\t\t\t\t\t<div class=\"elementor-row\">\n\t\t\t\t\t<div class=\"elementor-column elementor-col-50 elementor-inner-column elementor-element elementor-element-3b27a8d\" data-id=\"3b27a8d\" data-element_type=\"column\">\n\t\t\t<div class=\"elementor-column-wrap elementor-element-populated\">\n\t\t\t\t\t\t\t<div class=\"elementor-widget-wrap\">\n\t\t\t\t\t\t<div class=\"elementor-element elementor-element-a7312c3 elementor-nav-menu--dropdown-tablet elementor-nav-menu__text-align-aside elementor-nav-menu--toggle elementor-nav-menu--burger elementor-widget elementor-widget-nav-menu\" data-id=\"a7312c3\" data-element_type=\"widget\" data-settings=\"{&quot;layout&quot;:&quot;vertical&quot;,&quot;submenu_icon&quot;:{&quot;value&quot;:&quot;&lt;i class=\\&quot;\\&quot;&gt;&lt;\\\/i&gt;&quot;,&quot;library&quot;:&quot;&quot;},&quot;toggle&quot;:&quot;burger&quot;}\" data-widget_type=\"nav-menu.default\">\n\t\t\t\t<div class=\"elementor-widget-container\">\n\t\t\t\t\t\t<nav migration_allowed=\"1\" migrated=\"0\" role=\"navigation\" class=\"elementor-nav-menu--main elementor-nav-menu__container elementor-nav-menu--layout-vertical e--pointer-background e--animation-fade\">\n\t\t\t\t<ul id=\"menu-1-a7312c3\" class=\"elementor-nav-menu sm-vertical\"><li class=\"menu-item menu-item-type-post_type menu-item-object-page menu-item-17412\"><a href=\"https:\/\/gobiernoygestionpublica.edu.pe\/iggp1\/maestria-ggp\/\" class=\"elementor-item\">Maestr\u00eda en Gobierno y Gesti\u00f3n P\u00fablica<\/a><\/li>\n<li class=\"menu-item menu-item-type-post_type menu-item-object-page menu-item-19102\"><a href=\"https:\/\/gobiernoygestionpublica.edu.pe\/iggp1\/objetivos-ggp\/\" class=\"elementor-item\">Objetivos<\/a><\/li>\n<li class=\"menu-item menu-item-type-post_type menu-item-object-page menu-item-20769\"><a href=\"https:\/\/gobiernoygestionpublica.edu.pe\/iggp1\/perfil-ingresante-mggp\/\" class=\"elementor-item\">Perfil del ingresante<\/a><\/li>\n<li class=\"menu-item menu-item-type-post_type menu-item-object-page menu-item-20768\"><a href=\"https:\/\/gobiernoygestionpublica.edu.pe\/iggp1\/perfil-del-graduado\/\" class=\"elementor-item\">Perfil del graduado<\/a><\/li>\n<li class=\"menu-item menu-item-type-post_type menu-item-object-page menu-item-17641\"><a href=\"https:\/\/gobiernoygestionpublica.edu.pe\/iggp1\/plan-ggp\/\" class=\"elementor-item\">Plan de estudio<\/a><\/li>\n<li class=\"menu-item menu-item-type-post_type menu-item-object-page menu-item-19785\"><a href=\"https:\/\/gobiernoygestionpublica.edu.pe\/iggp1\/obtencion-del-grado-mggp\/\" class=\"elementor-item\">Obtenci\u00f3n del grado<\/a><\/li>\n<li class=\"menu-item menu-item-type-post_type menu-item-object-page menu-item-21427\"><a href=\"https:\/\/gobiernoygestionpublica.edu.pe\/iggp1\/calendario-admision\/\" class=\"elementor-item\">Calendario de Admisi\u00f3n<\/a><\/li>\n<li class=\"menu-item menu-item-type-post_type menu-item-object-page menu-item-21420\"><a href=\"https:\/\/gobiernoygestionpublica.edu.pe\/iggp1\/calendario-de-actividades\/\" class=\"elementor-item\">Calendario de Actividades<\/a><\/li>\n<li class=\"menu-item menu-item-type-post_type menu-item-object-page menu-item-17657\"><a href=\"https:\/\/gobiernoygestionpublica.edu.pe\/iggp1\/horarios-ggp\/\" class=\"elementor-item\">Horarios de clase<\/a><\/li>\n<li class=\"menu-item menu-item-type-custom menu-item-object-custom menu-item-21749\"><a href=\"https:\/\/gobiernoygestionpublica.edu.pe\/iggp1\/inversion\/\" class=\"elementor-item\">Inversi\u00f3n<\/a><\/li>\n<li class=\"menu-item menu-item-type-custom menu-item-object-custom menu-item-21309\"><a href=\"https:\/\/gobiernoygestionpublica.edu.pe\/admision\/\" class=\"elementor-item\">Admisi\u00f3n<\/a><\/li>\n<\/ul>\t\t\t<\/nav>\n\t\t\t\t\t<div class=\"elementor-menu-toggle\" role=\"button\" tabindex=\"0\" aria-label=\"Menu Toggle\" aria-expanded=\"false\">\n\t\t\t<i aria-hidden=\"true\" role=\"presentation\" class=\"elementor-menu-toggle__icon--open eicon-menu-bar\"><\/i><i aria-hidden=\"true\" role=\"presentation\" class=\"elementor-menu-toggle__icon--close eicon-close\"><\/i>\t\t\t<span class=\"elementor-screen-only\">Menu<\/span>\n\t\t<\/div>\n\t\t\t<nav class=\"elementor-nav-menu--dropdown elementor-nav-menu__container\" role=\"navigation\" aria-hidden=\"true\">\n\t\t\t\t<ul id=\"menu-2-a7312c3\" class=\"elementor-nav-menu sm-vertical\"><li class=\"menu-item menu-item-type-post_type menu-item-object-page menu-item-17412\"><a href=\"https:\/\/gobiernoygestionpublica.edu.pe\/iggp1\/maestria-ggp\/\" class=\"elementor-item\" tabindex=\"-1\">Maestr\u00eda en Gobierno y Gesti\u00f3n P\u00fablica<\/a><\/li>\n<li class=\"menu-item menu-item-type-post_type menu-item-object-page menu-item-19102\"><a href=\"https:\/\/gobiernoygestionpublica.edu.pe\/iggp1\/objetivos-ggp\/\" class=\"elementor-item\" tabindex=\"-1\">Objetivos<\/a><\/li>\n<li class=\"menu-item menu-item-type-post_type menu-item-object-page menu-item-20769\"><a href=\"https:\/\/gobiernoygestionpublica.edu.pe\/iggp1\/perfil-ingresante-mggp\/\" class=\"elementor-item\" tabindex=\"-1\">Perfil del ingresante<\/a><\/li>\n<li class=\"menu-item menu-item-type-post_type menu-item-object-page menu-item-20768\"><a href=\"https:\/\/gobiernoygestionpublica.edu.pe\/iggp1\/perfil-del-graduado\/\" class=\"elementor-item\" tabindex=\"-1\">Perfil del graduado<\/a><\/li>\n<li class=\"menu-item menu-item-type-post_type menu-item-object-page menu-item-17641\"><a href=\"https:\/\/gobiernoygestionpublica.edu.pe\/iggp1\/plan-ggp\/\" class=\"elementor-item\" tabindex=\"-1\">Plan de estudio<\/a><\/li>\n<li class=\"menu-item menu-item-type-post_type menu-item-object-page menu-item-19785\"><a href=\"https:\/\/gobiernoygestionpublica.edu.pe\/iggp1\/obtencion-del-grado-mggp\/\" class=\"elementor-item\" tabindex=\"-1\">Obtenci\u00f3n del grado<\/a><\/li>\n<li class=\"menu-item menu-item-type-post_type menu-item-object-page menu-item-21427\"><a href=\"https:\/\/gobiernoygestionpublica.edu.pe\/iggp1\/calendario-admision\/\" class=\"elementor-item\" tabindex=\"-1\">Calendario de Admisi\u00f3n<\/a><\/li>\n<li class=\"menu-item menu-item-type-post_type menu-item-object-page menu-item-21420\"><a href=\"https:\/\/gobiernoygestionpublica.edu.pe\/iggp1\/calendario-de-actividades\/\" class=\"elementor-item\" tabindex=\"-1\">Calendario de Actividades<\/a><\/li>\n<li class=\"menu-item menu-item-type-post_type menu-item-object-page menu-item-17657\"><a href=\"https:\/\/gobiernoygestionpublica.edu.pe\/iggp1\/horarios-ggp\/\" class=\"elementor-item\" tabindex=\"-1\">Horarios de clase<\/a><\/li>\n<li class=\"menu-item menu-item-type-custom menu-item-object-custom menu-item-21749\"><a href=\"https:\/\/gobiernoygestionpublica.edu.pe\/iggp1\/inversion\/\" class=\"elementor-item\" tabindex=\"-1\">Inversi\u00f3n<\/a><\/li>\n<li class=\"menu-item menu-item-type-custom menu-item-object-custom menu-item-21309\"><a href=\"https:\/\/gobiernoygestionpublica.edu.pe\/admision\/\" class=\"elementor-item\" tabindex=\"-1\">Admisi\u00f3n<\/a><\/li>\n<\/ul>\t\t\t<\/nav>\n\t\t\t\t<\/div>\n\t\t\t\t<\/div>\n\t\t\t\t\t\t<\/div>\n\t\t\t\t\t<\/div>\n\t\t<\/div>\n\t\t\t\t<div class=\"elementor-column elementor-col-50 elementor-inner-column elementor-element elementor-element-c8a0315\" data-id=\"c8a0315\" data-element_type=\"column\">\n\t\t\t<div class=\"elementor-column-wrap elementor-element-populated\">\n\t\t\t\t\t\t\t<div class=\"elementor-widget-wrap\">\n\t\t\t\t\t\t<div class=\"elementor-element elementor-element-6af0277 elementor-widget elementor-widget-text-editor\" data-id=\"6af0277\" data-element_type=\"widget\" data-widget_type=\"text-editor.default\">\n\t\t\t\t<div class=\"elementor-widget-container\">\n\t\t\t\t\t\t\t\t<div class=\"elementor-text-editor elementor-clearfix\">\n\t\t\t\t<strong>PLAN DE ESTUDIOS<\/strong>\n\n<p>\nLa maestr\u00eda en Gobierno y Gesti\u00f3n P\u00fablica en modalidad a distancia est\u00e1 conformada por un m\u00ednimo de 48 cr\u00e9ditos programados en 12 meses (cuatro trimestres acad\u00e9micos).\n<\/p>\n\n<div style=\"text-align:center;\">\n    <img src=\"https:\/\/gobiernoygestionpublica.edu.pe\/iggp1\/wp-content\/uploads\/2026\/03\/Plan105.jpg\" \n         alt=\"Plan de estudios\" \n         style=\"max-width:100%; height:auto;\">\n<\/div>\t\t\t\t\t<\/div>\n\t\t\t\t\t\t<\/div>\n\t\t\t\t<\/div>\n\t\t\t\t\t\t<\/div>\n\t\t\t\t\t<\/div>\n\t\t<\/div>\n\t\t\t\t\t\t\t\t<\/div>\n\t\t\t\t\t<\/div>\n\t\t<\/section>\n\t\t\t\t\t\t<\/div>\n\t\t\t\t\t<\/div>\n\t\t<\/div>\n\t\t\t\t\t\t\t\t<\/div>\n\t\t\t\t\t<\/div>\n\t\t<\/section>\n\t\t\t\t\t\t\t\t\t<\/div>\n\t\t\t<\/div>\n\t\t\t\t\t<\/div>\n\t\t","protected":false},"excerpt":{"rendered":"<p>Conoce m\u00e1s sobre la maestr\u00eda Maestr\u00eda en Gobierno y Gesti\u00f3n P\u00fablica &#8211; Modalidad a Distancia PLAN DE ESTUDIOS La maestr\u00eda en Gobierno y Gesti\u00f3n P\u00fablica en modalidad a distancia est\u00e1 conformada por un m\u00ednimo de 48 cr\u00e9ditos programados en 12 meses (cuatro trimestres acad\u00e9micos).<\/p>\n","protected":false},"author":8,"featured_media":0,"parent":0,"menu_order":0,"comment_status":"closed","ping_status":"closed","template":"elementor_header_footer","meta":[],"yoast_head":"<!-- This site is optimized with the Yoast SEO plugin v18.8 - https:\/\/yoast.com\/wordpress\/plugins\/seo\/ -->\n<title>Plan de estudio - Instituto de Gobierno y Gesti\u00f3n P\u00fablica<\/title>\n<meta name=\"robots\" content=\"index, follow, max-snippet:-1, max-image-preview:large, max-video-preview:-1\" \/>\n<link rel=\"canonical\" href=\"https:\/\/gobiernoygestionpublica.edu.pe\/iggp1\/plan-ggp\/\" \/>\n<meta property=\"og:locale\" content=\"es_ES\" \/>\n<meta property=\"og:type\" content=\"article\" \/>\n<meta property=\"og:title\" content=\"Plan de estudio - Instituto de Gobierno y Gesti\u00f3n P\u00fablica\" \/>\n<meta property=\"og:description\" content=\"Conoce m\u00e1s sobre la maestr\u00eda Maestr\u00eda en Gobierno y Gesti\u00f3n P\u00fablica &#8211; Modalidad a Distancia PLAN DE ESTUDIOS La maestr\u00eda en Gobierno y Gesti\u00f3n P\u00fablica en modalidad a distancia est\u00e1 conformada por un m\u00ednimo de 48 cr\u00e9ditos programados en 12 meses (cuatro trimestres acad\u00e9micos).\" \/>\n<meta property=\"og:url\" content=\"https:\/\/gobiernoygestionpublica.edu.pe\/iggp1\/plan-ggp\/\" \/>\n<meta property=\"og:site_name\" content=\"Instituto de Gobierno y Gesti\u00f3n P\u00fablica\" \/>\n<meta property=\"article:modified_time\" content=\"2026-03-12T15:52:03+00:00\" \/>\n<meta property=\"og:image\" content=\"https:\/\/gobiernoygestionpublica.edu.pe\/iggp1\/wp-content\/uploads\/2026\/03\/Plan105.jpg\" \/>\n<meta name=\"twitter:card\" content=\"summary_large_image\" \/>\n<meta name=\"twitter:label1\" content=\"Tiempo de lectura\" \/>\n\t<meta name=\"twitter:data1\" content=\"1 minuto\" \/>\n<script type=\"application\/ld+json\" class=\"yoast-schema-graph\">{\"@context\":\"https:\/\/schema.org\",\"@graph\":[{\"@type\":\"WebSite\",\"@id\":\"https:\/\/gobiernoygestionpublica.edu.pe\/iggp1\/#website\",\"url\":\"https:\/\/gobiernoygestionpublica.edu.pe\/iggp1\/\",\"name\":\"Instituto de Gobierno y Gesti\u00f3n P\u00fablica\",\"description\":\"Instituto de Gobierno y Gesti\u00f3n P\u00fablica\",\"potentialAction\":[{\"@type\":\"SearchAction\",\"target\":{\"@type\":\"EntryPoint\",\"urlTemplate\":\"https:\/\/gobiernoygestionpublica.edu.pe\/iggp1\/?s={search_term_string}\"},\"query-input\":\"required name=search_term_string\"}],\"inLanguage\":\"es\"},{\"@type\":\"ImageObject\",\"inLanguage\":\"es\",\"@id\":\"https:\/\/gobiernoygestionpublica.edu.pe\/iggp1\/plan-ggp\/#primaryimage\",\"url\":\"https:\/\/gobiernoygestionpublica.edu.pe\/iggp1\/wp-content\/uploads\/2026\/03\/Plan105.jpg\",\"contentUrl\":\"https:\/\/gobiernoygestionpublica.edu.pe\/iggp1\/wp-content\/uploads\/2026\/03\/Plan105.jpg\",\"width\":1080,\"height\":836},{\"@type\":\"WebPage\",\"@id\":\"https:\/\/gobiernoygestionpublica.edu.pe\/iggp1\/plan-ggp\/#webpage\",\"url\":\"https:\/\/gobiernoygestionpublica.edu.pe\/iggp1\/plan-ggp\/\",\"name\":\"Plan de estudio - Instituto de Gobierno y Gesti\u00f3n P\u00fablica\",\"isPartOf\":{\"@id\":\"https:\/\/gobiernoygestionpublica.edu.pe\/iggp1\/#website\"},\"primaryImageOfPage\":{\"@id\":\"https:\/\/gobiernoygestionpublica.edu.pe\/iggp1\/plan-ggp\/#primaryimage\"},\"datePublished\":\"2022-06-21T15:56:55+00:00\",\"dateModified\":\"2026-03-12T15:52:03+00:00\",\"breadcrumb\":{\"@id\":\"https:\/\/gobiernoygestionpublica.edu.pe\/iggp1\/plan-ggp\/#breadcrumb\"},\"inLanguage\":\"es\",\"potentialAction\":[{\"@type\":\"ReadAction\",\"target\":[\"https:\/\/gobiernoygestionpublica.edu.pe\/iggp1\/plan-ggp\/\"]}]},{\"@type\":\"BreadcrumbList\",\"@id\":\"https:\/\/gobiernoygestionpublica.edu.pe\/iggp1\/plan-ggp\/#breadcrumb\",\"itemListElement\":[{\"@type\":\"ListItem\",\"position\":1,\"name\":\"Inicio\",\"item\":\"https:\/\/gobiernoygestionpublica.edu.pe\/iggp1\/\"},{\"@type\":\"ListItem\",\"position\":2,\"name\":\"Plan de estudio\"}]}]}<\/script>\n<!-- \/ Yoast SEO plugin. -->","yoast_head_json":{"title":"Plan de estudio - Instituto de Gobierno y Gesti\u00f3n P\u00fablica","robots":{"index":"index","follow":"follow","max-snippet":"max-snippet:-1","max-image-preview":"max-image-preview:large","max-video-preview":"max-video-preview:-1"},"canonical":"https:\/\/gobiernoygestionpublica.edu.pe\/iggp1\/plan-ggp\/","og_locale":"es_ES","og_type":"article","og_title":"Plan de estudio - Instituto de Gobierno y Gesti\u00f3n P\u00fablica","og_description":"Conoce m\u00e1s sobre la maestr\u00eda Maestr\u00eda en Gobierno y Gesti\u00f3n P\u00fablica &#8211; Modalidad a Distancia PLAN DE ESTUDIOS La maestr\u00eda en Gobierno y Gesti\u00f3n P\u00fablica en modalidad a distancia est\u00e1 conformada por un m\u00ednimo de 48 cr\u00e9ditos programados en 12 meses (cuatro trimestres acad\u00e9micos).","og_url":"https:\/\/gobiernoygestionpublica.edu.pe\/iggp1\/plan-ggp\/","og_site_name":"Instituto de Gobierno y Gesti\u00f3n P\u00fablica","article_modified_time":"2026-03-12T15:52:03+00:00","og_image":[{"url":"https:\/\/gobiernoygestionpublica.edu.pe\/iggp1\/wp-content\/uploads\/2026\/03\/Plan105.jpg"}],"twitter_card":"summary_large_image","twitter_misc":{"Tiempo de lectura":"1 minuto"},"schema":{"@context":"https:\/\/schema.org","@graph":[{"@type":"WebSite","@id":"https:\/\/gobiernoygestionpublica.edu.pe\/iggp1\/#website","url":"https:\/\/gobiernoygestionpublica.edu.pe\/iggp1\/","name":"Instituto de Gobierno y Gesti\u00f3n P\u00fablica","description":"Instituto de Gobierno y Gesti\u00f3n P\u00fablica","potentialAction":[{"@type":"SearchAction","target":{"@type":"EntryPoint","urlTemplate":"https:\/\/gobiernoygestionpublica.edu.pe\/iggp1\/?s={search_term_string}"},"query-input":"required name=search_term_string"}],"inLanguage":"es"},{"@type":"ImageObject","inLanguage":"es","@id":"https:\/\/gobiernoygestionpublica.edu.pe\/iggp1\/plan-ggp\/#primaryimage","url":"https:\/\/gobiernoygestionpublica.edu.pe\/iggp1\/wp-content\/uploads\/2026\/03\/Plan105.jpg","contentUrl":"https:\/\/gobiernoygestionpublica.edu.pe\/iggp1\/wp-content\/uploads\/2026\/03\/Plan105.jpg","width":1080,"height":836},{"@type":"WebPage","@id":"https:\/\/gobiernoygestionpublica.edu.pe\/iggp1\/plan-ggp\/#webpage","url":"https:\/\/gobiernoygestionpublica.edu.pe\/iggp1\/plan-ggp\/","name":"Plan de estudio - Instituto de Gobierno y Gesti\u00f3n P\u00fablica","isPartOf":{"@id":"https:\/\/gobiernoygestionpublica.edu.pe\/iggp1\/#website"},"primaryImageOfPage":{"@id":"https:\/\/gobiernoygestionpublica.edu.pe\/iggp1\/plan-ggp\/#primaryimage"},"datePublished":"2022-06-21T15:56:55+00:00","dateModified":"2026-03-12T15:52:03+00:00","breadcrumb":{"@id":"https:\/\/gobiernoygestionpublica.edu.pe\/iggp1\/plan-ggp\/#breadcrumb"},"inLanguage":"es","potentialAction":[{"@type":"ReadAction","target":["https:\/\/gobiernoygestionpublica.edu.pe\/iggp1\/plan-ggp\/"]}]},{"@type":"BreadcrumbList","@id":"https:\/\/gobiernoygestionpublica.edu.pe\/iggp1\/plan-ggp\/#breadcrumb","itemListElement":[{"@type":"ListItem","position":1,"name":"Inicio","item":"https:\/\/gobiernoygestionpublica.edu.pe\/iggp1\/"},{"@type":"ListItem","position":2,"name":"Plan de estudio"}]}]}},"_links":{"self":[{"href":"https:\/\/gobiernoygestionpublica.edu.pe\/iggp1\/wp-json\/wp\/v2\/pages\/17626"}],"collection":[{"href":"https:\/\/gobiernoygestionpublica.edu.pe\/iggp1\/wp-json\/wp\/v2\/pages"}],"about":[{"href":"https:\/\/gobiernoygestionpublica.edu.pe\/iggp1\/wp-json\/wp\/v2\/types\/page"}],"author":[{"embeddable":true,"href":"https:\/\/gobiernoygestionpublica.edu.pe\/iggp1\/wp-json\/wp\/v2\/users\/8"}],"replies":[{"embeddable":true,"href":"https:\/\/gobiernoygestionpublica.edu.pe\/iggp1\/wp-json\/wp\/v2\/comments?post=17626"}],"version-history":[{"count":53,"href":"https:\/\/gobiernoygestionpublica.edu.pe\/iggp1\/wp-json\/wp\/v2\/pages\/17626\/revisions"}],"predecessor-version":[{"id":21799,"href":"https:\/\/gobiernoygestionpublica.edu.pe\/iggp1\/wp-json\/wp\/v2\/pages\/17626\/revisions\/21799"}],"wp:attachment":[{"href":"https:\/\/gobiernoygestionpublica.edu.pe\/iggp1\/wp-json\/wp\/v2\/media?parent=17626"}],"curies":[{"name":"wp","href":"https:\/\/api.w.org\/{rel}","templated":true}]}}