{"id":17699,"date":"2022-06-21T17:18:01","date_gmt":"2022-06-21T17:18:01","guid":{"rendered":"https:\/\/gobiernoygestionpublica.edu.pe\/iggp1\/?page_id=17699"},"modified":"2022-06-21T18:49:23","modified_gmt":"2022-06-21T18:49:23","slug":"perfil-doctorado","status":"publish","type":"page","link":"https:\/\/gobiernoygestionpublica.edu.pe\/iggp1\/perfil-doctorado\/","title":{"rendered":"Perfil de graduado"},"content":{"rendered":"\t\t<div data-elementor-type=\"wp-page\" data-elementor-id=\"17699\" class=\"elementor elementor-17699\">\n\t\t\t\t\t\t<div class=\"elementor-inner\">\n\t\t\t\t<div class=\"elementor-section-wrap\">\n\t\t\t\t\t\t\t\t\t<section class=\"elementor-section elementor-top-section elementor-element elementor-element-5955f1a slider elementor-section-boxed elementor-section-height-default elementor-section-height-default\" data-id=\"5955f1a\" data-element_type=\"section\" data-settings=\"{&quot;background_background&quot;:&quot;classic&quot;}\">\n\t\t\t\t\t\t<div class=\"elementor-container elementor-column-gap-no\">\n\t\t\t\t\t\t\t<div class=\"elementor-row\">\n\t\t\t\t\t<div class=\"elementor-column elementor-col-100 elementor-top-column elementor-element elementor-element-8063f7e\" data-id=\"8063f7e\" data-element_type=\"column\">\n\t\t\t<div class=\"elementor-column-wrap elementor-element-populated\">\n\t\t\t\t\t\t\t<div class=\"elementor-widget-wrap\">\n\t\t\t\t\t\t<div class=\"elementor-element elementor-element-4012453 elementor-cta--skin-cover elementor-widget elementor-widget-call-to-action\" data-id=\"4012453\" data-element_type=\"widget\" data-widget_type=\"call-to-action.default\">\n\t\t\t\t<div class=\"elementor-widget-container\">\n\t\t\t\t\t<div class=\"elementor-cta\">\n\t\t\t\t\t<div class=\"elementor-cta__bg-wrapper\">\n\t\t\t\t<div class=\"elementor-cta__bg elementor-bg\" style=\"background-image: url(https:\/\/gobiernoygestionpublica.edu.pe\/iggp1\/wp-content\/uploads\/2022\/06\/fondo_o_1.jpg);\"><\/div>\n\t\t\t\t<div class=\"elementor-cta__bg-overlay\"><\/div>\n\t\t\t<\/div>\n\t\t\t\t\t\t\t\t<\/div>\n\t\t\t\t<\/div>\n\t\t\t\t<\/div>\n\t\t\t\t<section class=\"elementor-section elementor-inner-section elementor-element elementor-element-5184992 elementor-reverse-mobile elementor-section-height-min-height elementor-section-boxed elementor-section-height-default\" data-id=\"5184992\" data-element_type=\"section\">\n\t\t\t\t\t\t<div class=\"elementor-container elementor-column-gap-default\">\n\t\t\t\t\t\t\t<div class=\"elementor-row\">\n\t\t\t\t\t<div class=\"elementor-column elementor-col-50 elementor-inner-column elementor-element elementor-element-3a69d05\" data-id=\"3a69d05\" data-element_type=\"column\">\n\t\t\t<div class=\"elementor-column-wrap\">\n\t\t\t\t\t\t\t<div class=\"elementor-widget-wrap\">\n\t\t\t\t\t\t\t\t<\/div>\n\t\t\t\t\t<\/div>\n\t\t<\/div>\n\t\t\t\t<div class=\"elementor-column elementor-col-50 elementor-inner-column elementor-element elementor-element-0a9aaac\" data-id=\"0a9aaac\" data-element_type=\"column\" data-settings=\"{&quot;background_background&quot;:&quot;classic&quot;}\">\n\t\t\t<div class=\"elementor-column-wrap elementor-element-populated\">\n\t\t\t\t\t\t\t<div class=\"elementor-widget-wrap\">\n\t\t\t\t\t\t<div class=\"elementor-element elementor-element-40d5dee elementor-widget elementor-widget-heading\" data-id=\"40d5dee\" data-element_type=\"widget\" data-widget_type=\"heading.default\">\n\t\t\t\t<div class=\"elementor-widget-container\">\n\t\t\t<h2 class=\"elementor-heading-title elementor-size-default\">Conoce m\u00e1s sobre el doctorado<\/h2>\t\t<\/div>\n\t\t\t\t<\/div>\n\t\t\t\t\t\t<\/div>\n\t\t\t\t\t<\/div>\n\t\t<\/div>\n\t\t\t\t\t\t\t\t<\/div>\n\t\t\t\t\t<\/div>\n\t\t<\/section>\n\t\t\t\t\t\t<\/div>\n\t\t\t\t\t<\/div>\n\t\t<\/div>\n\t\t\t\t\t\t\t\t<\/div>\n\t\t\t\t\t<\/div>\n\t\t<\/section>\n\t\t\t\t<section class=\"elementor-section elementor-top-section elementor-element elementor-element-24d589ea elementor-section-boxed elementor-section-height-default elementor-section-height-default\" data-id=\"24d589ea\" data-element_type=\"section\">\n\t\t\t\t\t\t<div class=\"elementor-container elementor-column-gap-no\">\n\t\t\t\t\t\t\t<div class=\"elementor-row\">\n\t\t\t\t\t<div class=\"elementor-column elementor-col-100 elementor-top-column elementor-element elementor-element-4d1aaf6\" data-id=\"4d1aaf6\" data-element_type=\"column\">\n\t\t\t<div class=\"elementor-column-wrap elementor-element-populated\">\n\t\t\t\t\t\t\t<div class=\"elementor-widget-wrap\">\n\t\t\t\t\t\t<div class=\"elementor-element elementor-element-11f93c56 elementor-widget elementor-widget-template\" data-id=\"11f93c56\" data-element_type=\"widget\" data-widget_type=\"template.default\">\n\t\t\t\t<div class=\"elementor-widget-container\">\n\t\t\t\t\t<div class=\"elementor-template\">\n\t\t\t\t\t<div data-elementor-type=\"section\" data-elementor-id=\"643\" class=\"elementor elementor-643\">\n\t\t\t\t\t<div class=\"elementor-section-wrap\">\n\t\t\t\t\t\t\t\t<section class=\"elementor-section elementor-top-section elementor-element elementor-element-5e73f9ce elementor-section-boxed elementor-section-height-default elementor-section-height-default\" data-id=\"5e73f9ce\" data-element_type=\"section\">\n\t\t\t\t\t\t<div class=\"elementor-container elementor-column-gap-default\">\n\t\t\t\t\t\t\t<div class=\"elementor-row\">\n\t\t\t\t\t<div class=\"elementor-column elementor-col-100 elementor-top-column elementor-element elementor-element-1438bcca\" data-id=\"1438bcca\" data-element_type=\"column\">\n\t\t\t<div class=\"elementor-column-wrap elementor-element-populated\">\n\t\t\t\t\t\t\t<div class=\"elementor-widget-wrap\">\n\t\t\t\t\t\t<div class=\"elementor-element elementor-element-a651400 elementor-widget elementor-widget-breadcrumbs\" data-id=\"a651400\" data-element_type=\"widget\" data-widget_type=\"breadcrumbs.default\">\n\t\t\t\t<div class=\"elementor-widget-container\">\n\t\t\t<p id=\"breadcrumbs\"><span><span><a href=\"https:\/\/gobiernoygestionpublica.edu.pe\/iggp1\/\">Inicio<\/a><\/span><\/p>\t\t<\/div>\n\t\t\t\t<\/div>\n\t\t\t\t\t\t<\/div>\n\t\t\t\t\t<\/div>\n\t\t<\/div>\n\t\t\t\t\t\t\t\t<\/div>\n\t\t\t\t\t<\/div>\n\t\t<\/section>\n\t\t\t\t\t\t\t<\/div>\n\t\t\t\t<\/div>\n\t\t\t\t<\/div>\n\t\t\t\t<\/div>\n\t\t\t\t<\/div>\n\t\t\t\t\t\t<\/div>\n\t\t\t\t\t<\/div>\n\t\t<\/div>\n\t\t\t\t\t\t\t\t<\/div>\n\t\t\t\t\t<\/div>\n\t\t<\/section>\n\t\t\t\t<section class=\"elementor-section elementor-top-section elementor-element elementor-element-2f4a864a elementor-hidden-desktop elementor-hidden-tablet elementor-section-boxed elementor-section-height-default elementor-section-height-default\" data-id=\"2f4a864a\" data-element_type=\"section\">\n\t\t\t\t\t\t<div class=\"elementor-container elementor-column-gap-default\">\n\t\t\t\t\t\t\t<div class=\"elementor-row\">\n\t\t\t\t\t<div class=\"elementor-column elementor-col-100 elementor-top-column elementor-element elementor-element-71a99689\" data-id=\"71a99689\" data-element_type=\"column\">\n\t\t\t<div class=\"elementor-column-wrap elementor-element-populated\">\n\t\t\t\t\t\t\t<div class=\"elementor-widget-wrap\">\n\t\t\t\t\t\t\t\t<\/div>\n\t\t\t\t\t<\/div>\n\t\t<\/div>\n\t\t\t\t\t\t\t\t<\/div>\n\t\t\t\t\t<\/div>\n\t\t<\/section>\n\t\t\t\t<section class=\"elementor-section elementor-top-section elementor-element elementor-element-68e3bdf7 elementor-section-boxed elementor-section-height-default elementor-section-height-default\" data-id=\"68e3bdf7\" data-element_type=\"section\">\n\t\t\t\t\t\t<div class=\"elementor-container elementor-column-gap-default\">\n\t\t\t\t\t\t\t<div class=\"elementor-row\">\n\t\t\t\t\t<div class=\"elementor-column elementor-col-100 elementor-top-column elementor-element elementor-element-7fb9bb56\" data-id=\"7fb9bb56\" data-element_type=\"column\">\n\t\t\t<div class=\"elementor-column-wrap elementor-element-populated\">\n\t\t\t\t\t\t\t<div class=\"elementor-widget-wrap\">\n\t\t\t\t\t\t<div class=\"elementor-element elementor-element-1cdfcd25 elementor-widget elementor-widget-heading\" data-id=\"1cdfcd25\" data-element_type=\"widget\" data-widget_type=\"heading.default\">\n\t\t\t\t<div class=\"elementor-widget-container\">\n\t\t\t<div class=\"elementor-heading-title elementor-size-default\">Doctorado en Gobierno y Pol\u00edtica P\u00fablica<\/div>\t\t<\/div>\n\t\t\t\t<\/div>\n\t\t\t\t\t\t<\/div>\n\t\t\t\t\t<\/div>\n\t\t<\/div>\n\t\t\t\t\t\t\t\t<\/div>\n\t\t\t\t\t<\/div>\n\t\t<\/section>\n\t\t\t\t<section class=\"elementor-section elementor-top-section elementor-element elementor-element-9c18c72 elementor-section-boxed elementor-section-height-default elementor-section-height-default\" data-id=\"9c18c72\" data-element_type=\"section\">\n\t\t\t\t\t\t<div class=\"elementor-container elementor-column-gap-default\">\n\t\t\t\t\t\t\t<div class=\"elementor-row\">\n\t\t\t\t\t<div class=\"elementor-column elementor-col-100 elementor-top-column elementor-element elementor-element-2370cf0\" data-id=\"2370cf0\" data-element_type=\"column\">\n\t\t\t<div class=\"elementor-column-wrap elementor-element-populated\">\n\t\t\t\t\t\t\t<div class=\"elementor-widget-wrap\">\n\t\t\t\t\t\t<section class=\"elementor-section elementor-inner-section elementor-element elementor-element-ba05780 elementor-section-boxed elementor-section-height-default elementor-section-height-default\" data-id=\"ba05780\" data-element_type=\"section\">\n\t\t\t\t\t\t<div class=\"elementor-container elementor-column-gap-default\">\n\t\t\t\t\t\t\t<div class=\"elementor-row\">\n\t\t\t\t\t<div class=\"elementor-column elementor-col-50 elementor-inner-column elementor-element elementor-element-538c9f9\" data-id=\"538c9f9\" data-element_type=\"column\">\n\t\t\t<div class=\"elementor-column-wrap elementor-element-populated\">\n\t\t\t\t\t\t\t<div class=\"elementor-widget-wrap\">\n\t\t\t\t\t\t<div class=\"elementor-element elementor-element-ef66f64 elementor-nav-menu--dropdown-tablet elementor-nav-menu__text-align-aside elementor-nav-menu--toggle elementor-nav-menu--burger elementor-widget elementor-widget-nav-menu\" data-id=\"ef66f64\" data-element_type=\"widget\" data-settings=\"{&quot;layout&quot;:&quot;vertical&quot;,&quot;submenu_icon&quot;:{&quot;value&quot;:&quot;&lt;i class=\\&quot;fas fa-angle-down\\&quot;&gt;&lt;\\\/i&gt;&quot;,&quot;library&quot;:&quot;fa-solid&quot;},&quot;toggle&quot;:&quot;burger&quot;}\" data-widget_type=\"nav-menu.default\">\n\t\t\t\t<div class=\"elementor-widget-container\">\n\t\t\t\t\t\t<nav migration_allowed=\"1\" migrated=\"0\" role=\"navigation\" class=\"elementor-nav-menu--main elementor-nav-menu__container elementor-nav-menu--layout-vertical e--pointer-background e--animation-fade\">\n\t\t\t\t<ul id=\"menu-1-ef66f64\" class=\"elementor-nav-menu sm-vertical\"><li class=\"menu-item menu-item-type-post_type menu-item-object-page menu-item-17695\"><a href=\"https:\/\/gobiernoygestionpublica.edu.pe\/iggp1\/?page_id=17689\" class=\"elementor-item\">Doctorado en Gobierno y Pol\u00edtica P\u00fablica<\/a><\/li>\n<li class=\"menu-item menu-item-type-post_type menu-item-object-page menu-item-17704\"><a href=\"https:\/\/gobiernoygestionpublica.edu.pe\/iggp1\/perfil-doctorado\/\" class=\"elementor-item\">Perfil de graduado<\/a><\/li>\n<li class=\"menu-item menu-item-type-post_type menu-item-object-page menu-item-17730\"><a href=\"https:\/\/gobiernoygestionpublica.edu.pe\/iggp1\/objetivos-doctorado\/\" class=\"elementor-item\">Objetivos<\/a><\/li>\n<li class=\"menu-item menu-item-type-post_type menu-item-object-page menu-item-17729\"><a href=\"https:\/\/gobiernoygestionpublica.edu.pe\/iggp1\/plan-doctorado\/\" class=\"elementor-item\">Plan de estudio<\/a><\/li>\n<li class=\"menu-item menu-item-type-post_type menu-item-object-page menu-item-17791\"><a href=\"https:\/\/gobiernoygestionpublica.edu.pe\/iggp1\/requisitos-doctorado\/\" class=\"elementor-item\">Requisitos<\/a><\/li>\n<li class=\"menu-item menu-item-type-post_type menu-item-object-page menu-item-17800\"><a href=\"https:\/\/gobiernoygestionpublica.edu.pe\/iggp1\/horarios-doctorado\/\" class=\"elementor-item\">Horarios de clase<\/a><\/li>\n<li class=\"menu-item menu-item-type-post_type menu-item-object-page menu-item-17868\"><a href=\"https:\/\/gobiernoygestionpublica.edu.pe\/iggp1\/informes-doctorado\/\" class=\"elementor-item\">Informes e inscripci\u00f3n<\/a><\/li>\n<li class=\"menu-item menu-item-type-post_type menu-item-object-page menu-item-17869\"><a href=\"https:\/\/gobiernoygestionpublica.edu.pe\/iggp1\/inversion-doctorado\/\" class=\"elementor-item\">Inversi\u00f3n<\/a><\/li>\n<li class=\"menu-item menu-item-type-post_type menu-item-object-page menu-item-19813\"><a href=\"https:\/\/gobiernoygestionpublica.edu.pe\/iggp1\/obtencion-del-grado-doctorado\/\" class=\"elementor-item\">Obtenci\u00f3n del grado<\/a><\/li>\n<\/ul>\t\t\t<\/nav>\n\t\t\t\t\t<div class=\"elementor-menu-toggle\" role=\"button\" tabindex=\"0\" aria-label=\"Menu Toggle\" aria-expanded=\"false\">\n\t\t\t<i aria-hidden=\"true\" role=\"presentation\" class=\"elementor-menu-toggle__icon--open eicon-menu-bar\"><\/i><i aria-hidden=\"true\" role=\"presentation\" class=\"elementor-menu-toggle__icon--close eicon-close\"><\/i>\t\t\t<span class=\"elementor-screen-only\">Menu<\/span>\n\t\t<\/div>\n\t\t\t<nav class=\"elementor-nav-menu--dropdown elementor-nav-menu__container\" role=\"navigation\" aria-hidden=\"true\">\n\t\t\t\t<ul id=\"menu-2-ef66f64\" class=\"elementor-nav-menu sm-vertical\"><li class=\"menu-item menu-item-type-post_type menu-item-object-page menu-item-17695\"><a href=\"https:\/\/gobiernoygestionpublica.edu.pe\/iggp1\/?page_id=17689\" class=\"elementor-item\" tabindex=\"-1\">Doctorado en Gobierno y Pol\u00edtica P\u00fablica<\/a><\/li>\n<li class=\"menu-item menu-item-type-post_type menu-item-object-page menu-item-17704\"><a href=\"https:\/\/gobiernoygestionpublica.edu.pe\/iggp1\/perfil-doctorado\/\" class=\"elementor-item\" tabindex=\"-1\">Perfil de graduado<\/a><\/li>\n<li class=\"menu-item menu-item-type-post_type menu-item-object-page menu-item-17730\"><a href=\"https:\/\/gobiernoygestionpublica.edu.pe\/iggp1\/objetivos-doctorado\/\" class=\"elementor-item\" tabindex=\"-1\">Objetivos<\/a><\/li>\n<li class=\"menu-item menu-item-type-post_type menu-item-object-page menu-item-17729\"><a href=\"https:\/\/gobiernoygestionpublica.edu.pe\/iggp1\/plan-doctorado\/\" class=\"elementor-item\" tabindex=\"-1\">Plan de estudio<\/a><\/li>\n<li class=\"menu-item menu-item-type-post_type menu-item-object-page menu-item-17791\"><a href=\"https:\/\/gobiernoygestionpublica.edu.pe\/iggp1\/requisitos-doctorado\/\" class=\"elementor-item\" tabindex=\"-1\">Requisitos<\/a><\/li>\n<li class=\"menu-item menu-item-type-post_type menu-item-object-page menu-item-17800\"><a href=\"https:\/\/gobiernoygestionpublica.edu.pe\/iggp1\/horarios-doctorado\/\" class=\"elementor-item\" tabindex=\"-1\">Horarios de clase<\/a><\/li>\n<li class=\"menu-item menu-item-type-post_type menu-item-object-page menu-item-17868\"><a href=\"https:\/\/gobiernoygestionpublica.edu.pe\/iggp1\/informes-doctorado\/\" class=\"elementor-item\" tabindex=\"-1\">Informes e inscripci\u00f3n<\/a><\/li>\n<li class=\"menu-item menu-item-type-post_type menu-item-object-page menu-item-17869\"><a href=\"https:\/\/gobiernoygestionpublica.edu.pe\/iggp1\/inversion-doctorado\/\" class=\"elementor-item\" tabindex=\"-1\">Inversi\u00f3n<\/a><\/li>\n<li class=\"menu-item menu-item-type-post_type menu-item-object-page menu-item-19813\"><a href=\"https:\/\/gobiernoygestionpublica.edu.pe\/iggp1\/obtencion-del-grado-doctorado\/\" class=\"elementor-item\" tabindex=\"-1\">Obtenci\u00f3n del grado<\/a><\/li>\n<\/ul>\t\t\t<\/nav>\n\t\t\t\t<\/div>\n\t\t\t\t<\/div>\n\t\t\t\t\t\t<\/div>\n\t\t\t\t\t<\/div>\n\t\t<\/div>\n\t\t\t\t<div class=\"elementor-column elementor-col-50 elementor-inner-column elementor-element elementor-element-9fc858e\" data-id=\"9fc858e\" data-element_type=\"column\">\n\t\t\t<div class=\"elementor-column-wrap elementor-element-populated\">\n\t\t\t\t\t\t\t<div class=\"elementor-widget-wrap\">\n\t\t\t\t\t\t<div class=\"elementor-element elementor-element-ff90e49 elementor-widget elementor-widget-text-editor\" data-id=\"ff90e49\" data-element_type=\"widget\" data-widget_type=\"text-editor.default\">\n\t\t\t\t<div class=\"elementor-widget-container\">\n\t\t\t\t\t\t\t\t<div class=\"elementor-text-editor elementor-clearfix\">\n\t\t\t\t<p><strong>PERFIL DEL GRADUADO<\/strong><\/p>\n<p style=\"text-align: justify;\">El graduado del doctorado en Gobierno y \nPol\u00edtica P\u00fablica, es un profesional altamente calificado cuyas \ncompetencias le permiten generar conocimiento y desarrollar un juicio \ncr\u00edtico de su realidad contextual y generar propuestas de pol\u00edtica y de \ngesti\u00f3n p\u00fablica, para responder asertivamente a los retos del desarrollo\n econ\u00f3mico y social del pa\u00eds, en una perspectiva \u00e9tica y de compromiso.<\/p>\n<p><strong>COMPETENCIAS<\/strong><\/p>\n<p style=\"text-align: justify;\">Al terminar sus estudios, el graduado del programa doctoral habr\u00e1 alcanzado las siguientes competencias:<\/p>\n<p style=\"text-align: justify;\">\u2022 Dirige la formulaci\u00f3n e implementaci\u00f3n\n de pol\u00edticas p\u00fablicas orientadas a lograr el desarrollo econ\u00f3mico y \nsocial sostenible, en el marco del contexto internacional.<\/p>\n<p style=\"text-align: justify;\">\u2022 Dirige la formulaci\u00f3n de planes \nestrat\u00e9gicos nacionales, sectoriales, regionales y locales, con el \nprop\u00f3sito de promover la competitividad del pa\u00eds.<\/p>\n<p style=\"text-align: justify;\">\u2022 Propone y dirige programas y proyectos p\u00fablicos con alto nivel de eficacia y eficiencia.<\/p>\n<p style=\"text-align: justify;\">\u2022 Asume diferentes funciones de alto \nnivel en el gobierno y la administraci\u00f3n p\u00fablica y privada, en los \ndiferentes niveles de gobierno, demostrando capacidad de liderazgo con \n\u00e9tica, responsabilidad, eficacia, eficiencia, honestidad y compromiso.<\/p>\n<p style=\"text-align: justify;\">\u2022 Formula y gestiona eficazmente pol\u00edticas de informaci\u00f3n y comunicaci\u00f3n, en el \u00e1mbito de su competencia.<\/p>\n<p style=\"text-align: justify;\">\u2022 Dirige y realiza investigaciones \ncient\u00edficas en el campo del gobierno y la pol\u00edtica p\u00fablica, cuyos \nresultados sirven de fundamento para la formulaci\u00f3n de planes y el \nestablecimiento de programas y proyectos.<\/p>\t\t\t\t\t<\/div>\n\t\t\t\t\t\t<\/div>\n\t\t\t\t<\/div>\n\t\t\t\t\t\t<\/div>\n\t\t\t\t\t<\/div>\n\t\t<\/div>\n\t\t\t\t\t\t\t\t<\/div>\n\t\t\t\t\t<\/div>\n\t\t<\/section>\n\t\t\t\t\t\t<\/div>\n\t\t\t\t\t<\/div>\n\t\t<\/div>\n\t\t\t\t\t\t\t\t<\/div>\n\t\t\t\t\t<\/div>\n\t\t<\/section>\n\t\t\t\t\t\t\t\t\t<\/div>\n\t\t\t<\/div>\n\t\t\t\t\t<\/div>\n\t\t","protected":false},"excerpt":{"rendered":"<p>Conoce m\u00e1s sobre el doctorado Doctorado en Gobierno y Pol\u00edtica P\u00fablica PERFIL DEL GRADUADO El graduado del doctorado en Gobierno y Pol\u00edtica P\u00fablica, es un profesional altamente calificado cuyas competencias le permiten generar conocimiento y desarrollar un juicio cr\u00edtico de su realidad contextual y generar propuestas de pol\u00edtica y de gesti\u00f3n p\u00fablica, para responder asertivamente &#8230; <a title=\"Perfil de graduado\" class=\"read-more\" href=\"https:\/\/gobiernoygestionpublica.edu.pe\/iggp1\/perfil-doctorado\/\" aria-label=\"M\u00e1s en Perfil de graduado\">Leer m\u00e1s<\/a><\/p>\n","protected":false},"author":8,"featured_media":0,"parent":0,"menu_order":0,"comment_status":"closed","ping_status":"closed","template":"elementor_header_footer","meta":[],"yoast_head":"<!-- This site is optimized with the Yoast SEO plugin v18.8 - https:\/\/yoast.com\/wordpress\/plugins\/seo\/ -->\n<title>Perfil de graduado - Instituto de Gobierno y Gesti\u00f3n P\u00fablica<\/title>\n<meta name=\"robots\" content=\"index, follow, max-snippet:-1, max-image-preview:large, max-video-preview:-1\" \/>\n<link rel=\"canonical\" href=\"https:\/\/gobiernoygestionpublica.edu.pe\/iggp1\/perfil-doctorado\/\" \/>\n<meta property=\"og:locale\" content=\"es_ES\" \/>\n<meta property=\"og:type\" content=\"article\" \/>\n<meta property=\"og:title\" content=\"Perfil de graduado - Instituto de Gobierno y Gesti\u00f3n P\u00fablica\" \/>\n<meta property=\"og:description\" content=\"Conoce m\u00e1s sobre el doctorado Doctorado en Gobierno y Pol\u00edtica P\u00fablica PERFIL DEL GRADUADO El graduado del doctorado en Gobierno y Pol\u00edtica P\u00fablica, es un profesional altamente calificado cuyas competencias le permiten generar conocimiento y desarrollar un juicio cr\u00edtico de su realidad contextual y generar propuestas de pol\u00edtica y de gesti\u00f3n p\u00fablica, para responder asertivamente ... Leer m\u00e1s\" \/>\n<meta property=\"og:url\" content=\"https:\/\/gobiernoygestionpublica.edu.pe\/iggp1\/perfil-doctorado\/\" \/>\n<meta property=\"og:site_name\" content=\"Instituto de Gobierno y Gesti\u00f3n P\u00fablica\" \/>\n<meta property=\"article:modified_time\" content=\"2022-06-21T18:49:23+00:00\" \/>\n<meta name=\"twitter:card\" content=\"summary_large_image\" \/>\n<meta name=\"twitter:label1\" content=\"Tiempo de lectura\" \/>\n\t<meta name=\"twitter:data1\" content=\"2 minutos\" \/>\n<script type=\"application\/ld+json\" class=\"yoast-schema-graph\">{\"@context\":\"https:\/\/schema.org\",\"@graph\":[{\"@type\":\"WebSite\",\"@id\":\"https:\/\/gobiernoygestionpublica.edu.pe\/iggp1\/#website\",\"url\":\"https:\/\/gobiernoygestionpublica.edu.pe\/iggp1\/\",\"name\":\"Instituto de Gobierno y Gesti\u00f3n P\u00fablica\",\"description\":\"Instituto de Gobierno y Gesti\u00f3n P\u00fablica\",\"potentialAction\":[{\"@type\":\"SearchAction\",\"target\":{\"@type\":\"EntryPoint\",\"urlTemplate\":\"https:\/\/gobiernoygestionpublica.edu.pe\/iggp1\/?s={search_term_string}\"},\"query-input\":\"required name=search_term_string\"}],\"inLanguage\":\"es\"},{\"@type\":\"WebPage\",\"@id\":\"https:\/\/gobiernoygestionpublica.edu.pe\/iggp1\/perfil-doctorado\/#webpage\",\"url\":\"https:\/\/gobiernoygestionpublica.edu.pe\/iggp1\/perfil-doctorado\/\",\"name\":\"Perfil de graduado - Instituto de Gobierno y Gesti\u00f3n P\u00fablica\",\"isPartOf\":{\"@id\":\"https:\/\/gobiernoygestionpublica.edu.pe\/iggp1\/#website\"},\"datePublished\":\"2022-06-21T17:18:01+00:00\",\"dateModified\":\"2022-06-21T18:49:23+00:00\",\"breadcrumb\":{\"@id\":\"https:\/\/gobiernoygestionpublica.edu.pe\/iggp1\/perfil-doctorado\/#breadcrumb\"},\"inLanguage\":\"es\",\"potentialAction\":[{\"@type\":\"ReadAction\",\"target\":[\"https:\/\/gobiernoygestionpublica.edu.pe\/iggp1\/perfil-doctorado\/\"]}]},{\"@type\":\"BreadcrumbList\",\"@id\":\"https:\/\/gobiernoygestionpublica.edu.pe\/iggp1\/perfil-doctorado\/#breadcrumb\",\"itemListElement\":[{\"@type\":\"ListItem\",\"position\":1,\"name\":\"Inicio\",\"item\":\"https:\/\/gobiernoygestionpublica.edu.pe\/iggp1\/\"},{\"@type\":\"ListItem\",\"position\":2,\"name\":\"Perfil de graduado\"}]}]}<\/script>\n<!-- \/ Yoast SEO plugin. -->","yoast_head_json":{"title":"Perfil de graduado - Instituto de Gobierno y Gesti\u00f3n P\u00fablica","robots":{"index":"index","follow":"follow","max-snippet":"max-snippet:-1","max-image-preview":"max-image-preview:large","max-video-preview":"max-video-preview:-1"},"canonical":"https:\/\/gobiernoygestionpublica.edu.pe\/iggp1\/perfil-doctorado\/","og_locale":"es_ES","og_type":"article","og_title":"Perfil de graduado - Instituto de Gobierno y Gesti\u00f3n P\u00fablica","og_description":"Conoce m\u00e1s sobre el doctorado Doctorado en Gobierno y Pol\u00edtica P\u00fablica PERFIL DEL GRADUADO El graduado del doctorado en Gobierno y Pol\u00edtica P\u00fablica, es un profesional altamente calificado cuyas competencias le permiten generar conocimiento y desarrollar un juicio cr\u00edtico de su realidad contextual y generar propuestas de pol\u00edtica y de gesti\u00f3n p\u00fablica, para responder asertivamente ... Leer m\u00e1s","og_url":"https:\/\/gobiernoygestionpublica.edu.pe\/iggp1\/perfil-doctorado\/","og_site_name":"Instituto de Gobierno y Gesti\u00f3n P\u00fablica","article_modified_time":"2022-06-21T18:49:23+00:00","twitter_card":"summary_large_image","twitter_misc":{"Tiempo de lectura":"2 minutos"},"schema":{"@context":"https:\/\/schema.org","@graph":[{"@type":"WebSite","@id":"https:\/\/gobiernoygestionpublica.edu.pe\/iggp1\/#website","url":"https:\/\/gobiernoygestionpublica.edu.pe\/iggp1\/","name":"Instituto de Gobierno y Gesti\u00f3n P\u00fablica","description":"Instituto de Gobierno y Gesti\u00f3n P\u00fablica","potentialAction":[{"@type":"SearchAction","target":{"@type":"EntryPoint","urlTemplate":"https:\/\/gobiernoygestionpublica.edu.pe\/iggp1\/?s={search_term_string}"},"query-input":"required name=search_term_string"}],"inLanguage":"es"},{"@type":"WebPage","@id":"https:\/\/gobiernoygestionpublica.edu.pe\/iggp1\/perfil-doctorado\/#webpage","url":"https:\/\/gobiernoygestionpublica.edu.pe\/iggp1\/perfil-doctorado\/","name":"Perfil de graduado - Instituto de Gobierno y Gesti\u00f3n P\u00fablica","isPartOf":{"@id":"https:\/\/gobiernoygestionpublica.edu.pe\/iggp1\/#website"},"datePublished":"2022-06-21T17:18:01+00:00","dateModified":"2022-06-21T18:49:23+00:00","breadcrumb":{"@id":"https:\/\/gobiernoygestionpublica.edu.pe\/iggp1\/perfil-doctorado\/#breadcrumb"},"inLanguage":"es","potentialAction":[{"@type":"ReadAction","target":["https:\/\/gobiernoygestionpublica.edu.pe\/iggp1\/perfil-doctorado\/"]}]},{"@type":"BreadcrumbList","@id":"https:\/\/gobiernoygestionpublica.edu.pe\/iggp1\/perfil-doctorado\/#breadcrumb","itemListElement":[{"@type":"ListItem","position":1,"name":"Inicio","item":"https:\/\/gobiernoygestionpublica.edu.pe\/iggp1\/"},{"@type":"ListItem","position":2,"name":"Perfil de graduado"}]}]}},"_links":{"self":[{"href":"https:\/\/gobiernoygestionpublica.edu.pe\/iggp1\/wp-json\/wp\/v2\/pages\/17699"}],"collection":[{"href":"https:\/\/gobiernoygestionpublica.edu.pe\/iggp1\/wp-json\/wp\/v2\/pages"}],"about":[{"href":"https:\/\/gobiernoygestionpublica.edu.pe\/iggp1\/wp-json\/wp\/v2\/types\/page"}],"author":[{"embeddable":true,"href":"https:\/\/gobiernoygestionpublica.edu.pe\/iggp1\/wp-json\/wp\/v2\/users\/8"}],"replies":[{"embeddable":true,"href":"https:\/\/gobiernoygestionpublica.edu.pe\/iggp1\/wp-json\/wp\/v2\/comments?post=17699"}],"version-history":[{"count":7,"href":"https:\/\/gobiernoygestionpublica.edu.pe\/iggp1\/wp-json\/wp\/v2\/pages\/17699\/revisions"}],"predecessor-version":[{"id":17762,"href":"https:\/\/gobiernoygestionpublica.edu.pe\/iggp1\/wp-json\/wp\/v2\/pages\/17699\/revisions\/17762"}],"wp:attachment":[{"href":"https:\/\/gobiernoygestionpublica.edu.pe\/iggp1\/wp-json\/wp\/v2\/media?parent=17699"}],"curies":[{"name":"wp","href":"https:\/\/api.w.org\/{rel}","templated":true}]}}