{"id":17995,"date":"2022-07-02T04:14:05","date_gmt":"2022-07-02T04:14:05","guid":{"rendered":"https:\/\/gobiernoygestionpublica.edu.pe\/iggp1\/?page_id=17995"},"modified":"2022-07-02T04:35:45","modified_gmt":"2022-07-02T04:35:45","slug":"nota-01-07-2022","status":"publish","type":"page","link":"https:\/\/gobiernoygestionpublica.edu.pe\/iggp1\/nota-01-07-2022\/","title":{"rendered":"Nota de prensa"},"content":{"rendered":"\t\t<div data-elementor-type=\"wp-page\" data-elementor-id=\"17995\" class=\"elementor elementor-17995\">\n\t\t\t\t\t\t<div class=\"elementor-inner\">\n\t\t\t\t<div class=\"elementor-section-wrap\">\n\t\t\t\t\t\t\t\t\t<section class=\"elementor-section elementor-top-section elementor-element elementor-element-5955f1a slider elementor-section-boxed elementor-section-height-default elementor-section-height-default\" data-id=\"5955f1a\" data-element_type=\"section\" data-settings=\"{&quot;background_background&quot;:&quot;classic&quot;}\">\n\t\t\t\t\t\t<div class=\"elementor-container elementor-column-gap-no\">\n\t\t\t\t\t\t\t<div class=\"elementor-row\">\n\t\t\t\t\t<div class=\"elementor-column elementor-col-100 elementor-top-column elementor-element elementor-element-8063f7e\" data-id=\"8063f7e\" data-element_type=\"column\">\n\t\t\t<div class=\"elementor-column-wrap elementor-element-populated\">\n\t\t\t\t\t\t\t<div class=\"elementor-widget-wrap\">\n\t\t\t\t\t\t<div class=\"elementor-element elementor-element-4012453 elementor-cta--skin-cover elementor-widget elementor-widget-call-to-action\" data-id=\"4012453\" data-element_type=\"widget\" data-widget_type=\"call-to-action.default\">\n\t\t\t\t<div class=\"elementor-widget-container\">\n\t\t\t\t\t<div class=\"elementor-cta\">\n\t\t\t\t\t<div class=\"elementor-cta__bg-wrapper\">\n\t\t\t\t<div class=\"elementor-cta__bg elementor-bg\" style=\"background-image: url(https:\/\/gobiernoygestionpublica.edu.pe\/iggp1\/wp-content\/uploads\/2022\/06\/fondo_o_1.jpg);\"><\/div>\n\t\t\t\t<div class=\"elementor-cta__bg-overlay\"><\/div>\n\t\t\t<\/div>\n\t\t\t\t\t\t\t\t<\/div>\n\t\t\t\t<\/div>\n\t\t\t\t<\/div>\n\t\t\t\t<section class=\"elementor-section elementor-inner-section elementor-element elementor-element-5184992 elementor-reverse-mobile elementor-section-height-min-height elementor-section-boxed elementor-section-height-default\" data-id=\"5184992\" data-element_type=\"section\">\n\t\t\t\t\t\t<div class=\"elementor-container elementor-column-gap-default\">\n\t\t\t\t\t\t\t<div class=\"elementor-row\">\n\t\t\t\t\t<div class=\"elementor-column elementor-col-50 elementor-inner-column elementor-element elementor-element-3a69d05\" data-id=\"3a69d05\" data-element_type=\"column\">\n\t\t\t<div class=\"elementor-column-wrap\">\n\t\t\t\t\t\t\t<div class=\"elementor-widget-wrap\">\n\t\t\t\t\t\t\t\t<\/div>\n\t\t\t\t\t<\/div>\n\t\t<\/div>\n\t\t\t\t<div class=\"elementor-column elementor-col-50 elementor-inner-column elementor-element elementor-element-0a9aaac\" data-id=\"0a9aaac\" data-element_type=\"column\" data-settings=\"{&quot;background_background&quot;:&quot;classic&quot;}\">\n\t\t\t<div class=\"elementor-column-wrap elementor-element-populated\">\n\t\t\t\t\t\t\t<div class=\"elementor-widget-wrap\">\n\t\t\t\t\t\t<div class=\"elementor-element elementor-element-40d5dee elementor-widget elementor-widget-heading\" data-id=\"40d5dee\" data-element_type=\"widget\" data-widget_type=\"heading.default\">\n\t\t\t\t<div class=\"elementor-widget-container\">\n\t\t\t<h2 class=\"elementor-heading-title elementor-size-default\">Noticias y eventos IGGP<\/h2>\t\t<\/div>\n\t\t\t\t<\/div>\n\t\t\t\t\t\t<\/div>\n\t\t\t\t\t<\/div>\n\t\t<\/div>\n\t\t\t\t\t\t\t\t<\/div>\n\t\t\t\t\t<\/div>\n\t\t<\/section>\n\t\t\t\t\t\t<\/div>\n\t\t\t\t\t<\/div>\n\t\t<\/div>\n\t\t\t\t\t\t\t\t<\/div>\n\t\t\t\t\t<\/div>\n\t\t<\/section>\n\t\t\t\t<section class=\"elementor-section elementor-top-section elementor-element elementor-element-24d589ea elementor-section-boxed elementor-section-height-default elementor-section-height-default\" data-id=\"24d589ea\" data-element_type=\"section\">\n\t\t\t\t\t\t<div class=\"elementor-container elementor-column-gap-no\">\n\t\t\t\t\t\t\t<div class=\"elementor-row\">\n\t\t\t\t\t<div class=\"elementor-column elementor-col-100 elementor-top-column elementor-element elementor-element-4d1aaf6\" data-id=\"4d1aaf6\" data-element_type=\"column\">\n\t\t\t<div class=\"elementor-column-wrap elementor-element-populated\">\n\t\t\t\t\t\t\t<div class=\"elementor-widget-wrap\">\n\t\t\t\t\t\t<div class=\"elementor-element elementor-element-11f93c56 elementor-widget elementor-widget-template\" data-id=\"11f93c56\" data-element_type=\"widget\" data-widget_type=\"template.default\">\n\t\t\t\t<div class=\"elementor-widget-container\">\n\t\t\t\t\t<div class=\"elementor-template\">\n\t\t\t\t\t<div data-elementor-type=\"section\" data-elementor-id=\"643\" class=\"elementor elementor-643\">\n\t\t\t\t\t<div class=\"elementor-section-wrap\">\n\t\t\t\t\t\t\t\t<section class=\"elementor-section elementor-top-section elementor-element elementor-element-5e73f9ce elementor-section-boxed elementor-section-height-default elementor-section-height-default\" data-id=\"5e73f9ce\" data-element_type=\"section\">\n\t\t\t\t\t\t<div class=\"elementor-container elementor-column-gap-default\">\n\t\t\t\t\t\t\t<div class=\"elementor-row\">\n\t\t\t\t\t<div class=\"elementor-column elementor-col-100 elementor-top-column elementor-element elementor-element-1438bcca\" data-id=\"1438bcca\" data-element_type=\"column\">\n\t\t\t<div class=\"elementor-column-wrap elementor-element-populated\">\n\t\t\t\t\t\t\t<div class=\"elementor-widget-wrap\">\n\t\t\t\t\t\t<div class=\"elementor-element elementor-element-a651400 elementor-widget elementor-widget-breadcrumbs\" data-id=\"a651400\" data-element_type=\"widget\" data-widget_type=\"breadcrumbs.default\">\n\t\t\t\t<div class=\"elementor-widget-container\">\n\t\t\t<p id=\"breadcrumbs\"><span><span><a href=\"https:\/\/gobiernoygestionpublica.edu.pe\/iggp1\/\">Inicio<\/a><\/span><\/p>\t\t<\/div>\n\t\t\t\t<\/div>\n\t\t\t\t\t\t<\/div>\n\t\t\t\t\t<\/div>\n\t\t<\/div>\n\t\t\t\t\t\t\t\t<\/div>\n\t\t\t\t\t<\/div>\n\t\t<\/section>\n\t\t\t\t\t\t\t<\/div>\n\t\t\t\t<\/div>\n\t\t\t\t<\/div>\n\t\t\t\t<\/div>\n\t\t\t\t<\/div>\n\t\t\t\t\t\t<\/div>\n\t\t\t\t\t<\/div>\n\t\t<\/div>\n\t\t\t\t\t\t\t\t<\/div>\n\t\t\t\t\t<\/div>\n\t\t<\/section>\n\t\t\t\t<section class=\"elementor-section elementor-top-section elementor-element elementor-element-2f4a864a elementor-hidden-desktop elementor-hidden-tablet elementor-section-boxed elementor-section-height-default elementor-section-height-default\" data-id=\"2f4a864a\" data-element_type=\"section\">\n\t\t\t\t\t\t<div class=\"elementor-container elementor-column-gap-default\">\n\t\t\t\t\t\t\t<div class=\"elementor-row\">\n\t\t\t\t\t<div class=\"elementor-column elementor-col-100 elementor-top-column elementor-element elementor-element-71a99689\" data-id=\"71a99689\" data-element_type=\"column\">\n\t\t\t<div class=\"elementor-column-wrap elementor-element-populated\">\n\t\t\t\t\t\t\t<div class=\"elementor-widget-wrap\">\n\t\t\t\t\t\t\t\t<\/div>\n\t\t\t\t\t<\/div>\n\t\t<\/div>\n\t\t\t\t\t\t\t\t<\/div>\n\t\t\t\t\t<\/div>\n\t\t<\/section>\n\t\t\t\t<section class=\"elementor-section elementor-top-section elementor-element elementor-element-68e3bdf7 elementor-section-boxed elementor-section-height-default elementor-section-height-default\" data-id=\"68e3bdf7\" data-element_type=\"section\">\n\t\t\t\t\t\t<div class=\"elementor-container elementor-column-gap-default\">\n\t\t\t\t\t\t\t<div class=\"elementor-row\">\n\t\t\t\t\t<div class=\"elementor-column elementor-col-100 elementor-top-column elementor-element elementor-element-7fb9bb56\" data-id=\"7fb9bb56\" data-element_type=\"column\">\n\t\t\t<div class=\"elementor-column-wrap elementor-element-populated\">\n\t\t\t\t\t\t\t<div class=\"elementor-widget-wrap\">\n\t\t\t\t\t\t<div class=\"elementor-element elementor-element-1cdfcd25 elementor-widget elementor-widget-heading\" data-id=\"1cdfcd25\" data-element_type=\"widget\" data-widget_type=\"heading.default\">\n\t\t\t\t<div class=\"elementor-widget-container\">\n\t\t\t<div class=\"elementor-heading-title elementor-size-default\">El Instituto de Gobierno y de Gesti\u00f3n P\u00fablica de la Universidad San Mart\u00edn de Porres realiz\u00f3 conferencia: \u201cECONOM\u00cdA PERUANA: RETOS Y POSIBILIDADES EN INCERTIDUMBRE\u201d<\/div>\t\t<\/div>\n\t\t\t\t<\/div>\n\t\t\t\t<div class=\"elementor-element elementor-element-cd55207 elementor-widget elementor-widget-text-editor\" data-id=\"cd55207\" data-element_type=\"widget\" data-widget_type=\"text-editor.default\">\n\t\t\t\t<div class=\"elementor-widget-container\">\n\t\t\t\t\t\t\t\t<div class=\"elementor-text-editor elementor-clearfix\">\n\t\t\t\tJulio 1, 2022\n\n<p align=\"justify\">Con el objetivo de promover un an\u00e1lisis responsable y aplicado sobre gesti\u00f3n p\u00fablica, considerando aspectos econ\u00f3micos, sociales y pol\u00edticos relevantes para el pa\u00eds, Laura Calder\u00f3n Coordinadora Acad\u00e9mica del Instituto de Gobierno y Gesti\u00f3n P\u00fablica de la Universidad de San Mart\u00edn de Porres mencion\u00f3 que se desarrollaran una serie de Conferencias virtuales accesibles a todos los interesados.<\/p>\n\n<p align=\"justify\">La primera de estas Conferencias tuvo lugar el 30 de junio, denominada \u201cEconom\u00eda Peruana: retos y posibilidades en incertidumbre\u201d a cargo de dos renombrados economistas conocedores y hacedores de pol\u00edticas p\u00fablicas, que han contribuido con sentar las bases de importantes reformas en el pa\u00eds. De un lado, Carlos Oliva Neyra actual Presidente del Consejo Fiscal y Director del Banco Central de Reserva del Per\u00fa (BCRP). En el Ministerio de Econom\u00eda y Finanzas ejerci\u00f3 los cargos de Viceministro de Hacienda (2011-2015) y de Ministro de Estado (2018-2019), habiendo tenido tambi\u00e9n otros cargos importantes en el sector p\u00fablico y en organismos internacionales. Se cont\u00f3 tambi\u00e9n con la participaci\u00f3n de Jos\u00e9 Valderrama Le\u00f3n, actualmente consultor independiente, previamente Director del Banco Central de Reserva del Per\u00fa (BCRP), as\u00ed como Gerente de Estudios Econ\u00f3micos del BCRP, Director de Asuntos Econ\u00f3micos y asesor en el Ministerio de Econom\u00eda y Finanzas, as\u00ed como funcionario del Fondo Monetario Internacional, entre otros cargos.<\/p>\n\n<p align=\"justify\">En esta Conferencia, se destac\u00f3 los objetivos centrales de la pol\u00edtica econ\u00f3mica: preservar la estabilidad fiscal, monetaria, sector externo y sector financiero, as\u00ed como crear un clima adecuado para el desarrollo empresarial y de negocios, propendiendo el aumento de la competitividad de la econom\u00eda. Ello permitir\u00eda un crecimiento del PBI potencial alto y sostenido, que se reflejar\u00eda en mayores ingresos y empleo adecuado a nivel de todas las regiones del pa\u00eds. Las condiciones internas y externas actuales, sin embargo, son negativas y muy inciertas, lo que impone adoptar medidas con mucho cuidado, pero oportunas, serias y teniendo en cuenta los riesgos presentes en diversos escenarios.<\/p>\n\n<p align=\"justify\">A nivel externo se expuso el deterioro del escenario macroecon\u00f3mico internacional que se refleja en fuertes ajustes en las perspectivas de crecimiento y un incremento de la inflaci\u00f3n que est\u00e1 originando un r\u00e1pido endurecimiento de las condiciones monetarias. En el corto plazo existe la posibilidad de que este entorno se complique m\u00e1s dado el conflicto Rusia-Ucrania y sus consecuencias en la relaci\u00f3n Este-Oeste; las reacciones de los bancos centrales para controlar la inflaci\u00f3n y sus impactos en reducci\u00f3n de demanda de productos que importan las econom\u00edas avanzadas, as\u00ed como en el costo del financiamiento, menores flujos a pa\u00edses emergentes y mayor volatilidad del mercado financiero. En este entorno, as\u00ed como con el contexto pol\u00edtico y social interno, las proyecciones para el Per\u00fa del PBI, inflaci\u00f3n, inversi\u00f3n, empleo adecuado, desempe\u00f1o de sectores claves como agricultura, miner\u00eda, forestal, conflictos sociales, como muchos otros, no son alentadoras. As\u00ed, en una perspectiva de largo plazo para la econom\u00eda peruana, habiendo crecido con fluctuaciones en los \u00faltimos 70 a\u00f1os, existe la posibilidad de estancamiento en el mediano plazo, que afectar\u00eda sensiblemente las potencialidades de crecimiento del pa\u00eds, reducci\u00f3n de los niveles de pobreza, recuperaci\u00f3n de ingresos, generaci\u00f3n de empleo adecuado, prestaci\u00f3n \u00f3ptima de servicios p\u00fablicos, entre otros.<\/p>\n\n<p align=\"justify\">Para mitigar estos riesgos macroecon\u00f3micos de mediano plazo es necesario crear las condiciones necesarias para impulsar la inversi\u00f3n privada y generar mayor empleo y de mejor calidad. La pol\u00edtica monetaria y fiscal tiene grandes desaf\u00edos. As\u00ed el cumplimiento de las metas fiscales de mediano plazo demandar\u00e1 un importante esfuerzo fiscal que implica (i) incrementar los ingresos fiscales de forma permanente y mantener una actitud prudente ante el incremento de ingresos de car\u00e1cter transitorio, y (ii) mantener los niveles de gasto bajo control en un marco de mayor eficiencia y consenso para mitigar demandas en exceso, lo que incluye frenar el populismo (del Congreso y del Ejecutivo). Todo ello servir\u00e1 para incrementar los ahorros fiscales que permitan hacer frente a posibles nuevos escenarios de estr\u00e9s<\/p>\n\n<p align=\"justify\">Los expositores destacaron que el esfuerzo no es sencillo y requiere consistencia y coherencia de pol\u00edticas, cohesi\u00f3n social, fortaleza institucional, madurez pol\u00edtica, entre otros factores. Tambi\u00e9n y no menos importante, se\u00f1alaron la necesidad de una implementaci\u00f3n efectiva de todos los planes y programas, as\u00ed como definici\u00f3n de indicadores concretos para una evaluaci\u00f3n constante.<\/p>\n\n<em>Miraflores, 1 de julio 2022<\/em>\t\t\t\t\t<\/div>\n\t\t\t\t\t\t<\/div>\n\t\t\t\t<\/div>\n\t\t\t\t\t\t<\/div>\n\t\t\t\t\t<\/div>\n\t\t<\/div>\n\t\t\t\t\t\t\t\t<\/div>\n\t\t\t\t\t<\/div>\n\t\t<\/section>\n\t\t\t\t\t\t\t\t\t<\/div>\n\t\t\t<\/div>\n\t\t\t\t\t<\/div>\n\t\t","protected":false},"excerpt":{"rendered":"<p>Noticias y eventos IGGP El Instituto de Gobierno y de Gesti\u00f3n P\u00fablica de la Universidad San Mart\u00edn de Porres realiz\u00f3 conferencia: \u201cECONOM\u00cdA PERUANA: RETOS Y POSIBILIDADES EN INCERTIDUMBRE\u201d Julio 1, 2022 Con el objetivo de promover un an\u00e1lisis responsable y aplicado sobre gesti\u00f3n p\u00fablica, considerando aspectos econ\u00f3micos, sociales y pol\u00edticos relevantes para el pa\u00eds, Laura &#8230; <a title=\"Nota de prensa\" class=\"read-more\" href=\"https:\/\/gobiernoygestionpublica.edu.pe\/iggp1\/nota-01-07-2022\/\" aria-label=\"M\u00e1s en Nota de prensa\">Leer m\u00e1s<\/a><\/p>\n","protected":false},"author":8,"featured_media":0,"parent":0,"menu_order":0,"comment_status":"closed","ping_status":"closed","template":"elementor_header_footer","meta":[],"yoast_head":"<!-- This site is optimized with the Yoast SEO plugin v18.8 - https:\/\/yoast.com\/wordpress\/plugins\/seo\/ -->\n<title>Nota de prensa - Instituto de Gobierno y Gesti\u00f3n P\u00fablica<\/title>\n<meta name=\"robots\" content=\"index, follow, max-snippet:-1, max-image-preview:large, max-video-preview:-1\" \/>\n<link rel=\"canonical\" href=\"https:\/\/gobiernoygestionpublica.edu.pe\/iggp1\/nota-01-07-2022\/\" \/>\n<meta property=\"og:locale\" content=\"es_ES\" \/>\n<meta property=\"og:type\" content=\"article\" \/>\n<meta property=\"og:title\" content=\"Nota de prensa - Instituto de Gobierno y Gesti\u00f3n P\u00fablica\" \/>\n<meta property=\"og:description\" content=\"Noticias y eventos IGGP El Instituto de Gobierno y de Gesti\u00f3n P\u00fablica de la Universidad San Mart\u00edn de Porres realiz\u00f3 conferencia: \u201cECONOM\u00cdA PERUANA: RETOS Y POSIBILIDADES EN INCERTIDUMBRE\u201d Julio 1, 2022 Con el objetivo de promover un an\u00e1lisis responsable y aplicado sobre gesti\u00f3n p\u00fablica, considerando aspectos econ\u00f3micos, sociales y pol\u00edticos relevantes para el pa\u00eds, Laura ... Leer m\u00e1s\" \/>\n<meta property=\"og:url\" content=\"https:\/\/gobiernoygestionpublica.edu.pe\/iggp1\/nota-01-07-2022\/\" \/>\n<meta property=\"og:site_name\" content=\"Instituto de Gobierno y Gesti\u00f3n P\u00fablica\" \/>\n<meta property=\"article:modified_time\" content=\"2022-07-02T04:35:45+00:00\" \/>\n<meta name=\"twitter:card\" content=\"summary_large_image\" \/>\n<meta name=\"twitter:label1\" content=\"Tiempo de lectura\" \/>\n\t<meta name=\"twitter:data1\" content=\"4 minutos\" \/>\n<script type=\"application\/ld+json\" class=\"yoast-schema-graph\">{\"@context\":\"https:\/\/schema.org\",\"@graph\":[{\"@type\":\"WebSite\",\"@id\":\"https:\/\/gobiernoygestionpublica.edu.pe\/iggp1\/#website\",\"url\":\"https:\/\/gobiernoygestionpublica.edu.pe\/iggp1\/\",\"name\":\"Instituto de Gobierno y Gesti\u00f3n P\u00fablica\",\"description\":\"Instituto de Gobierno y Gesti\u00f3n P\u00fablica\",\"potentialAction\":[{\"@type\":\"SearchAction\",\"target\":{\"@type\":\"EntryPoint\",\"urlTemplate\":\"https:\/\/gobiernoygestionpublica.edu.pe\/iggp1\/?s={search_term_string}\"},\"query-input\":\"required name=search_term_string\"}],\"inLanguage\":\"es\"},{\"@type\":\"WebPage\",\"@id\":\"https:\/\/gobiernoygestionpublica.edu.pe\/iggp1\/nota-01-07-2022\/#webpage\",\"url\":\"https:\/\/gobiernoygestionpublica.edu.pe\/iggp1\/nota-01-07-2022\/\",\"name\":\"Nota de prensa - Instituto de Gobierno y Gesti\u00f3n P\u00fablica\",\"isPartOf\":{\"@id\":\"https:\/\/gobiernoygestionpublica.edu.pe\/iggp1\/#website\"},\"datePublished\":\"2022-07-02T04:14:05+00:00\",\"dateModified\":\"2022-07-02T04:35:45+00:00\",\"breadcrumb\":{\"@id\":\"https:\/\/gobiernoygestionpublica.edu.pe\/iggp1\/nota-01-07-2022\/#breadcrumb\"},\"inLanguage\":\"es\",\"potentialAction\":[{\"@type\":\"ReadAction\",\"target\":[\"https:\/\/gobiernoygestionpublica.edu.pe\/iggp1\/nota-01-07-2022\/\"]}]},{\"@type\":\"BreadcrumbList\",\"@id\":\"https:\/\/gobiernoygestionpublica.edu.pe\/iggp1\/nota-01-07-2022\/#breadcrumb\",\"itemListElement\":[{\"@type\":\"ListItem\",\"position\":1,\"name\":\"Inicio\",\"item\":\"https:\/\/gobiernoygestionpublica.edu.pe\/iggp1\/\"},{\"@type\":\"ListItem\",\"position\":2,\"name\":\"Nota de prensa\"}]}]}<\/script>\n<!-- \/ Yoast SEO plugin. -->","yoast_head_json":{"title":"Nota de prensa - Instituto de Gobierno y Gesti\u00f3n P\u00fablica","robots":{"index":"index","follow":"follow","max-snippet":"max-snippet:-1","max-image-preview":"max-image-preview:large","max-video-preview":"max-video-preview:-1"},"canonical":"https:\/\/gobiernoygestionpublica.edu.pe\/iggp1\/nota-01-07-2022\/","og_locale":"es_ES","og_type":"article","og_title":"Nota de prensa - Instituto de Gobierno y Gesti\u00f3n P\u00fablica","og_description":"Noticias y eventos IGGP El Instituto de Gobierno y de Gesti\u00f3n P\u00fablica de la Universidad San Mart\u00edn de Porres realiz\u00f3 conferencia: \u201cECONOM\u00cdA PERUANA: RETOS Y POSIBILIDADES EN INCERTIDUMBRE\u201d Julio 1, 2022 Con el objetivo de promover un an\u00e1lisis responsable y aplicado sobre gesti\u00f3n p\u00fablica, considerando aspectos econ\u00f3micos, sociales y pol\u00edticos relevantes para el pa\u00eds, Laura ... Leer m\u00e1s","og_url":"https:\/\/gobiernoygestionpublica.edu.pe\/iggp1\/nota-01-07-2022\/","og_site_name":"Instituto de Gobierno y Gesti\u00f3n P\u00fablica","article_modified_time":"2022-07-02T04:35:45+00:00","twitter_card":"summary_large_image","twitter_misc":{"Tiempo de lectura":"4 minutos"},"schema":{"@context":"https:\/\/schema.org","@graph":[{"@type":"WebSite","@id":"https:\/\/gobiernoygestionpublica.edu.pe\/iggp1\/#website","url":"https:\/\/gobiernoygestionpublica.edu.pe\/iggp1\/","name":"Instituto de Gobierno y Gesti\u00f3n P\u00fablica","description":"Instituto de Gobierno y Gesti\u00f3n P\u00fablica","potentialAction":[{"@type":"SearchAction","target":{"@type":"EntryPoint","urlTemplate":"https:\/\/gobiernoygestionpublica.edu.pe\/iggp1\/?s={search_term_string}"},"query-input":"required name=search_term_string"}],"inLanguage":"es"},{"@type":"WebPage","@id":"https:\/\/gobiernoygestionpublica.edu.pe\/iggp1\/nota-01-07-2022\/#webpage","url":"https:\/\/gobiernoygestionpublica.edu.pe\/iggp1\/nota-01-07-2022\/","name":"Nota de prensa - Instituto de Gobierno y Gesti\u00f3n P\u00fablica","isPartOf":{"@id":"https:\/\/gobiernoygestionpublica.edu.pe\/iggp1\/#website"},"datePublished":"2022-07-02T04:14:05+00:00","dateModified":"2022-07-02T04:35:45+00:00","breadcrumb":{"@id":"https:\/\/gobiernoygestionpublica.edu.pe\/iggp1\/nota-01-07-2022\/#breadcrumb"},"inLanguage":"es","potentialAction":[{"@type":"ReadAction","target":["https:\/\/gobiernoygestionpublica.edu.pe\/iggp1\/nota-01-07-2022\/"]}]},{"@type":"BreadcrumbList","@id":"https:\/\/gobiernoygestionpublica.edu.pe\/iggp1\/nota-01-07-2022\/#breadcrumb","itemListElement":[{"@type":"ListItem","position":1,"name":"Inicio","item":"https:\/\/gobiernoygestionpublica.edu.pe\/iggp1\/"},{"@type":"ListItem","position":2,"name":"Nota de prensa"}]}]}},"_links":{"self":[{"href":"https:\/\/gobiernoygestionpublica.edu.pe\/iggp1\/wp-json\/wp\/v2\/pages\/17995"}],"collection":[{"href":"https:\/\/gobiernoygestionpublica.edu.pe\/iggp1\/wp-json\/wp\/v2\/pages"}],"about":[{"href":"https:\/\/gobiernoygestionpublica.edu.pe\/iggp1\/wp-json\/wp\/v2\/types\/page"}],"author":[{"embeddable":true,"href":"https:\/\/gobiernoygestionpublica.edu.pe\/iggp1\/wp-json\/wp\/v2\/users\/8"}],"replies":[{"embeddable":true,"href":"https:\/\/gobiernoygestionpublica.edu.pe\/iggp1\/wp-json\/wp\/v2\/comments?post=17995"}],"version-history":[{"count":10,"href":"https:\/\/gobiernoygestionpublica.edu.pe\/iggp1\/wp-json\/wp\/v2\/pages\/17995\/revisions"}],"predecessor-version":[{"id":18022,"href":"https:\/\/gobiernoygestionpublica.edu.pe\/iggp1\/wp-json\/wp\/v2\/pages\/17995\/revisions\/18022"}],"wp:attachment":[{"href":"https:\/\/gobiernoygestionpublica.edu.pe\/iggp1\/wp-json\/wp\/v2\/media?parent=17995"}],"curies":[{"name":"wp","href":"https:\/\/api.w.org\/{rel}","templated":true}]}}