{"id":18191,"date":"2022-08-11T20:48:44","date_gmt":"2022-08-11T20:48:44","guid":{"rendered":"https:\/\/gobiernoygestionpublica.edu.pe\/iggp1\/?page_id=18191"},"modified":"2025-05-09T20:34:38","modified_gmt":"2025-05-09T20:34:38","slug":"presentacion","status":"publish","type":"page","link":"https:\/\/gobiernoygestionpublica.edu.pe\/iggp1\/presentacion\/","title":{"rendered":"Presentaci\u00f3n"},"content":{"rendered":"\t\t<div data-elementor-type=\"wp-page\" data-elementor-id=\"18191\" class=\"elementor elementor-18191\">\n\t\t\t\t\t\t<div class=\"elementor-inner\">\n\t\t\t\t<div class=\"elementor-section-wrap\">\n\t\t\t\t\t\t\t\t\t<section class=\"elementor-section elementor-top-section elementor-element elementor-element-5955f1a slider elementor-section-boxed elementor-section-height-default elementor-section-height-default\" data-id=\"5955f1a\" data-element_type=\"section\" data-settings=\"{&quot;background_background&quot;:&quot;classic&quot;}\">\n\t\t\t\t\t\t<div class=\"elementor-container elementor-column-gap-no\">\n\t\t\t\t\t\t\t<div class=\"elementor-row\">\n\t\t\t\t\t<div class=\"elementor-column elementor-col-100 elementor-top-column elementor-element elementor-element-8063f7e\" data-id=\"8063f7e\" data-element_type=\"column\">\n\t\t\t<div class=\"elementor-column-wrap elementor-element-populated\">\n\t\t\t\t\t\t\t<div class=\"elementor-widget-wrap\">\n\t\t\t\t\t\t<div class=\"elementor-element elementor-element-4012453 elementor-cta--skin-cover elementor-widget elementor-widget-call-to-action\" data-id=\"4012453\" data-element_type=\"widget\" data-widget_type=\"call-to-action.default\">\n\t\t\t\t<div class=\"elementor-widget-container\">\n\t\t\t\t\t<div class=\"elementor-cta\">\n\t\t\t\t\t<div class=\"elementor-cta__bg-wrapper\">\n\t\t\t\t<div class=\"elementor-cta__bg elementor-bg\" style=\"background-image: url(https:\/\/gobiernoygestionpublica.edu.pe\/iggp1\/wp-content\/uploads\/2022\/06\/fondo_o_1.jpg);\"><\/div>\n\t\t\t\t<div class=\"elementor-cta__bg-overlay\"><\/div>\n\t\t\t<\/div>\n\t\t\t\t\t\t\t\t<\/div>\n\t\t\t\t<\/div>\n\t\t\t\t<\/div>\n\t\t\t\t<section class=\"elementor-section elementor-inner-section elementor-element elementor-element-5184992 elementor-reverse-mobile elementor-section-height-min-height elementor-section-boxed elementor-section-height-default\" data-id=\"5184992\" data-element_type=\"section\">\n\t\t\t\t\t\t<div class=\"elementor-container elementor-column-gap-default\">\n\t\t\t\t\t\t\t<div class=\"elementor-row\">\n\t\t\t\t\t<div class=\"elementor-column elementor-col-50 elementor-inner-column elementor-element elementor-element-3a69d05\" data-id=\"3a69d05\" data-element_type=\"column\">\n\t\t\t<div class=\"elementor-column-wrap\">\n\t\t\t\t\t\t\t<div class=\"elementor-widget-wrap\">\n\t\t\t\t\t\t\t\t<\/div>\n\t\t\t\t\t<\/div>\n\t\t<\/div>\n\t\t\t\t<div class=\"elementor-column elementor-col-50 elementor-inner-column elementor-element elementor-element-0a9aaac\" data-id=\"0a9aaac\" data-element_type=\"column\" data-settings=\"{&quot;background_background&quot;:&quot;classic&quot;}\">\n\t\t\t<div class=\"elementor-column-wrap elementor-element-populated\">\n\t\t\t\t\t\t\t<div class=\"elementor-widget-wrap\">\n\t\t\t\t\t\t<div class=\"elementor-element elementor-element-40d5dee elementor-widget elementor-widget-heading\" data-id=\"40d5dee\" data-element_type=\"widget\" data-widget_type=\"heading.default\">\n\t\t\t\t<div class=\"elementor-widget-container\">\n\t\t\t<h2 class=\"elementor-heading-title elementor-size-default\">Conoce m\u00e1s sobre el Instituto de Gobierno y Gesti\u00f3n P\u00fablica<\/h2>\t\t<\/div>\n\t\t\t\t<\/div>\n\t\t\t\t\t\t<\/div>\n\t\t\t\t\t<\/div>\n\t\t<\/div>\n\t\t\t\t\t\t\t\t<\/div>\n\t\t\t\t\t<\/div>\n\t\t<\/section>\n\t\t\t\t\t\t<\/div>\n\t\t\t\t\t<\/div>\n\t\t<\/div>\n\t\t\t\t\t\t\t\t<\/div>\n\t\t\t\t\t<\/div>\n\t\t<\/section>\n\t\t\t\t<section class=\"elementor-section elementor-top-section elementor-element elementor-element-24d589ea elementor-section-boxed elementor-section-height-default elementor-section-height-default\" data-id=\"24d589ea\" data-element_type=\"section\">\n\t\t\t\t\t\t<div class=\"elementor-container elementor-column-gap-no\">\n\t\t\t\t\t\t\t<div class=\"elementor-row\">\n\t\t\t\t\t<div class=\"elementor-column elementor-col-100 elementor-top-column elementor-element elementor-element-4d1aaf6\" data-id=\"4d1aaf6\" data-element_type=\"column\">\n\t\t\t<div class=\"elementor-column-wrap elementor-element-populated\">\n\t\t\t\t\t\t\t<div class=\"elementor-widget-wrap\">\n\t\t\t\t\t\t<div class=\"elementor-element elementor-element-11f93c56 elementor-widget elementor-widget-template\" data-id=\"11f93c56\" data-element_type=\"widget\" data-widget_type=\"template.default\">\n\t\t\t\t<div class=\"elementor-widget-container\">\n\t\t\t\t\t<div class=\"elementor-template\">\n\t\t\t\t\t<div data-elementor-type=\"section\" data-elementor-id=\"643\" class=\"elementor elementor-643\">\n\t\t\t\t\t<div class=\"elementor-section-wrap\">\n\t\t\t\t\t\t\t\t<section class=\"elementor-section elementor-top-section elementor-element elementor-element-5e73f9ce elementor-section-boxed elementor-section-height-default elementor-section-height-default\" data-id=\"5e73f9ce\" data-element_type=\"section\">\n\t\t\t\t\t\t<div class=\"elementor-container elementor-column-gap-default\">\n\t\t\t\t\t\t\t<div class=\"elementor-row\">\n\t\t\t\t\t<div class=\"elementor-column elementor-col-100 elementor-top-column elementor-element elementor-element-1438bcca\" data-id=\"1438bcca\" data-element_type=\"column\">\n\t\t\t<div class=\"elementor-column-wrap elementor-element-populated\">\n\t\t\t\t\t\t\t<div class=\"elementor-widget-wrap\">\n\t\t\t\t\t\t<div class=\"elementor-element elementor-element-a651400 elementor-widget elementor-widget-breadcrumbs\" data-id=\"a651400\" data-element_type=\"widget\" data-widget_type=\"breadcrumbs.default\">\n\t\t\t\t<div class=\"elementor-widget-container\">\n\t\t\t<p id=\"breadcrumbs\"><span><span><a href=\"https:\/\/gobiernoygestionpublica.edu.pe\/iggp1\/\">Inicio<\/a><\/span><\/p>\t\t<\/div>\n\t\t\t\t<\/div>\n\t\t\t\t\t\t<\/div>\n\t\t\t\t\t<\/div>\n\t\t<\/div>\n\t\t\t\t\t\t\t\t<\/div>\n\t\t\t\t\t<\/div>\n\t\t<\/section>\n\t\t\t\t\t\t\t<\/div>\n\t\t\t\t<\/div>\n\t\t\t\t<\/div>\n\t\t\t\t<\/div>\n\t\t\t\t<\/div>\n\t\t\t\t\t\t<\/div>\n\t\t\t\t\t<\/div>\n\t\t<\/div>\n\t\t\t\t\t\t\t\t<\/div>\n\t\t\t\t\t<\/div>\n\t\t<\/section>\n\t\t\t\t<section class=\"elementor-section elementor-top-section elementor-element elementor-element-2f4a864a elementor-hidden-desktop elementor-hidden-tablet elementor-section-boxed elementor-section-height-default elementor-section-height-default\" data-id=\"2f4a864a\" data-element_type=\"section\">\n\t\t\t\t\t\t<div class=\"elementor-container elementor-column-gap-default\">\n\t\t\t\t\t\t\t<div class=\"elementor-row\">\n\t\t\t\t\t<div class=\"elementor-column elementor-col-100 elementor-top-column elementor-element elementor-element-71a99689\" data-id=\"71a99689\" data-element_type=\"column\">\n\t\t\t<div class=\"elementor-column-wrap elementor-element-populated\">\n\t\t\t\t\t\t\t<div class=\"elementor-widget-wrap\">\n\t\t\t\t\t\t\t\t<\/div>\n\t\t\t\t\t<\/div>\n\t\t<\/div>\n\t\t\t\t\t\t\t\t<\/div>\n\t\t\t\t\t<\/div>\n\t\t<\/section>\n\t\t\t\t<section class=\"elementor-section elementor-top-section elementor-element elementor-element-68e3bdf7 elementor-section-boxed elementor-section-height-default elementor-section-height-default\" data-id=\"68e3bdf7\" data-element_type=\"section\">\n\t\t\t\t\t\t<div class=\"elementor-container elementor-column-gap-default\">\n\t\t\t\t\t\t\t<div class=\"elementor-row\">\n\t\t\t\t\t<div class=\"elementor-column elementor-col-100 elementor-top-column elementor-element elementor-element-7fb9bb56\" data-id=\"7fb9bb56\" data-element_type=\"column\">\n\t\t\t<div class=\"elementor-column-wrap elementor-element-populated\">\n\t\t\t\t\t\t\t<div class=\"elementor-widget-wrap\">\n\t\t\t\t\t\t<div class=\"elementor-element elementor-element-1cdfcd25 elementor-widget elementor-widget-heading\" data-id=\"1cdfcd25\" data-element_type=\"widget\" data-widget_type=\"heading.default\">\n\t\t\t\t<div class=\"elementor-widget-container\">\n\t\t\t<div class=\"elementor-heading-title elementor-size-default\">Presentaci\u00f3n<\/div>\t\t<\/div>\n\t\t\t\t<\/div>\n\t\t\t\t\t\t<\/div>\n\t\t\t\t\t<\/div>\n\t\t<\/div>\n\t\t\t\t\t\t\t\t<\/div>\n\t\t\t\t\t<\/div>\n\t\t<\/section>\n\t\t\t\t<section class=\"elementor-section elementor-top-section elementor-element elementor-element-47acc66 elementor-section-boxed elementor-section-height-default elementor-section-height-default\" data-id=\"47acc66\" data-element_type=\"section\">\n\t\t\t\t\t\t<div class=\"elementor-container elementor-column-gap-default\">\n\t\t\t\t\t\t\t<div class=\"elementor-row\">\n\t\t\t\t\t<div class=\"elementor-column elementor-col-100 elementor-top-column elementor-element elementor-element-0ce9a91\" data-id=\"0ce9a91\" data-element_type=\"column\">\n\t\t\t<div class=\"elementor-column-wrap elementor-element-populated\">\n\t\t\t\t\t\t\t<div class=\"elementor-widget-wrap\">\n\t\t\t\t\t\t<section class=\"elementor-section elementor-inner-section elementor-element elementor-element-584aec2 elementor-section-boxed elementor-section-height-default elementor-section-height-default\" data-id=\"584aec2\" data-element_type=\"section\">\n\t\t\t\t\t\t<div class=\"elementor-container elementor-column-gap-default\">\n\t\t\t\t\t\t\t<div class=\"elementor-row\">\n\t\t\t\t\t<div class=\"elementor-column elementor-col-50 elementor-inner-column elementor-element elementor-element-3b27a8d\" data-id=\"3b27a8d\" data-element_type=\"column\">\n\t\t\t<div class=\"elementor-column-wrap elementor-element-populated\">\n\t\t\t\t\t\t\t<div class=\"elementor-widget-wrap\">\n\t\t\t\t\t\t<div class=\"elementor-element elementor-element-a7312c3 elementor-nav-menu--dropdown-tablet elementor-nav-menu__text-align-aside elementor-nav-menu--toggle elementor-nav-menu--burger elementor-widget elementor-widget-nav-menu\" data-id=\"a7312c3\" data-element_type=\"widget\" data-settings=\"{&quot;layout&quot;:&quot;vertical&quot;,&quot;submenu_icon&quot;:{&quot;value&quot;:&quot;&lt;i class=\\&quot;\\&quot;&gt;&lt;\\\/i&gt;&quot;,&quot;library&quot;:&quot;&quot;},&quot;toggle&quot;:&quot;burger&quot;}\" data-widget_type=\"nav-menu.default\">\n\t\t\t\t<div class=\"elementor-widget-container\">\n\t\t\t\t\t\t<nav migration_allowed=\"1\" migrated=\"0\" role=\"navigation\" class=\"elementor-nav-menu--main elementor-nav-menu__container elementor-nav-menu--layout-vertical e--pointer-background e--animation-fade\">\n\t\t\t\t<ul id=\"menu-1-a7312c3\" class=\"elementor-nav-menu sm-vertical\"><li class=\"menu-item menu-item-type-post_type menu-item-object-page menu-item-18196\"><a href=\"https:\/\/gobiernoygestionpublica.edu.pe\/iggp1\/presentacion\/\" class=\"elementor-item\">Presentaci\u00f3n<\/a><\/li>\n<li class=\"menu-item menu-item-type-post_type menu-item-object-page menu-item-18208\"><a href=\"https:\/\/gobiernoygestionpublica.edu.pe\/iggp1\/mision-vision\/\" class=\"elementor-item\">Misi\u00f3n y Visi\u00f3n<\/a><\/li>\n<li class=\"menu-item menu-item-type-post_type menu-item-object-page menu-item-20329\"><a href=\"https:\/\/gobiernoygestionpublica.edu.pe\/iggp1\/objetivos\/\" class=\"elementor-item\">Objetivos<\/a><\/li>\n<li class=\"menu-item menu-item-type-post_type menu-item-object-page menu-item-20803\"><a href=\"https:\/\/gobiernoygestionpublica.edu.pe\/iggp1\/cultura-institucional\/\" class=\"elementor-item\">Cultura Institucional<\/a><\/li>\n<li class=\"menu-item menu-item-type-post_type menu-item-object-page menu-item-21744\"><a href=\"https:\/\/gobiernoygestionpublica.edu.pe\/iggp1\/organigrama\/\" class=\"elementor-item\">Organigrama<\/a><\/li>\n<li class=\"menu-item menu-item-type-post_type menu-item-object-page menu-item-21226\"><a href=\"https:\/\/gobiernoygestionpublica.edu.pe\/iggp1\/infraestructura\/\" class=\"elementor-item\">Infraestructura<\/a><\/li>\n<\/ul>\t\t\t<\/nav>\n\t\t\t\t\t<div class=\"elementor-menu-toggle\" role=\"button\" tabindex=\"0\" aria-label=\"Menu Toggle\" aria-expanded=\"false\">\n\t\t\t<i aria-hidden=\"true\" role=\"presentation\" class=\"elementor-menu-toggle__icon--open eicon-menu-bar\"><\/i><i aria-hidden=\"true\" role=\"presentation\" class=\"elementor-menu-toggle__icon--close eicon-close\"><\/i>\t\t\t<span class=\"elementor-screen-only\">Menu<\/span>\n\t\t<\/div>\n\t\t\t<nav class=\"elementor-nav-menu--dropdown elementor-nav-menu__container\" role=\"navigation\" aria-hidden=\"true\">\n\t\t\t\t<ul id=\"menu-2-a7312c3\" class=\"elementor-nav-menu sm-vertical\"><li class=\"menu-item menu-item-type-post_type menu-item-object-page menu-item-18196\"><a href=\"https:\/\/gobiernoygestionpublica.edu.pe\/iggp1\/presentacion\/\" class=\"elementor-item\" tabindex=\"-1\">Presentaci\u00f3n<\/a><\/li>\n<li class=\"menu-item menu-item-type-post_type menu-item-object-page menu-item-18208\"><a href=\"https:\/\/gobiernoygestionpublica.edu.pe\/iggp1\/mision-vision\/\" class=\"elementor-item\" tabindex=\"-1\">Misi\u00f3n y Visi\u00f3n<\/a><\/li>\n<li class=\"menu-item menu-item-type-post_type menu-item-object-page menu-item-20329\"><a href=\"https:\/\/gobiernoygestionpublica.edu.pe\/iggp1\/objetivos\/\" class=\"elementor-item\" tabindex=\"-1\">Objetivos<\/a><\/li>\n<li class=\"menu-item menu-item-type-post_type menu-item-object-page menu-item-20803\"><a href=\"https:\/\/gobiernoygestionpublica.edu.pe\/iggp1\/cultura-institucional\/\" class=\"elementor-item\" tabindex=\"-1\">Cultura Institucional<\/a><\/li>\n<li class=\"menu-item menu-item-type-post_type menu-item-object-page menu-item-21744\"><a href=\"https:\/\/gobiernoygestionpublica.edu.pe\/iggp1\/organigrama\/\" class=\"elementor-item\" tabindex=\"-1\">Organigrama<\/a><\/li>\n<li class=\"menu-item menu-item-type-post_type menu-item-object-page menu-item-21226\"><a href=\"https:\/\/gobiernoygestionpublica.edu.pe\/iggp1\/infraestructura\/\" class=\"elementor-item\" tabindex=\"-1\">Infraestructura<\/a><\/li>\n<\/ul>\t\t\t<\/nav>\n\t\t\t\t<\/div>\n\t\t\t\t<\/div>\n\t\t\t\t\t\t<\/div>\n\t\t\t\t\t<\/div>\n\t\t<\/div>\n\t\t\t\t<div class=\"elementor-column elementor-col-50 elementor-inner-column elementor-element elementor-element-c8a0315\" data-id=\"c8a0315\" data-element_type=\"column\">\n\t\t\t<div class=\"elementor-column-wrap elementor-element-populated\">\n\t\t\t\t\t\t\t<div class=\"elementor-widget-wrap\">\n\t\t\t\t\t\t<div class=\"elementor-element elementor-element-6af0277 elementor-widget elementor-widget-text-editor\" data-id=\"6af0277\" data-element_type=\"widget\" data-widget_type=\"text-editor.default\">\n\t\t\t\t<div class=\"elementor-widget-container\">\n\t\t\t\t\t\t\t\t<div class=\"elementor-text-editor elementor-clearfix\">\n\t\t\t\t<p style=\"text-align: justify;\">El Instituto de Gobierno y de Gesti\u00f3n P\u00fablica de la Universidad de San Mart\u00edn de Porres, tiene como prop\u00f3sito formar l\u00edderes de alto nivel, capaces de formular y aplicar pol\u00edticas y proyectos dirigidos a mejorar su eficacia y eficiencia, utilizando los nuevos conceptos de gesti\u00f3n basada en evidencias, que promuevan la equidad y el consenso, en la perspectiva de lograr el bienestar general, teniendo en cuenta el contexto de un mundo global cambiante, para garantizar la gobernabilidad democr\u00e1tica del Per\u00fa.<\/p>\n<p align=\"justify\">Asimismo, propiciamos e incentivamos el Debate, la discusi\u00f3n seria y equilibrada, donde analizamos y reflexionamos sobre temas de inter\u00e9s de la realidad nacional e internacional, acercando la Academia a la Gesti\u00f3n.<\/p>\n<p align=\"justify\">Promoveremos activamente la investigaci\u00f3n en los asuntos p\u00fablicos, la administraci\u00f3n p\u00fablica especialmente lo relacionado a la Competitividad y al Desarrollo Social. Para ello, contamos con un Cuerpo Acad\u00e9mico con s\u00f3lida formaci\u00f3n profesional, comprobada y exitosa experiencia en el campo de Gesti\u00f3n P\u00fablica, que permitir\u00e1n ofrecer una s\u00f3lida y moderna formaci\u00f3n adaptada a nuestra realidad a fin de formar a los futuros l\u00edderes de la naci\u00f3n.<\/p>\n<p style=\"text-align: right;\"><strong>Alan Garc\u00eda P\u00e9rez<\/strong>\n<strong>Fundador del Instituto de Gobierno y de Gesti\u00f3n Publica \u2013 USMP<\/strong><\/p>\t\t\t\t\t<\/div>\n\t\t\t\t\t\t<\/div>\n\t\t\t\t<\/div>\n\t\t\t\t\t\t<\/div>\n\t\t\t\t\t<\/div>\n\t\t<\/div>\n\t\t\t\t\t\t\t\t<\/div>\n\t\t\t\t\t<\/div>\n\t\t<\/section>\n\t\t\t\t\t\t<\/div>\n\t\t\t\t\t<\/div>\n\t\t<\/div>\n\t\t\t\t\t\t\t\t<\/div>\n\t\t\t\t\t<\/div>\n\t\t<\/section>\n\t\t\t\t\t\t\t\t\t<\/div>\n\t\t\t<\/div>\n\t\t\t\t\t<\/div>\n\t\t","protected":false},"excerpt":{"rendered":"<p>Conoce m\u00e1s sobre el Instituto de Gobierno y Gesti\u00f3n P\u00fablica Presentaci\u00f3n El Instituto de Gobierno y de Gesti\u00f3n P\u00fablica de la Universidad de San Mart\u00edn de Porres, tiene como prop\u00f3sito formar l\u00edderes de alto nivel, capaces de formular y aplicar pol\u00edticas y proyectos dirigidos a mejorar su eficacia y eficiencia, utilizando los nuevos conceptos de &#8230; <a title=\"Presentaci\u00f3n\" class=\"read-more\" href=\"https:\/\/gobiernoygestionpublica.edu.pe\/iggp1\/presentacion\/\" aria-label=\"M\u00e1s en Presentaci\u00f3n\">Leer m\u00e1s<\/a><\/p>\n","protected":false},"author":8,"featured_media":0,"parent":0,"menu_order":0,"comment_status":"closed","ping_status":"closed","template":"elementor_header_footer","meta":[],"yoast_head":"<!-- This site is optimized with the Yoast SEO plugin v18.8 - https:\/\/yoast.com\/wordpress\/plugins\/seo\/ -->\n<title>Presentaci\u00f3n - Instituto de Gobierno y Gesti\u00f3n P\u00fablica<\/title>\n<meta name=\"robots\" content=\"index, follow, max-snippet:-1, max-image-preview:large, max-video-preview:-1\" \/>\n<link rel=\"canonical\" href=\"https:\/\/gobiernoygestionpublica.edu.pe\/iggp1\/presentacion\/\" \/>\n<meta property=\"og:locale\" content=\"es_ES\" \/>\n<meta property=\"og:type\" content=\"article\" \/>\n<meta property=\"og:title\" content=\"Presentaci\u00f3n - Instituto de Gobierno y Gesti\u00f3n P\u00fablica\" \/>\n<meta property=\"og:description\" content=\"Conoce m\u00e1s sobre el Instituto de Gobierno y Gesti\u00f3n P\u00fablica Presentaci\u00f3n El Instituto de Gobierno y de Gesti\u00f3n P\u00fablica de la Universidad de San Mart\u00edn de Porres, tiene como prop\u00f3sito formar l\u00edderes de alto nivel, capaces de formular y aplicar pol\u00edticas y proyectos dirigidos a mejorar su eficacia y eficiencia, utilizando los nuevos conceptos de ... Leer m\u00e1s\" \/>\n<meta property=\"og:url\" content=\"https:\/\/gobiernoygestionpublica.edu.pe\/iggp1\/presentacion\/\" \/>\n<meta property=\"og:site_name\" content=\"Instituto de Gobierno y Gesti\u00f3n P\u00fablica\" \/>\n<meta property=\"article:modified_time\" content=\"2025-05-09T20:34:38+00:00\" \/>\n<meta name=\"twitter:card\" content=\"summary_large_image\" \/>\n<meta name=\"twitter:label1\" content=\"Tiempo de lectura\" \/>\n\t<meta name=\"twitter:data1\" content=\"2 minutos\" \/>\n<script type=\"application\/ld+json\" class=\"yoast-schema-graph\">{\"@context\":\"https:\/\/schema.org\",\"@graph\":[{\"@type\":\"WebSite\",\"@id\":\"https:\/\/gobiernoygestionpublica.edu.pe\/iggp1\/#website\",\"url\":\"https:\/\/gobiernoygestionpublica.edu.pe\/iggp1\/\",\"name\":\"Instituto de Gobierno y Gesti\u00f3n P\u00fablica\",\"description\":\"Instituto de Gobierno y Gesti\u00f3n P\u00fablica\",\"potentialAction\":[{\"@type\":\"SearchAction\",\"target\":{\"@type\":\"EntryPoint\",\"urlTemplate\":\"https:\/\/gobiernoygestionpublica.edu.pe\/iggp1\/?s={search_term_string}\"},\"query-input\":\"required name=search_term_string\"}],\"inLanguage\":\"es\"},{\"@type\":\"WebPage\",\"@id\":\"https:\/\/gobiernoygestionpublica.edu.pe\/iggp1\/presentacion\/#webpage\",\"url\":\"https:\/\/gobiernoygestionpublica.edu.pe\/iggp1\/presentacion\/\",\"name\":\"Presentaci\u00f3n - Instituto de Gobierno y Gesti\u00f3n P\u00fablica\",\"isPartOf\":{\"@id\":\"https:\/\/gobiernoygestionpublica.edu.pe\/iggp1\/#website\"},\"datePublished\":\"2022-08-11T20:48:44+00:00\",\"dateModified\":\"2025-05-09T20:34:38+00:00\",\"breadcrumb\":{\"@id\":\"https:\/\/gobiernoygestionpublica.edu.pe\/iggp1\/presentacion\/#breadcrumb\"},\"inLanguage\":\"es\",\"potentialAction\":[{\"@type\":\"ReadAction\",\"target\":[\"https:\/\/gobiernoygestionpublica.edu.pe\/iggp1\/presentacion\/\"]}]},{\"@type\":\"BreadcrumbList\",\"@id\":\"https:\/\/gobiernoygestionpublica.edu.pe\/iggp1\/presentacion\/#breadcrumb\",\"itemListElement\":[{\"@type\":\"ListItem\",\"position\":1,\"name\":\"Inicio\",\"item\":\"https:\/\/gobiernoygestionpublica.edu.pe\/iggp1\/\"},{\"@type\":\"ListItem\",\"position\":2,\"name\":\"Presentaci\u00f3n\"}]}]}<\/script>\n<!-- \/ Yoast SEO plugin. -->","yoast_head_json":{"title":"Presentaci\u00f3n - Instituto de Gobierno y Gesti\u00f3n P\u00fablica","robots":{"index":"index","follow":"follow","max-snippet":"max-snippet:-1","max-image-preview":"max-image-preview:large","max-video-preview":"max-video-preview:-1"},"canonical":"https:\/\/gobiernoygestionpublica.edu.pe\/iggp1\/presentacion\/","og_locale":"es_ES","og_type":"article","og_title":"Presentaci\u00f3n - Instituto de Gobierno y Gesti\u00f3n P\u00fablica","og_description":"Conoce m\u00e1s sobre el Instituto de Gobierno y Gesti\u00f3n P\u00fablica Presentaci\u00f3n El Instituto de Gobierno y de Gesti\u00f3n P\u00fablica de la Universidad de San Mart\u00edn de Porres, tiene como prop\u00f3sito formar l\u00edderes de alto nivel, capaces de formular y aplicar pol\u00edticas y proyectos dirigidos a mejorar su eficacia y eficiencia, utilizando los nuevos conceptos de ... Leer m\u00e1s","og_url":"https:\/\/gobiernoygestionpublica.edu.pe\/iggp1\/presentacion\/","og_site_name":"Instituto de Gobierno y Gesti\u00f3n P\u00fablica","article_modified_time":"2025-05-09T20:34:38+00:00","twitter_card":"summary_large_image","twitter_misc":{"Tiempo de lectura":"2 minutos"},"schema":{"@context":"https:\/\/schema.org","@graph":[{"@type":"WebSite","@id":"https:\/\/gobiernoygestionpublica.edu.pe\/iggp1\/#website","url":"https:\/\/gobiernoygestionpublica.edu.pe\/iggp1\/","name":"Instituto de Gobierno y Gesti\u00f3n P\u00fablica","description":"Instituto de Gobierno y Gesti\u00f3n P\u00fablica","potentialAction":[{"@type":"SearchAction","target":{"@type":"EntryPoint","urlTemplate":"https:\/\/gobiernoygestionpublica.edu.pe\/iggp1\/?s={search_term_string}"},"query-input":"required name=search_term_string"}],"inLanguage":"es"},{"@type":"WebPage","@id":"https:\/\/gobiernoygestionpublica.edu.pe\/iggp1\/presentacion\/#webpage","url":"https:\/\/gobiernoygestionpublica.edu.pe\/iggp1\/presentacion\/","name":"Presentaci\u00f3n - Instituto de Gobierno y Gesti\u00f3n P\u00fablica","isPartOf":{"@id":"https:\/\/gobiernoygestionpublica.edu.pe\/iggp1\/#website"},"datePublished":"2022-08-11T20:48:44+00:00","dateModified":"2025-05-09T20:34:38+00:00","breadcrumb":{"@id":"https:\/\/gobiernoygestionpublica.edu.pe\/iggp1\/presentacion\/#breadcrumb"},"inLanguage":"es","potentialAction":[{"@type":"ReadAction","target":["https:\/\/gobiernoygestionpublica.edu.pe\/iggp1\/presentacion\/"]}]},{"@type":"BreadcrumbList","@id":"https:\/\/gobiernoygestionpublica.edu.pe\/iggp1\/presentacion\/#breadcrumb","itemListElement":[{"@type":"ListItem","position":1,"name":"Inicio","item":"https:\/\/gobiernoygestionpublica.edu.pe\/iggp1\/"},{"@type":"ListItem","position":2,"name":"Presentaci\u00f3n"}]}]}},"_links":{"self":[{"href":"https:\/\/gobiernoygestionpublica.edu.pe\/iggp1\/wp-json\/wp\/v2\/pages\/18191"}],"collection":[{"href":"https:\/\/gobiernoygestionpublica.edu.pe\/iggp1\/wp-json\/wp\/v2\/pages"}],"about":[{"href":"https:\/\/gobiernoygestionpublica.edu.pe\/iggp1\/wp-json\/wp\/v2\/types\/page"}],"author":[{"embeddable":true,"href":"https:\/\/gobiernoygestionpublica.edu.pe\/iggp1\/wp-json\/wp\/v2\/users\/8"}],"replies":[{"embeddable":true,"href":"https:\/\/gobiernoygestionpublica.edu.pe\/iggp1\/wp-json\/wp\/v2\/comments?post=18191"}],"version-history":[{"count":13,"href":"https:\/\/gobiernoygestionpublica.edu.pe\/iggp1\/wp-json\/wp\/v2\/pages\/18191\/revisions"}],"predecessor-version":[{"id":20603,"href":"https:\/\/gobiernoygestionpublica.edu.pe\/iggp1\/wp-json\/wp\/v2\/pages\/18191\/revisions\/20603"}],"wp:attachment":[{"href":"https:\/\/gobiernoygestionpublica.edu.pe\/iggp1\/wp-json\/wp\/v2\/media?parent=18191"}],"curies":[{"name":"wp","href":"https:\/\/api.w.org\/{rel}","templated":true}]}}