{"id":18713,"date":"2022-09-01T03:22:37","date_gmt":"2022-09-01T03:22:37","guid":{"rendered":"https:\/\/gobiernoygestionpublica.edu.pe\/iggp1\/?page_id=18713"},"modified":"2022-09-01T17:54:00","modified_gmt":"2022-09-01T17:54:00","slug":"nota-02","status":"publish","type":"page","link":"https:\/\/gobiernoygestionpublica.edu.pe\/iggp1\/nota-02\/","title":{"rendered":"Nota de prensa"},"content":{"rendered":"\t\t<div data-elementor-type=\"wp-page\" data-elementor-id=\"18713\" class=\"elementor elementor-18713\">\n\t\t\t\t\t\t<div class=\"elementor-inner\">\n\t\t\t\t<div class=\"elementor-section-wrap\">\n\t\t\t\t\t\t\t\t\t<section class=\"elementor-section elementor-top-section elementor-element elementor-element-5955f1a slider elementor-section-boxed elementor-section-height-default elementor-section-height-default\" data-id=\"5955f1a\" data-element_type=\"section\" data-settings=\"{&quot;background_background&quot;:&quot;classic&quot;}\">\n\t\t\t\t\t\t<div class=\"elementor-container elementor-column-gap-no\">\n\t\t\t\t\t\t\t<div class=\"elementor-row\">\n\t\t\t\t\t<div class=\"elementor-column elementor-col-100 elementor-top-column elementor-element elementor-element-8063f7e\" data-id=\"8063f7e\" data-element_type=\"column\">\n\t\t\t<div class=\"elementor-column-wrap elementor-element-populated\">\n\t\t\t\t\t\t\t<div class=\"elementor-widget-wrap\">\n\t\t\t\t\t\t<div class=\"elementor-element elementor-element-4012453 elementor-cta--skin-cover elementor-widget elementor-widget-call-to-action\" data-id=\"4012453\" data-element_type=\"widget\" data-widget_type=\"call-to-action.default\">\n\t\t\t\t<div class=\"elementor-widget-container\">\n\t\t\t\t\t<div class=\"elementor-cta\">\n\t\t\t\t\t<div class=\"elementor-cta__bg-wrapper\">\n\t\t\t\t<div class=\"elementor-cta__bg elementor-bg\" style=\"background-image: url(https:\/\/gobiernoygestionpublica.edu.pe\/iggp1\/wp-content\/uploads\/2022\/06\/fondo_o_1.jpg);\"><\/div>\n\t\t\t\t<div class=\"elementor-cta__bg-overlay\"><\/div>\n\t\t\t<\/div>\n\t\t\t\t\t\t\t\t<\/div>\n\t\t\t\t<\/div>\n\t\t\t\t<\/div>\n\t\t\t\t<section class=\"elementor-section elementor-inner-section elementor-element elementor-element-5184992 elementor-reverse-mobile elementor-section-height-min-height elementor-section-boxed elementor-section-height-default\" data-id=\"5184992\" data-element_type=\"section\">\n\t\t\t\t\t\t<div class=\"elementor-container elementor-column-gap-default\">\n\t\t\t\t\t\t\t<div class=\"elementor-row\">\n\t\t\t\t\t<div class=\"elementor-column elementor-col-50 elementor-inner-column elementor-element elementor-element-3a69d05\" data-id=\"3a69d05\" data-element_type=\"column\">\n\t\t\t<div class=\"elementor-column-wrap\">\n\t\t\t\t\t\t\t<div class=\"elementor-widget-wrap\">\n\t\t\t\t\t\t\t\t<\/div>\n\t\t\t\t\t<\/div>\n\t\t<\/div>\n\t\t\t\t<div class=\"elementor-column elementor-col-50 elementor-inner-column elementor-element elementor-element-0a9aaac\" data-id=\"0a9aaac\" data-element_type=\"column\" data-settings=\"{&quot;background_background&quot;:&quot;classic&quot;}\">\n\t\t\t<div class=\"elementor-column-wrap elementor-element-populated\">\n\t\t\t\t\t\t\t<div class=\"elementor-widget-wrap\">\n\t\t\t\t\t\t<div class=\"elementor-element elementor-element-40d5dee elementor-widget elementor-widget-heading\" data-id=\"40d5dee\" data-element_type=\"widget\" data-widget_type=\"heading.default\">\n\t\t\t\t<div class=\"elementor-widget-container\">\n\t\t\t<h2 class=\"elementor-heading-title elementor-size-default\">Noticias y eventos IGGP<\/h2>\t\t<\/div>\n\t\t\t\t<\/div>\n\t\t\t\t\t\t<\/div>\n\t\t\t\t\t<\/div>\n\t\t<\/div>\n\t\t\t\t\t\t\t\t<\/div>\n\t\t\t\t\t<\/div>\n\t\t<\/section>\n\t\t\t\t\t\t<\/div>\n\t\t\t\t\t<\/div>\n\t\t<\/div>\n\t\t\t\t\t\t\t\t<\/div>\n\t\t\t\t\t<\/div>\n\t\t<\/section>\n\t\t\t\t<section class=\"elementor-section elementor-top-section elementor-element elementor-element-24d589ea elementor-section-boxed elementor-section-height-default elementor-section-height-default\" data-id=\"24d589ea\" data-element_type=\"section\">\n\t\t\t\t\t\t<div class=\"elementor-container elementor-column-gap-no\">\n\t\t\t\t\t\t\t<div class=\"elementor-row\">\n\t\t\t\t\t<div class=\"elementor-column elementor-col-100 elementor-top-column elementor-element elementor-element-4d1aaf6\" data-id=\"4d1aaf6\" data-element_type=\"column\">\n\t\t\t<div class=\"elementor-column-wrap elementor-element-populated\">\n\t\t\t\t\t\t\t<div class=\"elementor-widget-wrap\">\n\t\t\t\t\t\t<div class=\"elementor-element elementor-element-11f93c56 elementor-widget elementor-widget-template\" data-id=\"11f93c56\" data-element_type=\"widget\" data-widget_type=\"template.default\">\n\t\t\t\t<div class=\"elementor-widget-container\">\n\t\t\t\t\t<div class=\"elementor-template\">\n\t\t\t\t\t<div data-elementor-type=\"section\" data-elementor-id=\"643\" class=\"elementor elementor-643\">\n\t\t\t\t\t<div class=\"elementor-section-wrap\">\n\t\t\t\t\t\t\t\t<section class=\"elementor-section elementor-top-section elementor-element elementor-element-5e73f9ce elementor-section-boxed elementor-section-height-default elementor-section-height-default\" data-id=\"5e73f9ce\" data-element_type=\"section\">\n\t\t\t\t\t\t<div class=\"elementor-container elementor-column-gap-default\">\n\t\t\t\t\t\t\t<div class=\"elementor-row\">\n\t\t\t\t\t<div class=\"elementor-column elementor-col-100 elementor-top-column elementor-element elementor-element-1438bcca\" data-id=\"1438bcca\" data-element_type=\"column\">\n\t\t\t<div class=\"elementor-column-wrap elementor-element-populated\">\n\t\t\t\t\t\t\t<div class=\"elementor-widget-wrap\">\n\t\t\t\t\t\t<div class=\"elementor-element elementor-element-a651400 elementor-widget elementor-widget-breadcrumbs\" data-id=\"a651400\" data-element_type=\"widget\" data-widget_type=\"breadcrumbs.default\">\n\t\t\t\t<div class=\"elementor-widget-container\">\n\t\t\t<p id=\"breadcrumbs\"><span><span><a href=\"https:\/\/gobiernoygestionpublica.edu.pe\/iggp1\/\">Inicio<\/a><\/span><\/p>\t\t<\/div>\n\t\t\t\t<\/div>\n\t\t\t\t\t\t<\/div>\n\t\t\t\t\t<\/div>\n\t\t<\/div>\n\t\t\t\t\t\t\t\t<\/div>\n\t\t\t\t\t<\/div>\n\t\t<\/section>\n\t\t\t\t\t\t\t<\/div>\n\t\t\t\t<\/div>\n\t\t\t\t<\/div>\n\t\t\t\t<\/div>\n\t\t\t\t<\/div>\n\t\t\t\t\t\t<\/div>\n\t\t\t\t\t<\/div>\n\t\t<\/div>\n\t\t\t\t\t\t\t\t<\/div>\n\t\t\t\t\t<\/div>\n\t\t<\/section>\n\t\t\t\t<section class=\"elementor-section elementor-top-section elementor-element elementor-element-2f4a864a elementor-hidden-desktop elementor-hidden-tablet elementor-section-boxed elementor-section-height-default elementor-section-height-default\" data-id=\"2f4a864a\" data-element_type=\"section\">\n\t\t\t\t\t\t<div class=\"elementor-container elementor-column-gap-default\">\n\t\t\t\t\t\t\t<div class=\"elementor-row\">\n\t\t\t\t\t<div class=\"elementor-column elementor-col-100 elementor-top-column elementor-element elementor-element-71a99689\" data-id=\"71a99689\" data-element_type=\"column\">\n\t\t\t<div class=\"elementor-column-wrap elementor-element-populated\">\n\t\t\t\t\t\t\t<div class=\"elementor-widget-wrap\">\n\t\t\t\t\t\t\t\t<\/div>\n\t\t\t\t\t<\/div>\n\t\t<\/div>\n\t\t\t\t\t\t\t\t<\/div>\n\t\t\t\t\t<\/div>\n\t\t<\/section>\n\t\t\t\t<section class=\"elementor-section elementor-top-section elementor-element elementor-element-68e3bdf7 elementor-section-boxed elementor-section-height-default elementor-section-height-default\" data-id=\"68e3bdf7\" data-element_type=\"section\">\n\t\t\t\t\t\t<div class=\"elementor-container elementor-column-gap-default\">\n\t\t\t\t\t\t\t<div class=\"elementor-row\">\n\t\t\t\t\t<div class=\"elementor-column elementor-col-100 elementor-top-column elementor-element elementor-element-7fb9bb56\" data-id=\"7fb9bb56\" data-element_type=\"column\">\n\t\t\t<div class=\"elementor-column-wrap elementor-element-populated\">\n\t\t\t\t\t\t\t<div class=\"elementor-widget-wrap\">\n\t\t\t\t\t\t<div class=\"elementor-element elementor-element-1cdfcd25 elementor-widget elementor-widget-heading\" data-id=\"1cdfcd25\" data-element_type=\"widget\" data-widget_type=\"heading.default\">\n\t\t\t\t<div class=\"elementor-widget-container\">\n\t\t\t<div class=\"elementor-heading-title elementor-size-default\">Instituto de Gobierno y Gesti\u00f3n P\u00fablica de la USMP desarroll\u00f3 conferencia: \u201cPERSPECTIVAS ECONOMICAS, SOCIALES Y POLITICAS DEL PER\u00da\u201d<\/div>\t\t<\/div>\n\t\t\t\t<\/div>\n\t\t\t\t<div class=\"elementor-element elementor-element-cd55207 elementor-widget elementor-widget-text-editor\" data-id=\"cd55207\" data-element_type=\"widget\" data-widget_type=\"text-editor.default\">\n\t\t\t\t<div class=\"elementor-widget-container\">\n\t\t\t\t\t\t\t\t<div class=\"elementor-text-editor elementor-clearfix\">\n\t\t\t\t<p align=\"justify\">Con el objetivo de generar reflexiones sobre los elementos centrales para construir una visi\u00f3n de largo plazo sobre diferentes perspectivas que giran en torno al desarrollo del pa\u00eds, el Instituto de Gobierno y Gesti\u00f3n P\u00fablica de la USMP desarroll\u00f3 la conferencia: \u201cPERSPECTIVAS ECONOMICAS, SOCIALES Y POLITICAS DEL PER\u00da\u201d el jueves 18 de agosto, la cual cont\u00f3, como moderador, al Dr. Luis Carranza Ugarte, Director del Instituto y, como panelistas, estuvieron la Dra. Rosario Fern\u00e1ndez Figueroa, ex Ministra de Justicia, as\u00ed como la Dra. Elena Conterno Martinelli, ex Ministra de la Producci\u00f3n, el Mg. Juan Sheput Moore, ex Ministro de Trabajo y el Ing. Ricardo M\u00e1rquez Flores, ex Presidente Ejecutivo de la Sociedad Nacional de Industrias.<\/p>\n<img src=\"https:\/\/gobiernoygestionpublica.edu.pe\/iggp1\/wp-content\/uploads\/2022\/09\/IMG_0580-1.jpg\" alt=\"001\">\n<p align=\"justify\">La conferencia cont\u00f3 con tres rondas, la primera trat\u00f3 sobre lo que se puede esperar en el futuro cercano en el pa\u00eds, dadas las condiciones actuales a nivel pol\u00edtico y de gesti\u00f3n p\u00fablica; la segunda reflexion\u00f3 sobre los impactos a nivel de institucionalidad y crecimiento econ\u00f3mico y la tercera ronda abord\u00f3 la problem\u00e1tica de c\u00f3mo construir y comprometerse con una visi\u00f3n de futuro, tan necesaria que sea sostenible y compartida por todos los peruanos.<\/p>\n<p align=\"justify\">Las palabras de bienvenida estuvieron a cargo del Dr. Luis Carranza Ugarte, Director del Instituto de Gobierno y Gesti\u00f3n P\u00fablica de la USMP, quien sostuvo que la visi\u00f3n de futuro de un pa\u00eds es clave para orientar las decisiones de sus gobernantes, de sus instituciones, de sus ciudadanos, en procura de lograr un desarrollo y crecimiento integral y sostenido para todos sus habitantes.<\/p>\n<p align=\"justify\">\u201cEl \u00e9nfasis o concentraci\u00f3n s\u00f3lo en el corto plazo o en lo inmediato, limita estas oportunidades, aumenta la desigualdad, genera mecanismos perversos en la asignaci\u00f3n de recursos y convierte las relaciones entre los sistemas social, pol\u00edtico y econ\u00f3mico en foco de transacciones poco claras, ganancias oportunistas, total incertidumbre y pugna, sin que los ciudadanos tengan claro cu\u00e1les son sus compromisos y deberes, no s\u00f3lo individuales sino tambi\u00e9n con el desarrollo del pa\u00eds\u201d, detall\u00f3.<\/p>\n<img src=\"https:\/\/gobiernoygestionpublica.edu.pe\/iggp1\/wp-content\/uploads\/2022\/09\/IMG_0585.jpg\" alt=\"002\">\n<p align=\"justify\">Acto seguido inici\u00f3 su intervenci\u00f3n la Dra. Rosario Fern\u00e1ndez Figueroa, ex Ministra de Justicia, indicando que actualmente los peruanos viven en una \u201cetapa de zozobra e incertidumbre, turbulencia socio-pol\u00edtica, que es situaci\u00f3n injusta para los peruanos y que la ciudadan\u00eda lo siente, lo que no se condice con lo establecido por la Constituci\u00f3n, donde se se\u00f1ala que la defensa de la persona humana y el respeto de su dignidad son el fin supremo de la sociedad y el estado\u201d.<\/p>\n<p align=\"justify\">Se\u00f1al\u00f3 tambi\u00e9n que existe la necesidad, en la en la propia sociedad civil, de generar puentes que nos permitan organizarnos con los partidos pol\u00edticos e instituciones representativas que puedan ir generando espacios donde podamos tener consensos m\u00ednimos que encuentren las salidas constitucionales a la situaci\u00f3n descrita.<\/p>\n<p align=\"justify\">Por \u00faltimo, sostuvo que la visi\u00f3n de futuro est\u00e1 basada en educaci\u00f3n, salud, infraestructura y tecnolog\u00eda; cuatro pilares fundamentales para construir una sociedad moderna, que pueda llevarnos a que, desde la sociedad civil, empujen a las instituciones representativas y a los partidos pol\u00edticos a construir una prosperidad para todos los ciudadanos.<\/p>\n<p align=\"justify\">A su turno, la Dra. Elena Conterno Martinelli, ex Ministra de la Producci\u00f3n, remarc\u00f3 que lo que est\u00e1n viviendo los peruanos en este momento es producto de un sistema pol\u00edtico disfuncional para salidas de la coyuntura y para prosperidad en el mediano y largo plazo.<\/p>\n<p align=\"justify\">Coincidiendo con la Dra. Rosario, expres\u00f3 que los ciudadanos necesitan organizar y apoyar a la sociedad civil, para generar pol\u00edticas de consenso y que estas gu\u00eden a los gobernantes a buscar salidas viables, comprometidas y trasparentes.<\/p>\n<p align=\"justify\">Respecto a la situaci\u00f3n de las inversiones en el pa\u00eds, asegur\u00f3 que la incertidumbre provocada por la crisis pol\u00edtica hace que las inversiones se posterguen, lo que conlleva tambi\u00e9n a que exista mucha preocupaci\u00f3n por el empleo.<\/p>\n<p align=\"justify\">\u201cSi no estamos avanzando en innovaci\u00f3n, infraestructura y log\u00edstica vamos a ser menos competitivos y vamos a tener menos posibilidades de ofrecer empleo a los j\u00f3venes del pa\u00eds\u201d, alert\u00f3.<\/p>\n<p align=\"justify\">Para la construcci\u00f3n de una visi\u00f3n de futuro para impulsar el desarrollo del pa\u00eds, indic\u00f3 que existen cinco pilares fundamentales: una institucionalidad s\u00f3lida, un crecimiento econ\u00f3mico sostenible e inclusivo, igualdad de oportunidades, educaci\u00f3n y un sector empresarial din\u00e1mico, competitivo y responsable, pero no vamos a lograr ninguno de estos pilares si no arreglamos el sistema pol\u00edtico.<\/p>\n<p align=\"justify\">Por su parte, el ex Ministro de Trabajo, Juan Sheput, coincidi\u00f3 tambi\u00e9n con sus antecesoras al indicar que, parte de la soluci\u00f3n a esta crisis pol\u00edtica, es motivar a la sociedad civil para que act\u00fae; sin embargo, agreg\u00f3 que existe un problema fundamental ya que las corrientes de opini\u00f3n que motivan a la sociedad civil est\u00e1n a cargo de acad\u00e9micos que hacen de polit\u00f3logos, que se mueven en la ambig\u00fcedad.<\/p>\n<p align=\"justify\">En esa misma l\u00ednea, indic\u00f3 que los grandes cambios sociales en el mundo no los han hecho los congresos, sino la sociedad civil, pero como consecuencia del liderazgo pol\u00edtico, por ende, si no se reconoce la importancia de la pol\u00edtica para formar corrientes de opini\u00f3n, vamos a seguir estando en la antesala de un Estado fallido.<\/p>\n<img src=\"https:\/\/gobiernoygestionpublica.edu.pe\/iggp1\/wp-content\/uploads\/2022\/09\/IMG_0632.jpg\" alt=\"003\">\n<p align=\"justify\">Consultado sobre la posibilidad de reincorporar el Senado en el pa\u00eds, sostuvo que la bicameralidad ayudar\u00eda a recuperar el prestigio de la pol\u00edtica peruana, trayendo nuevamente el respeto que ten\u00eda \u00e9sta cuando hab\u00eda Senado en el Per\u00fa.<\/p>\n\u201cSi nosotros queremos plantear una visi\u00f3n de futuro, tenemos que entender que cada gobierno es una distinta fase de un solo proyecto como naci\u00f3n, pero no ocurre as\u00ed en el Per\u00fa. Tampoco existe una visi\u00f3n de futuro porque existe una gran fragilidad de la academia hacia los que es prospectiva y planificaci\u00f3n, no se da desde el pregrado la construcci\u00f3n de la visi\u00f3n de largo plazo y el otro problema es la banalizaci\u00f3n del largo plazo, enfoc\u00e1ndose m\u00e1s en lo inmediato\u201d, finaliz\u00f3.\n<p align=\"justify\">Continuando con las intervenciones, el Ing. Ricardo M\u00e1rquez Flores, ex Presidente de la Sociedad Nacional de Industrias del Per\u00fa, afirm\u00f3 que los pol\u00edticos tienen una gran responsabilidad ya que conducen al pa\u00eds y forman las corrientes de opini\u00f3n: \u201cTenemos que hacer labor pol\u00edtica porque la poblaci\u00f3n no se inmuta frente a la crisis pol\u00edtica que est\u00e1 pasando\u201d.<\/p>\n<p align=\"justify\">Asimismo, asegur\u00f3 que \u201cse le est\u00e1 quitando el valor a la meritocracia y que existe necesidad de establecer pol\u00edticas de mediano plazo\u201d.\nDesde el campo empresarial y la econom\u00eda indic\u00f3 que un porcentaje importante del n\u00famero de las inversiones son de la labor diaria de la micro y peque\u00f1a empresa y esas son las que est\u00e1n parando sus actividades porque no se genera confianza.<\/p>\n<p align=\"justify\">Por otro lado, sostuvo que hist\u00f3ricamente el desarrollo ocurri\u00f3 preferentemente para las ciudades de la costa, no as\u00ed en la sierra y la selva y, si se logra salir de la crisis, hay que ver el crecimiento econ\u00f3mico de estas zonas para que est\u00e9n a la par de la costa.<\/p>\n<p align=\"right\"><em>Santa Anita, 19 de agosto de 2022<\/em>\n\n<em>Oficina de Relaciones P\u00fablicas<\/em>\n\n<em>e Imagen Institucional<\/em><\/p>\t\t\t\t\t<\/div>\n\t\t\t\t\t\t<\/div>\n\t\t\t\t<\/div>\n\t\t\t\t\t\t<\/div>\n\t\t\t\t\t<\/div>\n\t\t<\/div>\n\t\t\t\t\t\t\t\t<\/div>\n\t\t\t\t\t<\/div>\n\t\t<\/section>\n\t\t\t\t\t\t\t\t\t<\/div>\n\t\t\t<\/div>\n\t\t\t\t\t<\/div>\n\t\t","protected":false},"excerpt":{"rendered":"<p>Noticias y eventos IGGP Instituto de Gobierno y Gesti\u00f3n P\u00fablica de la USMP desarroll\u00f3 conferencia: \u201cPERSPECTIVAS ECONOMICAS, SOCIALES Y POLITICAS DEL PER\u00da\u201d Con el objetivo de generar reflexiones sobre los elementos centrales para construir una visi\u00f3n de largo plazo sobre diferentes perspectivas que giran en torno al desarrollo del pa\u00eds, el Instituto de Gobierno y &#8230; <a title=\"Nota de prensa\" class=\"read-more\" href=\"https:\/\/gobiernoygestionpublica.edu.pe\/iggp1\/nota-02\/\" aria-label=\"M\u00e1s en Nota de prensa\">Leer m\u00e1s<\/a><\/p>\n","protected":false},"author":8,"featured_media":0,"parent":0,"menu_order":0,"comment_status":"closed","ping_status":"closed","template":"elementor_header_footer","meta":[],"yoast_head":"<!-- This site is optimized with the Yoast SEO plugin v18.8 - https:\/\/yoast.com\/wordpress\/plugins\/seo\/ -->\n<title>Nota de prensa - Instituto de Gobierno y Gesti\u00f3n P\u00fablica<\/title>\n<meta name=\"robots\" content=\"index, follow, max-snippet:-1, max-image-preview:large, max-video-preview:-1\" \/>\n<link rel=\"canonical\" href=\"https:\/\/gobiernoygestionpublica.edu.pe\/iggp1\/nota-02\/\" \/>\n<meta property=\"og:locale\" content=\"es_ES\" \/>\n<meta property=\"og:type\" content=\"article\" \/>\n<meta property=\"og:title\" content=\"Nota de prensa - Instituto de Gobierno y Gesti\u00f3n P\u00fablica\" \/>\n<meta property=\"og:description\" content=\"Noticias y eventos IGGP Instituto de Gobierno y Gesti\u00f3n P\u00fablica de la USMP desarroll\u00f3 conferencia: \u201cPERSPECTIVAS ECONOMICAS, SOCIALES Y POLITICAS DEL PER\u00da\u201d Con el objetivo de generar reflexiones sobre los elementos centrales para construir una visi\u00f3n de largo plazo sobre diferentes perspectivas que giran en torno al desarrollo del pa\u00eds, el Instituto de Gobierno y ... Leer m\u00e1s\" \/>\n<meta property=\"og:url\" content=\"https:\/\/gobiernoygestionpublica.edu.pe\/iggp1\/nota-02\/\" \/>\n<meta property=\"og:site_name\" content=\"Instituto de Gobierno y Gesti\u00f3n P\u00fablica\" \/>\n<meta property=\"article:modified_time\" content=\"2022-09-01T17:54:00+00:00\" \/>\n<meta property=\"og:image\" content=\"https:\/\/gobiernoygestionpublica.edu.pe\/iggp1\/wp-content\/uploads\/2022\/09\/IMG_0580-1.jpg\" \/>\n<meta name=\"twitter:card\" content=\"summary_large_image\" \/>\n<meta name=\"twitter:label1\" content=\"Tiempo de lectura\" \/>\n\t<meta name=\"twitter:data1\" content=\"7 minutos\" \/>\n<script type=\"application\/ld+json\" class=\"yoast-schema-graph\">{\"@context\":\"https:\/\/schema.org\",\"@graph\":[{\"@type\":\"WebSite\",\"@id\":\"https:\/\/gobiernoygestionpublica.edu.pe\/iggp1\/#website\",\"url\":\"https:\/\/gobiernoygestionpublica.edu.pe\/iggp1\/\",\"name\":\"Instituto de Gobierno y Gesti\u00f3n P\u00fablica\",\"description\":\"Instituto de Gobierno y Gesti\u00f3n P\u00fablica\",\"potentialAction\":[{\"@type\":\"SearchAction\",\"target\":{\"@type\":\"EntryPoint\",\"urlTemplate\":\"https:\/\/gobiernoygestionpublica.edu.pe\/iggp1\/?s={search_term_string}\"},\"query-input\":\"required name=search_term_string\"}],\"inLanguage\":\"es\"},{\"@type\":\"ImageObject\",\"inLanguage\":\"es\",\"@id\":\"https:\/\/gobiernoygestionpublica.edu.pe\/iggp1\/nota-02\/#primaryimage\",\"url\":\"https:\/\/gobiernoygestionpublica.edu.pe\/iggp1\/wp-content\/uploads\/2022\/09\/IMG_0580-1.jpg\",\"contentUrl\":\"https:\/\/gobiernoygestionpublica.edu.pe\/iggp1\/wp-content\/uploads\/2022\/09\/IMG_0580-1.jpg\",\"width\":1837,\"height\":952},{\"@type\":\"WebPage\",\"@id\":\"https:\/\/gobiernoygestionpublica.edu.pe\/iggp1\/nota-02\/#webpage\",\"url\":\"https:\/\/gobiernoygestionpublica.edu.pe\/iggp1\/nota-02\/\",\"name\":\"Nota de prensa - Instituto de Gobierno y Gesti\u00f3n P\u00fablica\",\"isPartOf\":{\"@id\":\"https:\/\/gobiernoygestionpublica.edu.pe\/iggp1\/#website\"},\"primaryImageOfPage\":{\"@id\":\"https:\/\/gobiernoygestionpublica.edu.pe\/iggp1\/nota-02\/#primaryimage\"},\"datePublished\":\"2022-09-01T03:22:37+00:00\",\"dateModified\":\"2022-09-01T17:54:00+00:00\",\"breadcrumb\":{\"@id\":\"https:\/\/gobiernoygestionpublica.edu.pe\/iggp1\/nota-02\/#breadcrumb\"},\"inLanguage\":\"es\",\"potentialAction\":[{\"@type\":\"ReadAction\",\"target\":[\"https:\/\/gobiernoygestionpublica.edu.pe\/iggp1\/nota-02\/\"]}]},{\"@type\":\"BreadcrumbList\",\"@id\":\"https:\/\/gobiernoygestionpublica.edu.pe\/iggp1\/nota-02\/#breadcrumb\",\"itemListElement\":[{\"@type\":\"ListItem\",\"position\":1,\"name\":\"Inicio\",\"item\":\"https:\/\/gobiernoygestionpublica.edu.pe\/iggp1\/\"},{\"@type\":\"ListItem\",\"position\":2,\"name\":\"Nota de prensa\"}]}]}<\/script>\n<!-- \/ Yoast SEO plugin. -->","yoast_head_json":{"title":"Nota de prensa - Instituto de Gobierno y Gesti\u00f3n P\u00fablica","robots":{"index":"index","follow":"follow","max-snippet":"max-snippet:-1","max-image-preview":"max-image-preview:large","max-video-preview":"max-video-preview:-1"},"canonical":"https:\/\/gobiernoygestionpublica.edu.pe\/iggp1\/nota-02\/","og_locale":"es_ES","og_type":"article","og_title":"Nota de prensa - Instituto de Gobierno y Gesti\u00f3n P\u00fablica","og_description":"Noticias y eventos IGGP Instituto de Gobierno y Gesti\u00f3n P\u00fablica de la USMP desarroll\u00f3 conferencia: \u201cPERSPECTIVAS ECONOMICAS, SOCIALES Y POLITICAS DEL PER\u00da\u201d Con el objetivo de generar reflexiones sobre los elementos centrales para construir una visi\u00f3n de largo plazo sobre diferentes perspectivas que giran en torno al desarrollo del pa\u00eds, el Instituto de Gobierno y ... Leer m\u00e1s","og_url":"https:\/\/gobiernoygestionpublica.edu.pe\/iggp1\/nota-02\/","og_site_name":"Instituto de Gobierno y Gesti\u00f3n P\u00fablica","article_modified_time":"2022-09-01T17:54:00+00:00","og_image":[{"url":"https:\/\/gobiernoygestionpublica.edu.pe\/iggp1\/wp-content\/uploads\/2022\/09\/IMG_0580-1.jpg"}],"twitter_card":"summary_large_image","twitter_misc":{"Tiempo de lectura":"7 minutos"},"schema":{"@context":"https:\/\/schema.org","@graph":[{"@type":"WebSite","@id":"https:\/\/gobiernoygestionpublica.edu.pe\/iggp1\/#website","url":"https:\/\/gobiernoygestionpublica.edu.pe\/iggp1\/","name":"Instituto de Gobierno y Gesti\u00f3n P\u00fablica","description":"Instituto de Gobierno y Gesti\u00f3n P\u00fablica","potentialAction":[{"@type":"SearchAction","target":{"@type":"EntryPoint","urlTemplate":"https:\/\/gobiernoygestionpublica.edu.pe\/iggp1\/?s={search_term_string}"},"query-input":"required name=search_term_string"}],"inLanguage":"es"},{"@type":"ImageObject","inLanguage":"es","@id":"https:\/\/gobiernoygestionpublica.edu.pe\/iggp1\/nota-02\/#primaryimage","url":"https:\/\/gobiernoygestionpublica.edu.pe\/iggp1\/wp-content\/uploads\/2022\/09\/IMG_0580-1.jpg","contentUrl":"https:\/\/gobiernoygestionpublica.edu.pe\/iggp1\/wp-content\/uploads\/2022\/09\/IMG_0580-1.jpg","width":1837,"height":952},{"@type":"WebPage","@id":"https:\/\/gobiernoygestionpublica.edu.pe\/iggp1\/nota-02\/#webpage","url":"https:\/\/gobiernoygestionpublica.edu.pe\/iggp1\/nota-02\/","name":"Nota de prensa - Instituto de Gobierno y Gesti\u00f3n P\u00fablica","isPartOf":{"@id":"https:\/\/gobiernoygestionpublica.edu.pe\/iggp1\/#website"},"primaryImageOfPage":{"@id":"https:\/\/gobiernoygestionpublica.edu.pe\/iggp1\/nota-02\/#primaryimage"},"datePublished":"2022-09-01T03:22:37+00:00","dateModified":"2022-09-01T17:54:00+00:00","breadcrumb":{"@id":"https:\/\/gobiernoygestionpublica.edu.pe\/iggp1\/nota-02\/#breadcrumb"},"inLanguage":"es","potentialAction":[{"@type":"ReadAction","target":["https:\/\/gobiernoygestionpublica.edu.pe\/iggp1\/nota-02\/"]}]},{"@type":"BreadcrumbList","@id":"https:\/\/gobiernoygestionpublica.edu.pe\/iggp1\/nota-02\/#breadcrumb","itemListElement":[{"@type":"ListItem","position":1,"name":"Inicio","item":"https:\/\/gobiernoygestionpublica.edu.pe\/iggp1\/"},{"@type":"ListItem","position":2,"name":"Nota de prensa"}]}]}},"_links":{"self":[{"href":"https:\/\/gobiernoygestionpublica.edu.pe\/iggp1\/wp-json\/wp\/v2\/pages\/18713"}],"collection":[{"href":"https:\/\/gobiernoygestionpublica.edu.pe\/iggp1\/wp-json\/wp\/v2\/pages"}],"about":[{"href":"https:\/\/gobiernoygestionpublica.edu.pe\/iggp1\/wp-json\/wp\/v2\/types\/page"}],"author":[{"embeddable":true,"href":"https:\/\/gobiernoygestionpublica.edu.pe\/iggp1\/wp-json\/wp\/v2\/users\/8"}],"replies":[{"embeddable":true,"href":"https:\/\/gobiernoygestionpublica.edu.pe\/iggp1\/wp-json\/wp\/v2\/comments?post=18713"}],"version-history":[{"count":16,"href":"https:\/\/gobiernoygestionpublica.edu.pe\/iggp1\/wp-json\/wp\/v2\/pages\/18713\/revisions"}],"predecessor-version":[{"id":18740,"href":"https:\/\/gobiernoygestionpublica.edu.pe\/iggp1\/wp-json\/wp\/v2\/pages\/18713\/revisions\/18740"}],"wp:attachment":[{"href":"https:\/\/gobiernoygestionpublica.edu.pe\/iggp1\/wp-json\/wp\/v2\/media?parent=18713"}],"curies":[{"name":"wp","href":"https:\/\/api.w.org\/{rel}","templated":true}]}}