{"id":19478,"date":"2023-10-17T15:13:45","date_gmt":"2023-10-17T15:13:45","guid":{"rendered":"https:\/\/gobiernoygestionpublica.edu.pe\/iggp1\/?page_id=19478"},"modified":"2025-10-30T16:52:27","modified_gmt":"2025-10-30T16:52:27","slug":"transparencia-iggp","status":"publish","type":"page","link":"https:\/\/gobiernoygestionpublica.edu.pe\/iggp1\/transparencia-iggp\/","title":{"rendered":"Transparencia"},"content":{"rendered":"\t\t<div data-elementor-type=\"wp-page\" data-elementor-id=\"19478\" class=\"elementor elementor-19478\">\n\t\t\t\t\t\t<div class=\"elementor-inner\">\n\t\t\t\t<div class=\"elementor-section-wrap\">\n\t\t\t\t\t\t\t\t\t<section class=\"elementor-section elementor-top-section elementor-element elementor-element-5955f1a slider elementor-section-boxed elementor-section-height-default elementor-section-height-default\" data-id=\"5955f1a\" data-element_type=\"section\" data-settings=\"{&quot;background_background&quot;:&quot;classic&quot;}\">\n\t\t\t\t\t\t<div class=\"elementor-container elementor-column-gap-no\">\n\t\t\t\t\t\t\t<div class=\"elementor-row\">\n\t\t\t\t\t<div class=\"elementor-column elementor-col-100 elementor-top-column elementor-element elementor-element-8063f7e\" data-id=\"8063f7e\" data-element_type=\"column\">\n\t\t\t<div class=\"elementor-column-wrap elementor-element-populated\">\n\t\t\t\t\t\t\t<div class=\"elementor-widget-wrap\">\n\t\t\t\t\t\t<div class=\"elementor-element elementor-element-4012453 elementor-cta--skin-cover elementor-widget elementor-widget-call-to-action\" data-id=\"4012453\" data-element_type=\"widget\" data-widget_type=\"call-to-action.default\">\n\t\t\t\t<div class=\"elementor-widget-container\">\n\t\t\t\t\t<div class=\"elementor-cta\">\n\t\t\t\t\t<div class=\"elementor-cta__bg-wrapper\">\n\t\t\t\t<div class=\"elementor-cta__bg elementor-bg\" style=\"background-image: url(https:\/\/gobiernoygestionpublica.edu.pe\/iggp1\/wp-content\/uploads\/2022\/06\/fondo_o_1.jpg);\"><\/div>\n\t\t\t\t<div class=\"elementor-cta__bg-overlay\"><\/div>\n\t\t\t<\/div>\n\t\t\t\t\t\t\t\t<\/div>\n\t\t\t\t<\/div>\n\t\t\t\t<\/div>\n\t\t\t\t<section class=\"elementor-section elementor-inner-section elementor-element elementor-element-5184992 elementor-reverse-mobile elementor-section-height-min-height elementor-section-boxed elementor-section-height-default\" data-id=\"5184992\" data-element_type=\"section\">\n\t\t\t\t\t\t<div class=\"elementor-container elementor-column-gap-default\">\n\t\t\t\t\t\t\t<div class=\"elementor-row\">\n\t\t\t\t\t<div class=\"elementor-column elementor-col-50 elementor-inner-column elementor-element elementor-element-3a69d05\" data-id=\"3a69d05\" data-element_type=\"column\">\n\t\t\t<div class=\"elementor-column-wrap\">\n\t\t\t\t\t\t\t<div class=\"elementor-widget-wrap\">\n\t\t\t\t\t\t\t\t<\/div>\n\t\t\t\t\t<\/div>\n\t\t<\/div>\n\t\t\t\t<div class=\"elementor-column elementor-col-50 elementor-inner-column elementor-element elementor-element-0a9aaac\" data-id=\"0a9aaac\" data-element_type=\"column\" data-settings=\"{&quot;background_background&quot;:&quot;classic&quot;}\">\n\t\t\t<div class=\"elementor-column-wrap elementor-element-populated\">\n\t\t\t\t\t\t\t<div class=\"elementor-widget-wrap\">\n\t\t\t\t\t\t<div class=\"elementor-element elementor-element-40d5dee elementor-widget elementor-widget-heading\" data-id=\"40d5dee\" data-element_type=\"widget\" data-widget_type=\"heading.default\">\n\t\t\t\t<div class=\"elementor-widget-container\">\n\t\t\t<h2 class=\"elementor-heading-title elementor-size-default\">Secci\u00f3n Transparencia<br><\/h2>\t\t<\/div>\n\t\t\t\t<\/div>\n\t\t\t\t\t\t<\/div>\n\t\t\t\t\t<\/div>\n\t\t<\/div>\n\t\t\t\t\t\t\t\t<\/div>\n\t\t\t\t\t<\/div>\n\t\t<\/section>\n\t\t\t\t\t\t<\/div>\n\t\t\t\t\t<\/div>\n\t\t<\/div>\n\t\t\t\t\t\t\t\t<\/div>\n\t\t\t\t\t<\/div>\n\t\t<\/section>\n\t\t\t\t<section class=\"elementor-section elementor-top-section elementor-element elementor-element-24d589ea elementor-section-boxed elementor-section-height-default elementor-section-height-default\" data-id=\"24d589ea\" data-element_type=\"section\">\n\t\t\t\t\t\t<div class=\"elementor-container elementor-column-gap-no\">\n\t\t\t\t\t\t\t<div class=\"elementor-row\">\n\t\t\t\t\t<div class=\"elementor-column elementor-col-100 elementor-top-column elementor-element elementor-element-4d1aaf6\" data-id=\"4d1aaf6\" data-element_type=\"column\">\n\t\t\t<div class=\"elementor-column-wrap elementor-element-populated\">\n\t\t\t\t\t\t\t<div class=\"elementor-widget-wrap\">\n\t\t\t\t\t\t<div class=\"elementor-element elementor-element-11f93c56 elementor-widget elementor-widget-template\" data-id=\"11f93c56\" data-element_type=\"widget\" data-widget_type=\"template.default\">\n\t\t\t\t<div class=\"elementor-widget-container\">\n\t\t\t\t\t<div class=\"elementor-template\">\n\t\t\t\t\t<div data-elementor-type=\"section\" data-elementor-id=\"643\" class=\"elementor elementor-643\">\n\t\t\t\t\t<div class=\"elementor-section-wrap\">\n\t\t\t\t\t\t\t\t<section class=\"elementor-section elementor-top-section elementor-element elementor-element-5e73f9ce elementor-section-boxed elementor-section-height-default elementor-section-height-default\" data-id=\"5e73f9ce\" data-element_type=\"section\">\n\t\t\t\t\t\t<div class=\"elementor-container elementor-column-gap-default\">\n\t\t\t\t\t\t\t<div class=\"elementor-row\">\n\t\t\t\t\t<div class=\"elementor-column elementor-col-100 elementor-top-column elementor-element elementor-element-1438bcca\" data-id=\"1438bcca\" data-element_type=\"column\">\n\t\t\t<div class=\"elementor-column-wrap elementor-element-populated\">\n\t\t\t\t\t\t\t<div class=\"elementor-widget-wrap\">\n\t\t\t\t\t\t<div class=\"elementor-element elementor-element-a651400 elementor-widget elementor-widget-breadcrumbs\" data-id=\"a651400\" data-element_type=\"widget\" data-widget_type=\"breadcrumbs.default\">\n\t\t\t\t<div class=\"elementor-widget-container\">\n\t\t\t<p id=\"breadcrumbs\"><span><span><a href=\"https:\/\/gobiernoygestionpublica.edu.pe\/iggp1\/\">Inicio<\/a><\/span><\/p>\t\t<\/div>\n\t\t\t\t<\/div>\n\t\t\t\t\t\t<\/div>\n\t\t\t\t\t<\/div>\n\t\t<\/div>\n\t\t\t\t\t\t\t\t<\/div>\n\t\t\t\t\t<\/div>\n\t\t<\/section>\n\t\t\t\t\t\t\t<\/div>\n\t\t\t\t<\/div>\n\t\t\t\t<\/div>\n\t\t\t\t<\/div>\n\t\t\t\t<\/div>\n\t\t\t\t\t\t<\/div>\n\t\t\t\t\t<\/div>\n\t\t<\/div>\n\t\t\t\t\t\t\t\t<\/div>\n\t\t\t\t\t<\/div>\n\t\t<\/section>\n\t\t\t\t<section class=\"elementor-section elementor-top-section elementor-element elementor-element-2f4a864a elementor-hidden-desktop elementor-hidden-tablet elementor-section-boxed elementor-section-height-default elementor-section-height-default\" data-id=\"2f4a864a\" data-element_type=\"section\">\n\t\t\t\t\t\t<div class=\"elementor-container elementor-column-gap-default\">\n\t\t\t\t\t\t\t<div class=\"elementor-row\">\n\t\t\t\t\t<div class=\"elementor-column elementor-col-100 elementor-top-column elementor-element elementor-element-71a99689\" data-id=\"71a99689\" data-element_type=\"column\">\n\t\t\t<div class=\"elementor-column-wrap elementor-element-populated\">\n\t\t\t\t\t\t\t<div class=\"elementor-widget-wrap\">\n\t\t\t\t\t\t\t\t<\/div>\n\t\t\t\t\t<\/div>\n\t\t<\/div>\n\t\t\t\t\t\t\t\t<\/div>\n\t\t\t\t\t<\/div>\n\t\t<\/section>\n\t\t\t\t<section class=\"elementor-section elementor-top-section elementor-element elementor-element-68e3bdf7 elementor-section-boxed elementor-section-height-default elementor-section-height-default\" data-id=\"68e3bdf7\" data-element_type=\"section\">\n\t\t\t\t\t\t<div class=\"elementor-container elementor-column-gap-default\">\n\t\t\t\t\t\t\t<div class=\"elementor-row\">\n\t\t\t\t\t<div class=\"elementor-column elementor-col-100 elementor-top-column elementor-element elementor-element-7fb9bb56\" data-id=\"7fb9bb56\" data-element_type=\"column\">\n\t\t\t<div class=\"elementor-column-wrap elementor-element-populated\">\n\t\t\t\t\t\t\t<div class=\"elementor-widget-wrap\">\n\t\t\t\t\t\t<div class=\"elementor-element elementor-element-cd55207 elementor-widget elementor-widget-text-editor\" data-id=\"cd55207\" data-element_type=\"widget\" data-widget_type=\"text-editor.default\">\n\t\t\t\t<div class=\"elementor-widget-container\">\n\t\t\t\t\t\t\t\t<div class=\"elementor-text-editor elementor-clearfix\">\n\t\t\t\t<style>\n:root {\n  --rojo: #BD1714;\n  --rojo-oscuro: #6F0610;\n}\n\ndetails {\n  margin: 6px 0;\n  padding: 6px 10px;\n  border-left: 3px solid var(--rojo);\n  background: #fdfdfd;\n  border-radius: 6px;\n}\n\nsummary {\n  font-weight: 600;\n  color: var(--rojo-oscuro);\n  cursor: pointer;\n  transition: color 0.3s;\n}\n\nsummary:hover {\n  color: var(--rojo);\n}\n\na {\n  display: block;\n  color: #333;\n  padding: 3px 0;\n  text-decoration: none;\n  transition: color 0.2s;\n}\n\na:hover {\n  color: var(--rojo);\n  text-decoration: underline;\n}\n\ndetails details {\n  margin-left: 18px;\n  border-left: 2px solid #ddd;\n  background: #fafafa;\n}\n<\/style>\n\n<!-- ===== CONTENIDO ===== -->\n<details>\n  <summary><a href=\"https:\/\/gobiernoygestionpublica.edu.pe\/iggp1\/wp-content\/uploads\/2023\/10\/Estatutos.pdf\" target=\"_blank\" rel=\"noopener\">\ud83d\udcd8 Estatuto<\/a><\/summary>\n  \n  <details>\n    <summary>\ud83c\udf0e Objetivos de Desarrollo Sostenible<\/summary>\n    <a href=\"https:\/\/gobiernoygestionpublica.edu.pe\/iggp1\/wp-content\/uploads\/2023\/10\/Informe-de-acreditaciones-obtenidas-por-la-USMP.pdf\" target=\"_blank\">Informe de acreditaciones obtenidas por la USMP<\/a>\n    <a href=\"https:\/\/gobiernoygestionpublica.edu.pe\/iggp1\/wp-content\/uploads\/2023\/10\/Informe-de-Objetivos-de-Desarrollo-Sostenible-al-2021.pdf\" target=\"_blank\">Informe de Objetivos de Desarrollo Sostenible al 2021<\/a>\n    <a href=\"https:\/\/gobiernoygestionpublica.edu.pe\/iggp1\/wp-content\/uploads\/2023\/10\/Informe-de-resultados-ranking-USMP.pdf\" target=\"_blank\">Informe de resultados ranking USMP<\/a>\n  <\/details>\n<\/details>\n\n<details>\n  <summary>\ud83d\udcd1 Reglamentos<\/summary>\n  <a href=\"https:\/\/gobiernoygestionpublica.edu.pe\/iggp1\/wp-content\/uploads\/2023\/10\/Lineamientos-Generales-para-el-Cuidado-y-Conservacion-del-Ambiente.pdf\" target=\"_blank\">Lineamientos Generales para el Cuidado y Conservaci\u00f3n del Ambiente<\/a>\n  <a href=\"https:\/\/gobiernoygestionpublica.edu.pe\/iggp1\/wp-content\/uploads\/2023\/10\/Reglamento-de-Admision.pdf\" target=\"_blank\">Reglamento de Admisi\u00f3n<\/a>\n  <a href=\"https:\/\/gobiernoygestionpublica.edu.pe\/iggp1\/wp-content\/uploads\/2023\/10\/Reglamento-de-Beneficios-Economicos-2023.pdf\" target=\"_blank\">Reglamento de Beneficios Econ\u00f3micos 2023<\/a>\n  <a href=\"https:\/\/gobiernoygestionpublica.edu.pe\/iggp1\/wp-content\/uploads\/2023\/10\/Reglamento-de-Beneficios-Economicos-2024.pdf\" target=\"_blank\">Reglamento de Beneficios Econ\u00f3micos 2024<\/a>\n  <a href=\"https:\/\/gobiernoygestionpublica.edu.pe\/iggp1\/wp-content\/uploads\/2023\/10\/Reglamento-de-Estudiantes.pdf\" target=\"_blank\">Reglamento de Estudiantes<\/a>\n  <a href=\"https:\/\/gobiernoygestionpublica.edu.pe\/iggp1\/wp-content\/uploads\/2023\/10\/REGLAMENTO-DE-ESTUDIOS-DE-POSGRADO.pdf\" target=\"_blank\">Reglamento de Estudios de Posgrado<\/a>\n  <a href=\"https:\/\/gobiernoygestionpublica.edu.pe\/iggp1\/wp-content\/uploads\/2023\/10\/Reglamento-de-Evaluacion-del-Aprendizaje.pdf\" target=\"_blank\">Reglamento de Evaluaci\u00f3n del Aprendizaje<\/a>\n  <a href=\"https:\/\/gobiernoygestionpublica.edu.pe\/iggp1\/wp-content\/uploads\/2023\/10\/Reglamento-de-Grados-y-Titulos.pdf\" target=\"_blank\">Reglamento de Grados y T\u00edtulos<\/a>\n  <a href=\"https:\/\/gobiernoygestionpublica.edu.pe\/iggp1\/wp-content\/uploads\/2023\/10\/REGLAMENTO-DE-INVESTIGACION.pdf\" target=\"_blank\">Reglamento de Investigaci\u00f3n<\/a>\n  <a href=\"https:\/\/gobiernoygestionpublica.edu.pe\/iggp1\/wp-content\/uploads\/2023\/10\/Reglamento-de-la-Defensoria-Universitaria.pdf\" target=\"_blank\">Reglamento de la Defensor\u00eda Universitaria<\/a>\n  <a href=\"https:\/\/gobiernoygestionpublica.edu.pe\/iggp1\/wp-content\/uploads\/2024\/07\/Reglamento_de_Organizaciones_y_Funciones_IGGP.pdf\" target=\"_blank\">Reglamento de Organizaci\u00f3n y Funciones \u2013 IGGP<\/a>\n  <a href=\"https:\/\/gobiernoygestionpublica.edu.pe\/iggp1\/wp-content\/uploads\/2023\/10\/Reglamento-de-Organizacion-y-Funciones-FILIALES.pdf\" target=\"_blank\">Reglamento de Organizaci\u00f3n y Funciones \u2013 Filiales<\/a>\n  <a href=\"https:\/\/gobiernoygestionpublica.edu.pe\/iggp1\/wp-content\/uploads\/2023\/10\/Reglamento-de-Procesos-Disciplinarios-para-docentes.pdf\" target=\"_blank\">Reglamento de Procesos Disciplinarios para Docentes<\/a>\n  <a href=\"https:\/\/gobiernoygestionpublica.edu.pe\/iggp1\/wp-content\/uploads\/2023\/10\/Reglamento-de-Procesos-Disciplinarios-para-estudiantes-de-la-USMP.pdf\" target=\"_blank\">Reglamento de Procesos Disciplinarios para Estudiantes de la USMP<\/a>\n  <a href=\"https:\/\/gobiernoygestionpublica.edu.pe\/iggp1\/wp-content\/uploads\/2023\/10\/REGLAMENTO-DE-PROPIEDAD-INTELECTUAL.pdf\" target=\"_blank\">Reglamento de Propiedad Intelectual<\/a>\n  <a href=\"https:\/\/gobiernoygestionpublica.edu.pe\/iggp1\/wp-content\/uploads\/2023\/10\/Reglamento-del-Personal-Docente.pdf\" target=\"_blank\">Reglamento del Personal Docente<\/a>\n  <a href=\"https:\/\/gobiernoygestionpublica.edu.pe\/iggp1\/wp-content\/uploads\/2023\/10\/Reglamento-del-Servicio-de-Bolsa-de-Trabajo.pdf\" target=\"_blank\">Reglamento del Servicio de Bolsa de Trabajo<\/a>\n  <a href=\"https:\/\/gobiernoygestionpublica.edu.pe\/iggp1\/wp-content\/uploads\/2023\/10\/Reglamento-General-USMP.pdf\" target=\"_blank\">Reglamento General USMP<\/a>\n  <a href=\"https:\/\/gobiernoygestionpublica.edu.pe\/iggp1\/wp-content\/uploads\/2023\/10\/Reglamento-para-la-Revision-y-Modificacion-del-Curriculo-y-del-Silabo.pdf\" target=\"_blank\">Reglamento para la Revisi\u00f3n y Modificaci\u00f3n del Curr\u00edculo y del S\u00edlabos<\/a>\n  <a href=\"https:\/\/gobiernoygestionpublica.edu.pe\/iggp1\/wp-content\/uploads\/2023\/10\/REGLAMENTO-SOBRE-PREVENCION-INTERVENCION-E-INVESTIGACION-DE-CONDUCTAS-DE-HOSTIGAMIENTO-SEXUAL-VIOLENCIA-Y-DISCRIMINACION-EN-LA-USMP.pdf\" target=\"_blank\">Reglamento sobre Prevenci\u00f3n, Intervenci\u00f3n e Investigaci\u00f3n de Conductas de Hostigamiento Sexual, Violencia y Discriminaci\u00f3n<\/a>\n<\/details>\n\n<details>\n  <summary>\ud83d\udccb Relaci\u00f3n de pagos exigidos a los alumnos<\/summary>\n  <a href=\"https:\/\/gobiernoygestionpublica.edu.pe\/iggp1\/wp-content\/uploads\/2023\/10\/Pensiones_postgrado_2023.pdf\" target=\"_blank\">2023<\/a>\n  <a href=\"https:\/\/gobiernoygestionpublica.edu.pe\/iggp1\/wp-content\/uploads\/2023\/10\/Pensiones_postgrado_2022.pdf\" target=\"_blank\">2022<\/a>\n  <a href=\"https:\/\/gobiernoygestionpublica.edu.pe\/iggp1\/wp-content\/uploads\/2023\/10\/Pensiones_postgrado_2021.pdf\" target=\"_blank\">2021<\/a>\n<\/details>\n\n<details>\n  <summary>\ud83c\udf93 N\u00famero de alumnos por facultad y programa<\/summary>\n  <a href=\"https:\/\/gobiernoygestionpublica.edu.pe\/iggp1\/wp-content\/uploads\/2023\/10\/Relacion_de_matriculados_posgrado_2021-II.pdf\" target=\"_blank\">2021-II<\/a>\n  <a href=\"https:\/\/gobiernoygestionpublica.edu.pe\/iggp1\/wp-content\/uploads\/2023\/10\/Relacion_de_matriculados_posgrado_2021-I.pdf\" target=\"_blank\">2021-I<\/a>\n  <a href=\"https:\/\/gobiernoygestionpublica.edu.pe\/iggp1\/wp-content\/uploads\/2023\/10\/Relacion_de_matriculados_posgrado_2020-II.pdf\" target=\"_blank\">2020-II<\/a>\n  <a href=\"https:\/\/gobiernoygestionpublica.edu.pe\/iggp1\/wp-content\/uploads\/2023\/10\/Relacion_de_matriculados_posgrado_2020-I.pdf\" target=\"_blank\">2020-I<\/a>\n  <a href=\"https:\/\/gobiernoygestionpublica.edu.pe\/iggp1\/wp-content\/uploads\/2023\/10\/Relacion_de_matriculados_posgrado_2019-I.pdf\" target=\"_blank\">2019-I<\/a>\n<\/details>\n\n<details>\n  <summary>\ud83d\udcb0 Costos<\/summary>\n  <a href=\"https:\/\/gobiernoygestionpublica.edu.pe\/iggp1\/wp-content\/uploads\/2024\/02\/NORMAS_SOBRE_COSTO_Y_SERVICIOS_DE_ENSENANZA.pdf\" target=\"_blank\">Normas sobre Costo y Servicios de Ense\u00f1anza<\/a>\n<\/details>\n\n<details>\n  <summary>\ud83c\udf0d Objetivos de Desarrollo Sostenible \u2013 ODS<\/summary>\n  <details>\n  <summary>\ud83c\udf0d Objetivos de Desarrollo Sostenible \u2013 ODS 2024<\/summary>\n  <a href=\"https:\/\/gobiernoygestionpublica.edu.pe\/iggp1\/wp-content\/uploads\/2024\/10\/ODS44.pdf\" target=\"_blank\">ODS 44<\/a>\n  <a href=\"https:\/\/gobiernoygestionpublica.edu.pe\/iggp1\/wp-content\/uploads\/2024\/10\/ODS11.pdf\" target=\"_blank\">ODS 11<\/a>\n  <a href=\"https:\/\/gobiernoygestionpublica.edu.pe\/iggp1\/wp-content\/uploads\/2024\/10\/ODS16.pdf\" target=\"_blank\">ODS 16<\/a>\n  <a href=\"https:\/\/gobiernoygestionpublica.edu.pe\/iggp1\/wp-content\/uploads\/2024\/10\/ODS17.pdf\" target=\"_blank\">ODS 17<\/a>\n  <\/details>\n  <details>\n  <summary>\ud83c\udf0d Objetivos de Desarrollo Sostenible \u2013 ODS 2025<\/summary>\n  <a href=\"https:\/\/gobiernoygestionpublica.edu.pe\/iggp1\/wp-content\/uploads\/2025\/10\/Informe_ODS_1_2025.pdf\" target=\"_blank\">ODS 1<\/a>\n  <a href=\"https:\/\/gobiernoygestionpublica.edu.pe\/iggp1\/wp-content\/uploads\/2025\/10\/Informe_ODS_3_2025.pdf\" target=\"_blank\">ODS 3<\/a>\n  <a href=\"https:\/\/gobiernoygestionpublica.edu.pe\/iggp1\/wp-content\/uploads\/2025\/10\/Informe_ODS_4_2025.pdf\" target=\"_blank\">ODS 4<\/a>\n  <a href=\"https:\/\/gobiernoygestionpublica.edu.pe\/iggp1\/wp-content\/uploads\/2025\/10\/Informe_ODS_11_2025.pdf\" target=\"_blank\">ODS 11<\/a>\n  <a href=\"https:\/\/gobiernoygestionpublica.edu.pe\/iggp1\/wp-content\/uploads\/2025\/10\/Informe_ODS_16_2025.pdf\" target=\"_blank\">ODS 16<\/a>\n  <\/details>\n<\/details>\n\n<details>\n  <summary>\ud83d\udcc4 Cuadro de Vacantes &#8211; IGGP<\/summary>\n  <a href=\"https:\/\/gobiernoygestionpublica.edu.pe\/iggp1\/wp-content\/uploads\/2025\/10\/Cuadro_de_vacantes_2023.pdf\" target=\"_blank\">Cuadro de vacantes 2023<\/a>\n  <a href=\"https:\/\/gobiernoygestionpublica.edu.pe\/iggp1\/wp-content\/uploads\/2025\/05\/RR.213-2024-CU-R-USMP-IGGP.pdf\" target=\"_blank\">Cuadro de vacantes 2024<\/a>\n  <a href=\"https:\/\/gobiernoygestionpublica.edu.pe\/iggp1\/wp-content\/uploads\/2025\/10\/Cuadro_de_vacantes_2025.pdf\" target=\"_blank\">Cuadro de vacantes 2025<\/a>\n<\/details>\n\t\t\t\t\t<\/div>\n\t\t\t\t\t\t<\/div>\n\t\t\t\t<\/div>\n\t\t\t\t\t\t<\/div>\n\t\t\t\t\t<\/div>\n\t\t<\/div>\n\t\t\t\t\t\t\t\t<\/div>\n\t\t\t\t\t<\/div>\n\t\t<\/section>\n\t\t\t\t\t\t\t\t\t<\/div>\n\t\t\t<\/div>\n\t\t\t\t\t<\/div>\n\t\t","protected":false},"excerpt":{"rendered":"<p>Secci\u00f3n Transparencia ? Estatuto ? Objetivos de Desarrollo Sostenible Informe de acreditaciones obtenidas por la USMP Informe de Objetivos de Desarrollo Sostenible al 2021 Informe de resultados ranking USMP ? Reglamentos Lineamientos Generales para el Cuidado y Conservaci\u00f3n del Ambiente Reglamento de Admisi\u00f3n Reglamento de Beneficios Econ\u00f3micos 2023 Reglamento de Beneficios Econ\u00f3micos 2024 Reglamento de &#8230; <a title=\"Transparencia\" class=\"read-more\" href=\"https:\/\/gobiernoygestionpublica.edu.pe\/iggp1\/transparencia-iggp\/\" aria-label=\"M\u00e1s en Transparencia\">Leer m\u00e1s<\/a><\/p>\n","protected":false},"author":8,"featured_media":0,"parent":0,"menu_order":0,"comment_status":"closed","ping_status":"closed","template":"elementor_header_footer","meta":[],"yoast_head":"<!-- This site is optimized with the Yoast SEO plugin v18.8 - https:\/\/yoast.com\/wordpress\/plugins\/seo\/ -->\n<title>Transparencia - Instituto de Gobierno y Gesti\u00f3n P\u00fablica<\/title>\n<meta name=\"robots\" content=\"index, follow, max-snippet:-1, max-image-preview:large, max-video-preview:-1\" \/>\n<link rel=\"canonical\" href=\"https:\/\/gobiernoygestionpublica.edu.pe\/iggp1\/transparencia-iggp\/\" \/>\n<meta property=\"og:locale\" content=\"es_ES\" \/>\n<meta property=\"og:type\" content=\"article\" \/>\n<meta property=\"og:title\" content=\"Transparencia - Instituto de Gobierno y Gesti\u00f3n P\u00fablica\" \/>\n<meta property=\"og:description\" content=\"Secci\u00f3n Transparencia ? Estatuto ? Objetivos de Desarrollo Sostenible Informe de acreditaciones obtenidas por la USMP Informe de Objetivos de Desarrollo Sostenible al 2021 Informe de resultados ranking USMP ? Reglamentos Lineamientos Generales para el Cuidado y Conservaci\u00f3n del Ambiente Reglamento de Admisi\u00f3n Reglamento de Beneficios Econ\u00f3micos 2023 Reglamento de Beneficios Econ\u00f3micos 2024 Reglamento de ... Leer m\u00e1s\" \/>\n<meta property=\"og:url\" content=\"https:\/\/gobiernoygestionpublica.edu.pe\/iggp1\/transparencia-iggp\/\" \/>\n<meta property=\"og:site_name\" content=\"Instituto de Gobierno y Gesti\u00f3n P\u00fablica\" \/>\n<meta property=\"article:modified_time\" content=\"2025-10-30T16:52:27+00:00\" \/>\n<meta name=\"twitter:card\" content=\"summary_large_image\" \/>\n<meta name=\"twitter:label1\" content=\"Tiempo de lectura\" \/>\n\t<meta name=\"twitter:data1\" content=\"2 minutos\" \/>\n<script type=\"application\/ld+json\" class=\"yoast-schema-graph\">{\"@context\":\"https:\/\/schema.org\",\"@graph\":[{\"@type\":\"WebSite\",\"@id\":\"https:\/\/gobiernoygestionpublica.edu.pe\/iggp1\/#website\",\"url\":\"https:\/\/gobiernoygestionpublica.edu.pe\/iggp1\/\",\"name\":\"Instituto de Gobierno y Gesti\u00f3n P\u00fablica\",\"description\":\"Instituto de Gobierno y Gesti\u00f3n P\u00fablica\",\"potentialAction\":[{\"@type\":\"SearchAction\",\"target\":{\"@type\":\"EntryPoint\",\"urlTemplate\":\"https:\/\/gobiernoygestionpublica.edu.pe\/iggp1\/?s={search_term_string}\"},\"query-input\":\"required name=search_term_string\"}],\"inLanguage\":\"es\"},{\"@type\":\"WebPage\",\"@id\":\"https:\/\/gobiernoygestionpublica.edu.pe\/iggp1\/transparencia-iggp\/#webpage\",\"url\":\"https:\/\/gobiernoygestionpublica.edu.pe\/iggp1\/transparencia-iggp\/\",\"name\":\"Transparencia - Instituto de Gobierno y Gesti\u00f3n P\u00fablica\",\"isPartOf\":{\"@id\":\"https:\/\/gobiernoygestionpublica.edu.pe\/iggp1\/#website\"},\"datePublished\":\"2023-10-17T15:13:45+00:00\",\"dateModified\":\"2025-10-30T16:52:27+00:00\",\"breadcrumb\":{\"@id\":\"https:\/\/gobiernoygestionpublica.edu.pe\/iggp1\/transparencia-iggp\/#breadcrumb\"},\"inLanguage\":\"es\",\"potentialAction\":[{\"@type\":\"ReadAction\",\"target\":[\"https:\/\/gobiernoygestionpublica.edu.pe\/iggp1\/transparencia-iggp\/\"]}]},{\"@type\":\"BreadcrumbList\",\"@id\":\"https:\/\/gobiernoygestionpublica.edu.pe\/iggp1\/transparencia-iggp\/#breadcrumb\",\"itemListElement\":[{\"@type\":\"ListItem\",\"position\":1,\"name\":\"Inicio\",\"item\":\"https:\/\/gobiernoygestionpublica.edu.pe\/iggp1\/\"},{\"@type\":\"ListItem\",\"position\":2,\"name\":\"Transparencia\"}]}]}<\/script>\n<!-- \/ Yoast SEO plugin. -->","yoast_head_json":{"title":"Transparencia - Instituto de Gobierno y Gesti\u00f3n P\u00fablica","robots":{"index":"index","follow":"follow","max-snippet":"max-snippet:-1","max-image-preview":"max-image-preview:large","max-video-preview":"max-video-preview:-1"},"canonical":"https:\/\/gobiernoygestionpublica.edu.pe\/iggp1\/transparencia-iggp\/","og_locale":"es_ES","og_type":"article","og_title":"Transparencia - Instituto de Gobierno y Gesti\u00f3n P\u00fablica","og_description":"Secci\u00f3n Transparencia ? Estatuto ? Objetivos de Desarrollo Sostenible Informe de acreditaciones obtenidas por la USMP Informe de Objetivos de Desarrollo Sostenible al 2021 Informe de resultados ranking USMP ? Reglamentos Lineamientos Generales para el Cuidado y Conservaci\u00f3n del Ambiente Reglamento de Admisi\u00f3n Reglamento de Beneficios Econ\u00f3micos 2023 Reglamento de Beneficios Econ\u00f3micos 2024 Reglamento de ... Leer m\u00e1s","og_url":"https:\/\/gobiernoygestionpublica.edu.pe\/iggp1\/transparencia-iggp\/","og_site_name":"Instituto de Gobierno y Gesti\u00f3n P\u00fablica","article_modified_time":"2025-10-30T16:52:27+00:00","twitter_card":"summary_large_image","twitter_misc":{"Tiempo de lectura":"2 minutos"},"schema":{"@context":"https:\/\/schema.org","@graph":[{"@type":"WebSite","@id":"https:\/\/gobiernoygestionpublica.edu.pe\/iggp1\/#website","url":"https:\/\/gobiernoygestionpublica.edu.pe\/iggp1\/","name":"Instituto de Gobierno y Gesti\u00f3n P\u00fablica","description":"Instituto de Gobierno y Gesti\u00f3n P\u00fablica","potentialAction":[{"@type":"SearchAction","target":{"@type":"EntryPoint","urlTemplate":"https:\/\/gobiernoygestionpublica.edu.pe\/iggp1\/?s={search_term_string}"},"query-input":"required name=search_term_string"}],"inLanguage":"es"},{"@type":"WebPage","@id":"https:\/\/gobiernoygestionpublica.edu.pe\/iggp1\/transparencia-iggp\/#webpage","url":"https:\/\/gobiernoygestionpublica.edu.pe\/iggp1\/transparencia-iggp\/","name":"Transparencia - Instituto de Gobierno y Gesti\u00f3n P\u00fablica","isPartOf":{"@id":"https:\/\/gobiernoygestionpublica.edu.pe\/iggp1\/#website"},"datePublished":"2023-10-17T15:13:45+00:00","dateModified":"2025-10-30T16:52:27+00:00","breadcrumb":{"@id":"https:\/\/gobiernoygestionpublica.edu.pe\/iggp1\/transparencia-iggp\/#breadcrumb"},"inLanguage":"es","potentialAction":[{"@type":"ReadAction","target":["https:\/\/gobiernoygestionpublica.edu.pe\/iggp1\/transparencia-iggp\/"]}]},{"@type":"BreadcrumbList","@id":"https:\/\/gobiernoygestionpublica.edu.pe\/iggp1\/transparencia-iggp\/#breadcrumb","itemListElement":[{"@type":"ListItem","position":1,"name":"Inicio","item":"https:\/\/gobiernoygestionpublica.edu.pe\/iggp1\/"},{"@type":"ListItem","position":2,"name":"Transparencia"}]}]}},"_links":{"self":[{"href":"https:\/\/gobiernoygestionpublica.edu.pe\/iggp1\/wp-json\/wp\/v2\/pages\/19478"}],"collection":[{"href":"https:\/\/gobiernoygestionpublica.edu.pe\/iggp1\/wp-json\/wp\/v2\/pages"}],"about":[{"href":"https:\/\/gobiernoygestionpublica.edu.pe\/iggp1\/wp-json\/wp\/v2\/types\/page"}],"author":[{"embeddable":true,"href":"https:\/\/gobiernoygestionpublica.edu.pe\/iggp1\/wp-json\/wp\/v2\/users\/8"}],"replies":[{"embeddable":true,"href":"https:\/\/gobiernoygestionpublica.edu.pe\/iggp1\/wp-json\/wp\/v2\/comments?post=19478"}],"version-history":[{"count":148,"href":"https:\/\/gobiernoygestionpublica.edu.pe\/iggp1\/wp-json\/wp\/v2\/pages\/19478\/revisions"}],"predecessor-version":[{"id":21596,"href":"https:\/\/gobiernoygestionpublica.edu.pe\/iggp1\/wp-json\/wp\/v2\/pages\/19478\/revisions\/21596"}],"wp:attachment":[{"href":"https:\/\/gobiernoygestionpublica.edu.pe\/iggp1\/wp-json\/wp\/v2\/media?parent=19478"}],"curies":[{"name":"wp","href":"https:\/\/api.w.org\/{rel}","templated":true}]}}