{"id":21184,"date":"2025-07-02T21:00:37","date_gmt":"2025-07-02T21:00:37","guid":{"rendered":"https:\/\/gobiernoygestionpublica.edu.pe\/iggp1\/?page_id=21184"},"modified":"2025-07-10T21:06:50","modified_gmt":"2025-07-10T21:06:50","slug":"07-12-2023","status":"publish","type":"page","link":"https:\/\/gobiernoygestionpublica.edu.pe\/iggp1\/07-12-2023\/","title":{"rendered":"Nota de prensa"},"content":{"rendered":"\t\t<div data-elementor-type=\"wp-page\" data-elementor-id=\"21184\" class=\"elementor elementor-21184\">\n\t\t\t\t\t\t<div class=\"elementor-inner\">\n\t\t\t\t<div class=\"elementor-section-wrap\">\n\t\t\t\t\t\t\t\t\t<section class=\"elementor-section elementor-top-section elementor-element elementor-element-5955f1a slider elementor-section-boxed elementor-section-height-default elementor-section-height-default\" data-id=\"5955f1a\" data-element_type=\"section\" data-settings=\"{&quot;background_background&quot;:&quot;classic&quot;}\">\n\t\t\t\t\t\t<div class=\"elementor-container elementor-column-gap-no\">\n\t\t\t\t\t\t\t<div class=\"elementor-row\">\n\t\t\t\t\t<div class=\"elementor-column elementor-col-100 elementor-top-column elementor-element elementor-element-8063f7e\" data-id=\"8063f7e\" data-element_type=\"column\">\n\t\t\t<div class=\"elementor-column-wrap elementor-element-populated\">\n\t\t\t\t\t\t\t<div class=\"elementor-widget-wrap\">\n\t\t\t\t\t\t<div class=\"elementor-element elementor-element-4012453 elementor-cta--skin-cover elementor-widget elementor-widget-call-to-action\" data-id=\"4012453\" data-element_type=\"widget\" data-widget_type=\"call-to-action.default\">\n\t\t\t\t<div class=\"elementor-widget-container\">\n\t\t\t\t\t<div class=\"elementor-cta\">\n\t\t\t\t\t<div class=\"elementor-cta__bg-wrapper\">\n\t\t\t\t<div class=\"elementor-cta__bg elementor-bg\" style=\"background-image: url(https:\/\/gobiernoygestionpublica.edu.pe\/iggp1\/wp-content\/uploads\/2022\/06\/fondo_o_1.jpg);\"><\/div>\n\t\t\t\t<div class=\"elementor-cta__bg-overlay\"><\/div>\n\t\t\t<\/div>\n\t\t\t\t\t\t\t\t<\/div>\n\t\t\t\t<\/div>\n\t\t\t\t<\/div>\n\t\t\t\t<section class=\"elementor-section elementor-inner-section elementor-element elementor-element-5184992 elementor-reverse-mobile elementor-section-height-min-height elementor-section-boxed elementor-section-height-default\" data-id=\"5184992\" data-element_type=\"section\">\n\t\t\t\t\t\t<div class=\"elementor-container elementor-column-gap-default\">\n\t\t\t\t\t\t\t<div class=\"elementor-row\">\n\t\t\t\t\t<div class=\"elementor-column elementor-col-50 elementor-inner-column elementor-element elementor-element-3a69d05\" data-id=\"3a69d05\" data-element_type=\"column\">\n\t\t\t<div class=\"elementor-column-wrap\">\n\t\t\t\t\t\t\t<div class=\"elementor-widget-wrap\">\n\t\t\t\t\t\t\t\t<\/div>\n\t\t\t\t\t<\/div>\n\t\t<\/div>\n\t\t\t\t<div class=\"elementor-column elementor-col-50 elementor-inner-column elementor-element elementor-element-0a9aaac\" data-id=\"0a9aaac\" data-element_type=\"column\" data-settings=\"{&quot;background_background&quot;:&quot;classic&quot;}\">\n\t\t\t<div class=\"elementor-column-wrap elementor-element-populated\">\n\t\t\t\t\t\t\t<div class=\"elementor-widget-wrap\">\n\t\t\t\t\t\t<div class=\"elementor-element elementor-element-40d5dee elementor-widget elementor-widget-heading\" data-id=\"40d5dee\" data-element_type=\"widget\" data-widget_type=\"heading.default\">\n\t\t\t\t<div class=\"elementor-widget-container\">\n\t\t\t<h2 class=\"elementor-heading-title elementor-size-default\">Noticias y eventos IGGP<\/h2>\t\t<\/div>\n\t\t\t\t<\/div>\n\t\t\t\t\t\t<\/div>\n\t\t\t\t\t<\/div>\n\t\t<\/div>\n\t\t\t\t\t\t\t\t<\/div>\n\t\t\t\t\t<\/div>\n\t\t<\/section>\n\t\t\t\t\t\t<\/div>\n\t\t\t\t\t<\/div>\n\t\t<\/div>\n\t\t\t\t\t\t\t\t<\/div>\n\t\t\t\t\t<\/div>\n\t\t<\/section>\n\t\t\t\t<section class=\"elementor-section elementor-top-section elementor-element elementor-element-24d589ea elementor-section-boxed elementor-section-height-default elementor-section-height-default\" data-id=\"24d589ea\" data-element_type=\"section\">\n\t\t\t\t\t\t<div class=\"elementor-container elementor-column-gap-no\">\n\t\t\t\t\t\t\t<div class=\"elementor-row\">\n\t\t\t\t\t<div class=\"elementor-column elementor-col-100 elementor-top-column elementor-element elementor-element-4d1aaf6\" data-id=\"4d1aaf6\" data-element_type=\"column\">\n\t\t\t<div class=\"elementor-column-wrap elementor-element-populated\">\n\t\t\t\t\t\t\t<div class=\"elementor-widget-wrap\">\n\t\t\t\t\t\t<div class=\"elementor-element elementor-element-11f93c56 elementor-widget elementor-widget-template\" data-id=\"11f93c56\" data-element_type=\"widget\" data-widget_type=\"template.default\">\n\t\t\t\t<div class=\"elementor-widget-container\">\n\t\t\t\t\t<div class=\"elementor-template\">\n\t\t\t\t\t<div data-elementor-type=\"section\" data-elementor-id=\"643\" class=\"elementor elementor-643\">\n\t\t\t\t\t<div class=\"elementor-section-wrap\">\n\t\t\t\t\t\t\t\t<section class=\"elementor-section elementor-top-section elementor-element elementor-element-5e73f9ce elementor-section-boxed elementor-section-height-default elementor-section-height-default\" data-id=\"5e73f9ce\" data-element_type=\"section\">\n\t\t\t\t\t\t<div class=\"elementor-container elementor-column-gap-default\">\n\t\t\t\t\t\t\t<div class=\"elementor-row\">\n\t\t\t\t\t<div class=\"elementor-column elementor-col-100 elementor-top-column elementor-element elementor-element-1438bcca\" data-id=\"1438bcca\" data-element_type=\"column\">\n\t\t\t<div class=\"elementor-column-wrap elementor-element-populated\">\n\t\t\t\t\t\t\t<div class=\"elementor-widget-wrap\">\n\t\t\t\t\t\t<div class=\"elementor-element elementor-element-a651400 elementor-widget elementor-widget-breadcrumbs\" data-id=\"a651400\" data-element_type=\"widget\" data-widget_type=\"breadcrumbs.default\">\n\t\t\t\t<div class=\"elementor-widget-container\">\n\t\t\t<p id=\"breadcrumbs\"><span><span><a href=\"https:\/\/gobiernoygestionpublica.edu.pe\/iggp1\/\">Inicio<\/a><\/span><\/p>\t\t<\/div>\n\t\t\t\t<\/div>\n\t\t\t\t\t\t<\/div>\n\t\t\t\t\t<\/div>\n\t\t<\/div>\n\t\t\t\t\t\t\t\t<\/div>\n\t\t\t\t\t<\/div>\n\t\t<\/section>\n\t\t\t\t\t\t\t<\/div>\n\t\t\t\t<\/div>\n\t\t\t\t<\/div>\n\t\t\t\t<\/div>\n\t\t\t\t<\/div>\n\t\t\t\t\t\t<\/div>\n\t\t\t\t\t<\/div>\n\t\t<\/div>\n\t\t\t\t\t\t\t\t<\/div>\n\t\t\t\t\t<\/div>\n\t\t<\/section>\n\t\t\t\t<section class=\"elementor-section elementor-top-section elementor-element elementor-element-2f4a864a elementor-hidden-desktop elementor-hidden-tablet elementor-section-boxed elementor-section-height-default elementor-section-height-default\" data-id=\"2f4a864a\" data-element_type=\"section\">\n\t\t\t\t\t\t<div class=\"elementor-container elementor-column-gap-default\">\n\t\t\t\t\t\t\t<div class=\"elementor-row\">\n\t\t\t\t\t<div class=\"elementor-column elementor-col-100 elementor-top-column elementor-element elementor-element-71a99689\" data-id=\"71a99689\" data-element_type=\"column\">\n\t\t\t<div class=\"elementor-column-wrap elementor-element-populated\">\n\t\t\t\t\t\t\t<div class=\"elementor-widget-wrap\">\n\t\t\t\t\t\t\t\t<\/div>\n\t\t\t\t\t<\/div>\n\t\t<\/div>\n\t\t\t\t\t\t\t\t<\/div>\n\t\t\t\t\t<\/div>\n\t\t<\/section>\n\t\t\t\t<section class=\"elementor-section elementor-top-section elementor-element elementor-element-68e3bdf7 elementor-section-boxed elementor-section-height-default elementor-section-height-default\" data-id=\"68e3bdf7\" data-element_type=\"section\">\n\t\t\t\t\t\t<div class=\"elementor-container elementor-column-gap-default\">\n\t\t\t\t\t\t\t<div class=\"elementor-row\">\n\t\t\t\t\t<div class=\"elementor-column elementor-col-100 elementor-top-column elementor-element elementor-element-7fb9bb56\" data-id=\"7fb9bb56\" data-element_type=\"column\">\n\t\t\t<div class=\"elementor-column-wrap elementor-element-populated\">\n\t\t\t\t\t\t\t<div class=\"elementor-widget-wrap\">\n\t\t\t\t\t\t<div class=\"elementor-element elementor-element-1cdfcd25 elementor-widget elementor-widget-heading\" data-id=\"1cdfcd25\" data-element_type=\"widget\" data-widget_type=\"heading.default\">\n\t\t\t\t<div class=\"elementor-widget-container\">\n\t\t\t<div class=\"elementor-heading-title elementor-size-default\">Universidad de San Mart\u00edn de Porres firm\u00f3 Convenio Marco de Cooperaci\u00f3n Acad\u00e9mica para la Cotutela de Tesis Doctorales conducente al Doble T\u00edtulo de Doctor con la Universidad de Salamanca<\/div>\t\t<\/div>\n\t\t\t\t<\/div>\n\t\t\t\t<div class=\"elementor-element elementor-element-cd55207 elementor-widget elementor-widget-text-editor\" data-id=\"cd55207\" data-element_type=\"widget\" data-widget_type=\"text-editor.default\">\n\t\t\t\t<div class=\"elementor-widget-container\">\n\t\t\t\t\t\t\t\t<div class=\"elementor-text-editor elementor-clearfix\">\n\t\t\t\t<p>Diciembre 7, 2023<\/p>\n<p align=\"justify\">La <strong>Universidad de San Mart\u00edn de Porres<\/strong> firm\u00f3 el <strong>Convenio Marco de Cooperaci\u00f3n Acad\u00e9mica para la Cotutela de Tesis Doctorales<\/strong> conducente al Doble T\u00edtulo de Doctor con la <strong>Universidad de Salamanca<\/strong> (Reino de Espa\u00f1a), el cual tiene como objetivo establecer un marco de colaboraci\u00f3n institucional bilateral entre las dos universidades que permita la realizaci\u00f3n de tesis doctorales en r\u00e9gimen de cotutela.<\/p>\n<p align=\"justify\">Este convenio tiene la naturaleza de un \u00abacuerdo internacional no normativo\u00bb, de conformidad con lo establecido en los art\u00edculos 2-c) y 43 de la Ley 25\/2014, de 27 de noviembre, de Tratados y otros Acuerdos Internacionales.<\/p>\n<p align=\"justify\">En ese sentido, se entiende como tal la direcci\u00f3n, elaboraci\u00f3n, defensa y evaluaci\u00f3n de una tesis doctoral, bajo la responsabilidad conjunta de ambas instituciones, dentro de sus correspondientes programas de doctorado. El r\u00e9gimen de cotutela conducir\u00e1 a la obtenci\u00f3n del t\u00edtulo de Doctor por cada una de las dos instituciones.<\/p>\n<p align=\"justify\">Asimismo, a efectos de los art\u00edculos 45 y 48 de la misma Ley, este acuerdo internacional no normativo no implica obligaciones financieras, ni cuenta con la relevancia pol\u00edtica, t\u00e9cnica o log\u00edstica internacional suficiente para determinar su inscripci\u00f3n en el correspondiente registro administrativo.<\/p>\n<p align=\"justify\">A fin de desarrollar este convenio, se ir\u00e1n incorporando a \u00e9l \u00abcompromisos de cotutela\u00bb, que deben completarse y firmarse para cada estudiante de doctorado que quede sujeto al mismo. En cada uno de ellos se especificar\u00e1 la identificaci\u00f3n del estudiante, el t\u00edtulo de su tesis doctoral, los programas de doctorado en los que se integra en cada universidad, los profesores que ejercer\u00e1n de directores de tesis en cada universidad, as\u00ed como en cu\u00e1l de las dos instituciones se llevar\u00e1 a cabo la evaluaci\u00f3n y defensa de la tesis doctoral, que ser\u00e1 \u00fanica. Este documento, antes de formalizarse la matr\u00edcula del estudiante, ser\u00e1 firmado, en cada instituci\u00f3n, por los coordinadores de los programas de doctorado y por los doctores que vayan a figurar como directores de la tesis doctoral.<\/p>\n<p align=\"justify\">Las condiciones de inscripci\u00f3n y defensa de la tesis doctoral, dentro de este marco de cotutela, est\u00e1n reguladas por la normativa aplicable a cada una de las dos instituciones relativa a los estudios de doctorado. En particular:<\/p>\n<ul>\n<li>\n<p align=\"justify\">El estudiante de doctorado deber\u00e1 cumplir, por un lado, con los requisitos de acceso establecidos en el art. 6 del RD 99\/2011 y ser admitido por la Comisi\u00f3n Acad\u00e9mica del Programa de Doctorado de la Universidad de Salamanca y, por otro, los requisitos establecidos por la normativa reguladora de los estudios de doctorado establecidos por la Ley Universitaria, ley N\u00b0 30220; en especial lo establecido en el t\u00edtulo III del Reglamento de Admisi\u00f3n de la Universidad San Mart\u00edn de Porres.<\/p>\n<\/li>\n<li>\n<p align=\"justify\">La negociaci\u00f3n y firma de cada \u00abcompromiso de cotutela\u00bb, cuyo texto ha de adjuntarse al Anexo del presente Convenio, deber\u00e1 darse antes de terminar el segundo curso acad\u00e9mico de estudios doctorales del estudiante y comprender un plan de trabajo, en el que se expresar\u00e1n detalladamente las fechas y actividades entre ambas instituciones.<\/p>\n<\/li>\n<li>\n<p align=\"justify\">El estudiante de USMP, para conseguir el t\u00edtulo de Doctor por la USAL, debe estar matriculado en al menos tres cursos acad\u00e9micos en la USAL, durante los cuales pagar\u00e1 las tasas acad\u00e9micas y administrativas correspondientes a los estudios de Doctorado. El resto del tiempo, el estudiante que se acoja a este Convenio abonar\u00e1 anualmente los precios acad\u00e9micos establecidos en la USMP y las tasas administrativas o equivalentes, si las hubiera, correspondientes a los estudios de Doctorado, en la USAL. En reciprocidad, se aplicar\u00e1 este mismo procedimiento para los alumnos de la USAL que quieran acogerse al Convenio de Cotutela con la USMP.<\/p>\n<\/li>\n<li>\n<p align=\"justify\">El estudiante tendr\u00e1 los derechos previstos en cada instituci\u00f3n para los estudiantes de doctorado, en particular el derecho a la tutela acad\u00e9mica y a la utilizaci\u00f3n de los recursos necesarios para el desarrollo de su trabajo de investigaci\u00f3n doctoral.<\/p>\n<\/li>\n<li>\n<p align=\"justify\">El estudiante ser\u00e1 responsable de abonar los gastos derivados de la presentaci\u00f3n y defensa de la tesis doctoral, as\u00ed como de la expedici\u00f3n del t\u00edtulo, y otros si los hubiera.<\/p>\n<\/li>\n<\/ul>\n<p align=\"justify\">El convenio tendr\u00e1 una vigencia de cuatro a\u00f1os, a partir de la fecha de su suscripci\u00f3n. Fue firmado por el <strong>Dr. Jos\u00e9 Antonio Chang Escobedo<\/strong>, Rector de la Universidad de San Mart\u00edn de Porres, y por el <strong>Dr. Nicol\u00e1s Rodr\u00edguez \u2013 Garc\u00eda<\/strong>, Vicerrector de Postgrado y Ense\u00f1anzas Propias de la Universidad de Salamanca.<\/p><p align=\"justify\"><span style=\"font-weight: 700; color: rgb(45, 46, 45); font-family: Poppins, sans-serif; font-size: 15px; text-align: start;\">Santa Anita, 05 de diciembre de 2023<br><\/span><span style=\"font-weight: 700; color: rgb(45, 46, 45); font-family: Poppins, sans-serif; font-size: 15px; text-align: start;\">Oficina de Relaciones P\u00fablicas<br><\/span><span style=\"font-weight: 700; color: rgb(45, 46, 45); font-family: Poppins, sans-serif; font-size: 15px; text-align: start;\">e Imagen Institucional<br><\/span><a href=\"mailto:rrpp@usmp.pe\" style=\"color: rgb(157, 19, 16); font-family: Poppins, sans-serif; font-size: 15px; text-align: start; background-color: rgb(255, 255, 255);\"><span style=\"font-weight: 700;\">rrpp@usmp.pe<\/span><\/a><\/p>\t\t\t\t\t<\/div>\n\t\t\t\t\t\t<\/div>\n\t\t\t\t<\/div>\n\t\t\t\t\t\t<\/div>\n\t\t\t\t\t<\/div>\n\t\t<\/div>\n\t\t\t\t\t\t\t\t<\/div>\n\t\t\t\t\t<\/div>\n\t\t<\/section>\n\t\t\t\t\t\t\t\t\t<\/div>\n\t\t\t<\/div>\n\t\t\t\t\t<\/div>\n\t\t","protected":false},"excerpt":{"rendered":"<p>Noticias y eventos IGGP Universidad de San Mart\u00edn de Porres firm\u00f3 Convenio Marco de Cooperaci\u00f3n Acad\u00e9mica para la Cotutela de Tesis Doctorales conducente al Doble T\u00edtulo de Doctor con la Universidad de Salamanca Diciembre 7, 2023 La Universidad de San Mart\u00edn de Porres firm\u00f3 el Convenio Marco de Cooperaci\u00f3n Acad\u00e9mica para la Cotutela de Tesis &#8230; <a title=\"Nota de prensa\" class=\"read-more\" href=\"https:\/\/gobiernoygestionpublica.edu.pe\/iggp1\/07-12-2023\/\" aria-label=\"M\u00e1s en Nota de prensa\">Leer m\u00e1s<\/a><\/p>\n","protected":false},"author":9,"featured_media":0,"parent":0,"menu_order":0,"comment_status":"closed","ping_status":"closed","template":"elementor_header_footer","meta":[],"yoast_head":"<!-- This site is optimized with the Yoast SEO plugin v18.8 - https:\/\/yoast.com\/wordpress\/plugins\/seo\/ -->\n<title>Nota de prensa - Instituto de Gobierno y Gesti\u00f3n P\u00fablica<\/title>\n<meta name=\"robots\" content=\"index, follow, max-snippet:-1, max-image-preview:large, max-video-preview:-1\" \/>\n<link rel=\"canonical\" href=\"https:\/\/gobiernoygestionpublica.edu.pe\/iggp1\/07-12-2023\/\" \/>\n<meta property=\"og:locale\" content=\"es_ES\" \/>\n<meta property=\"og:type\" content=\"article\" \/>\n<meta property=\"og:title\" content=\"Nota de prensa - Instituto de Gobierno y Gesti\u00f3n P\u00fablica\" \/>\n<meta property=\"og:description\" content=\"Noticias y eventos IGGP Universidad de San Mart\u00edn de Porres firm\u00f3 Convenio Marco de Cooperaci\u00f3n Acad\u00e9mica para la Cotutela de Tesis Doctorales conducente al Doble T\u00edtulo de Doctor con la Universidad de Salamanca Diciembre 7, 2023 La Universidad de San Mart\u00edn de Porres firm\u00f3 el Convenio Marco de Cooperaci\u00f3n Acad\u00e9mica para la Cotutela de Tesis ... Leer m\u00e1s\" \/>\n<meta property=\"og:url\" content=\"https:\/\/gobiernoygestionpublica.edu.pe\/iggp1\/07-12-2023\/\" \/>\n<meta property=\"og:site_name\" content=\"Instituto de Gobierno y Gesti\u00f3n P\u00fablica\" \/>\n<meta property=\"article:modified_time\" content=\"2025-07-10T21:06:50+00:00\" \/>\n<meta name=\"twitter:card\" content=\"summary_large_image\" \/>\n<meta name=\"twitter:label1\" content=\"Tiempo de lectura\" \/>\n\t<meta name=\"twitter:data1\" content=\"4 minutos\" \/>\n<script type=\"application\/ld+json\" class=\"yoast-schema-graph\">{\"@context\":\"https:\/\/schema.org\",\"@graph\":[{\"@type\":\"WebSite\",\"@id\":\"https:\/\/gobiernoygestionpublica.edu.pe\/iggp1\/#website\",\"url\":\"https:\/\/gobiernoygestionpublica.edu.pe\/iggp1\/\",\"name\":\"Instituto de Gobierno y Gesti\u00f3n P\u00fablica\",\"description\":\"Instituto de Gobierno y Gesti\u00f3n P\u00fablica\",\"potentialAction\":[{\"@type\":\"SearchAction\",\"target\":{\"@type\":\"EntryPoint\",\"urlTemplate\":\"https:\/\/gobiernoygestionpublica.edu.pe\/iggp1\/?s={search_term_string}\"},\"query-input\":\"required name=search_term_string\"}],\"inLanguage\":\"es\"},{\"@type\":\"WebPage\",\"@id\":\"https:\/\/gobiernoygestionpublica.edu.pe\/iggp1\/07-12-2023\/#webpage\",\"url\":\"https:\/\/gobiernoygestionpublica.edu.pe\/iggp1\/07-12-2023\/\",\"name\":\"Nota de prensa - Instituto de Gobierno y Gesti\u00f3n P\u00fablica\",\"isPartOf\":{\"@id\":\"https:\/\/gobiernoygestionpublica.edu.pe\/iggp1\/#website\"},\"datePublished\":\"2025-07-02T21:00:37+00:00\",\"dateModified\":\"2025-07-10T21:06:50+00:00\",\"breadcrumb\":{\"@id\":\"https:\/\/gobiernoygestionpublica.edu.pe\/iggp1\/07-12-2023\/#breadcrumb\"},\"inLanguage\":\"es\",\"potentialAction\":[{\"@type\":\"ReadAction\",\"target\":[\"https:\/\/gobiernoygestionpublica.edu.pe\/iggp1\/07-12-2023\/\"]}]},{\"@type\":\"BreadcrumbList\",\"@id\":\"https:\/\/gobiernoygestionpublica.edu.pe\/iggp1\/07-12-2023\/#breadcrumb\",\"itemListElement\":[{\"@type\":\"ListItem\",\"position\":1,\"name\":\"Inicio\",\"item\":\"https:\/\/gobiernoygestionpublica.edu.pe\/iggp1\/\"},{\"@type\":\"ListItem\",\"position\":2,\"name\":\"Nota de prensa\"}]}]}<\/script>\n<!-- \/ Yoast SEO plugin. -->","yoast_head_json":{"title":"Nota de prensa - Instituto de Gobierno y Gesti\u00f3n P\u00fablica","robots":{"index":"index","follow":"follow","max-snippet":"max-snippet:-1","max-image-preview":"max-image-preview:large","max-video-preview":"max-video-preview:-1"},"canonical":"https:\/\/gobiernoygestionpublica.edu.pe\/iggp1\/07-12-2023\/","og_locale":"es_ES","og_type":"article","og_title":"Nota de prensa - Instituto de Gobierno y Gesti\u00f3n P\u00fablica","og_description":"Noticias y eventos IGGP Universidad de San Mart\u00edn de Porres firm\u00f3 Convenio Marco de Cooperaci\u00f3n Acad\u00e9mica para la Cotutela de Tesis Doctorales conducente al Doble T\u00edtulo de Doctor con la Universidad de Salamanca Diciembre 7, 2023 La Universidad de San Mart\u00edn de Porres firm\u00f3 el Convenio Marco de Cooperaci\u00f3n Acad\u00e9mica para la Cotutela de Tesis ... Leer m\u00e1s","og_url":"https:\/\/gobiernoygestionpublica.edu.pe\/iggp1\/07-12-2023\/","og_site_name":"Instituto de Gobierno y Gesti\u00f3n P\u00fablica","article_modified_time":"2025-07-10T21:06:50+00:00","twitter_card":"summary_large_image","twitter_misc":{"Tiempo de lectura":"4 minutos"},"schema":{"@context":"https:\/\/schema.org","@graph":[{"@type":"WebSite","@id":"https:\/\/gobiernoygestionpublica.edu.pe\/iggp1\/#website","url":"https:\/\/gobiernoygestionpublica.edu.pe\/iggp1\/","name":"Instituto de Gobierno y Gesti\u00f3n P\u00fablica","description":"Instituto de Gobierno y Gesti\u00f3n P\u00fablica","potentialAction":[{"@type":"SearchAction","target":{"@type":"EntryPoint","urlTemplate":"https:\/\/gobiernoygestionpublica.edu.pe\/iggp1\/?s={search_term_string}"},"query-input":"required name=search_term_string"}],"inLanguage":"es"},{"@type":"WebPage","@id":"https:\/\/gobiernoygestionpublica.edu.pe\/iggp1\/07-12-2023\/#webpage","url":"https:\/\/gobiernoygestionpublica.edu.pe\/iggp1\/07-12-2023\/","name":"Nota de prensa - Instituto de Gobierno y Gesti\u00f3n P\u00fablica","isPartOf":{"@id":"https:\/\/gobiernoygestionpublica.edu.pe\/iggp1\/#website"},"datePublished":"2025-07-02T21:00:37+00:00","dateModified":"2025-07-10T21:06:50+00:00","breadcrumb":{"@id":"https:\/\/gobiernoygestionpublica.edu.pe\/iggp1\/07-12-2023\/#breadcrumb"},"inLanguage":"es","potentialAction":[{"@type":"ReadAction","target":["https:\/\/gobiernoygestionpublica.edu.pe\/iggp1\/07-12-2023\/"]}]},{"@type":"BreadcrumbList","@id":"https:\/\/gobiernoygestionpublica.edu.pe\/iggp1\/07-12-2023\/#breadcrumb","itemListElement":[{"@type":"ListItem","position":1,"name":"Inicio","item":"https:\/\/gobiernoygestionpublica.edu.pe\/iggp1\/"},{"@type":"ListItem","position":2,"name":"Nota de prensa"}]}]}},"_links":{"self":[{"href":"https:\/\/gobiernoygestionpublica.edu.pe\/iggp1\/wp-json\/wp\/v2\/pages\/21184"}],"collection":[{"href":"https:\/\/gobiernoygestionpublica.edu.pe\/iggp1\/wp-json\/wp\/v2\/pages"}],"about":[{"href":"https:\/\/gobiernoygestionpublica.edu.pe\/iggp1\/wp-json\/wp\/v2\/types\/page"}],"author":[{"embeddable":true,"href":"https:\/\/gobiernoygestionpublica.edu.pe\/iggp1\/wp-json\/wp\/v2\/users\/9"}],"replies":[{"embeddable":true,"href":"https:\/\/gobiernoygestionpublica.edu.pe\/iggp1\/wp-json\/wp\/v2\/comments?post=21184"}],"version-history":[{"count":14,"href":"https:\/\/gobiernoygestionpublica.edu.pe\/iggp1\/wp-json\/wp\/v2\/pages\/21184\/revisions"}],"predecessor-version":[{"id":21242,"href":"https:\/\/gobiernoygestionpublica.edu.pe\/iggp1\/wp-json\/wp\/v2\/pages\/21184\/revisions\/21242"}],"wp:attachment":[{"href":"https:\/\/gobiernoygestionpublica.edu.pe\/iggp1\/wp-json\/wp\/v2\/media?parent=21184"}],"curies":[{"name":"wp","href":"https:\/\/api.w.org\/{rel}","templated":true}]}}